{"id":2701,"date":"2022-09-14T20:01:09","date_gmt":"2022-09-14T20:01:09","guid":{"rendered":"http:\/\/bonnettperu.net\/wp56\/?post_type=product&#038;p=2701"},"modified":"2022-11-14T16:04:20","modified_gmt":"2022-11-14T16:04:20","slug":"canaleta-flexible-emaux-200-x-26-mm-x-1-mts-modelo-de2520-88170312","status":"publish","type":"product","link":"https:\/\/bonnettperu.net\/wp56\/producto\/canaleta-flexible-emaux-200-x-26-mm-x-1-mts-modelo-de2520-88170312\/","title":{"rendered":"CANALETA  FLEXIBLE EMAUX (200 x 26 ) mm. X 1 Mts. MODELO DE2520 (88170312)"},"content":{"rendered":"","protected":false},"excerpt":{"rendered":"<p><a href=\"https:\/\/bonnettperu.net\/wp56\/wp-content\/uploads\/2022\/09\/FICHA-TECNICA_CANALETA_FLEXIBLE.pdf\">FICHA TECNICA_CANALETA_FLEXIBLE<\/a><\/p>\n<p><span class=\"selectable-text copyable-text\">Esta rejilla curvable se une a presi\u00f3n mediante una \u00fanica columna que permite la m\u00e1xima flexibilidad. Se puede adaptar f\u00e1cilmente a la mayor\u00eda de las formas de piscinas de forma libre. La superficie antideslizante y el soporte s\u00f3lido aumentan la seguridad y durabilidad de la rejilla.<\/span><\/p>\n","protected":false},"featured_media":4047,"comment_status":"open","ping_status":"closed","template":"","meta":{"_uag_custom_page_level_css":"","site-sidebar-layout":"default","site-content-layout":"default","ast-global-header-display":"","ast-banner-title-visibility":"","ast-main-header-display":"","ast-hfb-above-header-display":"","ast-hfb-below-header-display":"","ast-hfb-mobile-header-display":"","site-post-title":"","ast-breadcrumbs-content":"","ast-featured-img":"","footer-sml-layout":"","theme-transparent-header-meta":"default","adv-header-id-meta":"","stick-header-meta":"","header-above-stick-meta":"","header-main-stick-meta":"","header-below-stick-meta":""},"product_cat":[859,46,834],"product_tag":[],"uagb_featured_image_src":{"full":["https:\/\/bonnettperu.net\/wp56\/wp-content\/uploads\/2022\/09\/CANALETA-FLEXIBLE-EMAUX.jpeg",709,709,false],"thumbnail":["https:\/\/bonnettperu.net\/wp56\/wp-content\/uploads\/2022\/09\/CANALETA-FLEXIBLE-EMAUX-150x150.jpeg",150,150,true],"medium":["https:\/\/bonnettperu.net\/wp56\/wp-content\/uploads\/2022\/09\/CANALETA-FLEXIBLE-EMAUX-300x300.jpeg",300,300,true],"medium_large":["https:\/\/bonnettperu.net\/wp56\/wp-content\/uploads\/2022\/09\/CANALETA-FLEXIBLE-EMAUX.jpeg",709,709,false],"large":["https:\/\/bonnettperu.net\/wp56\/wp-content\/uploads\/2022\/09\/CANALETA-FLEXIBLE-EMAUX.jpeg",709,709,false],"gswps_product_thumb":["https:\/\/bonnettperu.net\/wp56\/wp-content\/uploads\/2022\/09\/CANALETA-FLEXIBLE-EMAUX-350x350.jpeg",350,350,true],"1536x1536":["https:\/\/bonnettperu.net\/wp56\/wp-content\/uploads\/2022\/09\/CANALETA-FLEXIBLE-EMAUX.jpeg",709,709,false],"2048x2048":["https:\/\/bonnettperu.net\/wp56\/wp-content\/uploads\/2022\/09\/CANALETA-FLEXIBLE-EMAUX.jpeg",709,709,false],"woocommerce_thumbnail":["https:\/\/bonnettperu.net\/wp56\/wp-content\/uploads\/2022\/09\/CANALETA-FLEXIBLE-EMAUX-300x300.jpeg",300,300,true],"woocommerce_single":["https:\/\/bonnettperu.net\/wp56\/wp-content\/uploads\/2022\/09\/CANALETA-FLEXIBLE-EMAUX-600x600.jpeg",600,600,true],"woocommerce_gallery_thumbnail":["https:\/\/bonnettperu.net\/wp56\/wp-content\/uploads\/2022\/09\/CANALETA-FLEXIBLE-EMAUX-100x100.jpeg",100,100,true],"dgwt-wcas-product-suggestion":["https:\/\/bonnettperu.net\/wp56\/wp-content\/uploads\/2022\/09\/CANALETA-FLEXIBLE-EMAUX.jpeg",64,64,false]},"uagb_author_info":{"display_name":"admin","author_link":"https:\/\/bonnettperu.net\/wp56\/author\/"},"uagb_comment_info":0,"uagb_excerpt":"FICHA TECNICA_CANALETA_FLEXIBLE Esta rejilla curvable se une a presi\u00f3n mediante una \u00fanica columna que permite la m\u00e1xima flexibilidad. Se puede adaptar f\u00e1cilmente a la mayor\u00eda de las formas de piscinas de forma libre. La superficie antideslizante y el soporte s\u00f3lido aumentan la seguridad y durabilidad de la rejilla.","_links":{"self":[{"href":"https:\/\/bonnettperu.net\/wp56\/wp-json\/wp\/v2\/product\/2701"}],"collection":[{"href":"https:\/\/bonnettperu.net\/wp56\/wp-json\/wp\/v2\/product"}],"about":[{"href":"https:\/\/bonnettperu.net\/wp56\/wp-json\/wp\/v2\/types\/product"}],"replies":[{"embeddable":true,"href":"https:\/\/bonnettperu.net\/wp56\/wp-json\/wp\/v2\/comments?post=2701"}],"wp:featuredmedia":[{"embeddable":true,"href":"https:\/\/bonnettperu.net\/wp56\/wp-json\/wp\/v2\/media\/4047"}],"wp:attachment":[{"href":"https:\/\/bonnettperu.net\/wp56\/wp-json\/wp\/v2\/media?parent=2701"}],"wp:term":[{"taxonomy":"product_cat","embeddable":true,"href":"https:\/\/bonnettperu.net\/wp56\/wp-json\/wp\/v2\/product_cat?post=2701"},{"taxonomy":"product_tag","embeddable":true,"href":"https:\/\/bonnettperu.net\/wp56\/wp-json\/wp\/v2\/product_tag?post=2701"}],"curies":[{"name":"wp","href":"https:\/\/api.w.org\/{rel}","templated":true}]}}