{"id":2695,"date":"2022-09-14T19:43:49","date_gmt":"2022-09-14T19:43:49","guid":{"rendered":"http:\/\/bonnettperu.net\/wp56\/?post_type=product&#038;p=2695"},"modified":"2022-11-14T16:08:12","modified_gmt":"2022-11-14T16:08:12","slug":"escalera-de-piscina-acero-inoxidable-de-2-pasos-emaux-mod-nsl215-s-88072601","status":"publish","type":"product","link":"https:\/\/bonnettperu.net\/wp56\/producto\/escalera-de-piscina-acero-inoxidable-de-2-pasos-emaux-mod-nsl215-s-88072601\/","title":{"rendered":"ESCALERA DE PISCINA ACERO INOXIDABLE DE 2 PASOS EMAUX MOD. NSL215-S (88072601)"},"content":{"rendered":"","protected":false},"excerpt":{"rendered":"<p>La escalera para piscina de Emaux tiene un elegante dise\u00f1o y brinda seguridad. Los pelda\u00f1os est\u00e1n disponibles en pl\u00e1stico y acero inoxidable.<\/p>\n","protected":false},"featured_media":2696,"comment_status":"open","ping_status":"closed","template":"","meta":{"_uag_custom_page_level_css":"","site-sidebar-layout":"default","site-content-layout":"default","ast-global-header-display":"","ast-banner-title-visibility":"","ast-main-header-display":"","ast-hfb-above-header-display":"","ast-hfb-below-header-display":"","ast-hfb-mobile-header-display":"","site-post-title":"","ast-breadcrumbs-content":"","ast-featured-img":"","footer-sml-layout":"","theme-transparent-header-meta":"default","adv-header-id-meta":"","stick-header-meta":"","header-above-stick-meta":"","header-main-stick-meta":"","header-below-stick-meta":""},"product_cat":[859,46,834],"product_tag":[],"uagb_featured_image_src":{"full":["https:\/\/bonnettperu.net\/wp56\/wp-content\/uploads\/2022\/09\/ESCALERA-EMAUX-NSL1.jpeg",380,380,false],"thumbnail":["https:\/\/bonnettperu.net\/wp56\/wp-content\/uploads\/2022\/09\/ESCALERA-EMAUX-NSL1-150x150.jpeg",150,150,true],"medium":["https:\/\/bonnettperu.net\/wp56\/wp-content\/uploads\/2022\/09\/ESCALERA-EMAUX-NSL1-300x300.jpeg",300,300,true],"medium_large":["https:\/\/bonnettperu.net\/wp56\/wp-content\/uploads\/2022\/09\/ESCALERA-EMAUX-NSL1.jpeg",380,380,false],"large":["https:\/\/bonnettperu.net\/wp56\/wp-content\/uploads\/2022\/09\/ESCALERA-EMAUX-NSL1.jpeg",380,380,false],"gswps_product_thumb":["https:\/\/bonnettperu.net\/wp56\/wp-content\/uploads\/2022\/09\/ESCALERA-EMAUX-NSL1.jpeg",350,350,false],"1536x1536":["https:\/\/bonnettperu.net\/wp56\/wp-content\/uploads\/2022\/09\/ESCALERA-EMAUX-NSL1.jpeg",380,380,false],"2048x2048":["https:\/\/bonnettperu.net\/wp56\/wp-content\/uploads\/2022\/09\/ESCALERA-EMAUX-NSL1.jpeg",380,380,false],"woocommerce_thumbnail":["https:\/\/bonnettperu.net\/wp56\/wp-content\/uploads\/2022\/09\/ESCALERA-EMAUX-NSL1-300x300.jpeg",300,300,true],"woocommerce_single":["https:\/\/bonnettperu.net\/wp56\/wp-content\/uploads\/2022\/09\/ESCALERA-EMAUX-NSL1.jpeg",380,380,false],"woocommerce_gallery_thumbnail":["https:\/\/bonnettperu.net\/wp56\/wp-content\/uploads\/2022\/09\/ESCALERA-EMAUX-NSL1-100x100.jpeg",100,100,true],"dgwt-wcas-product-suggestion":["https:\/\/bonnettperu.net\/wp56\/wp-content\/uploads\/2022\/09\/ESCALERA-EMAUX-NSL1-64x64.jpeg",64,64,true]},"uagb_author_info":{"display_name":"admin","author_link":"https:\/\/bonnettperu.net\/wp56\/author\/"},"uagb_comment_info":0,"uagb_excerpt":"La escalera para piscina de Emaux tiene un elegante dise\u00f1o y brinda seguridad. Los pelda\u00f1os est\u00e1n disponibles en pl\u00e1stico y acero inoxidable.","_links":{"self":[{"href":"https:\/\/bonnettperu.net\/wp56\/wp-json\/wp\/v2\/product\/2695"}],"collection":[{"href":"https:\/\/bonnettperu.net\/wp56\/wp-json\/wp\/v2\/product"}],"about":[{"href":"https:\/\/bonnettperu.net\/wp56\/wp-json\/wp\/v2\/types\/product"}],"replies":[{"embeddable":true,"href":"https:\/\/bonnettperu.net\/wp56\/wp-json\/wp\/v2\/comments?post=2695"}],"wp:featuredmedia":[{"embeddable":true,"href":"https:\/\/bonnettperu.net\/wp56\/wp-json\/wp\/v2\/media\/2696"}],"wp:attachment":[{"href":"https:\/\/bonnettperu.net\/wp56\/wp-json\/wp\/v2\/media?parent=2695"}],"wp:term":[{"taxonomy":"product_cat","embeddable":true,"href":"https:\/\/bonnettperu.net\/wp56\/wp-json\/wp\/v2\/product_cat?post=2695"},{"taxonomy":"product_tag","embeddable":true,"href":"https:\/\/bonnettperu.net\/wp56\/wp-json\/wp\/v2\/product_tag?post=2695"}],"curies":[{"name":"wp","href":"https:\/\/api.w.org\/{rel}","templated":true}]}}