{"id":2592,"date":"2022-09-14T14:16:21","date_gmt":"2022-09-14T14:16:21","guid":{"rendered":"http:\/\/bonnettperu.net\/wp56\/?post_type=product&#038;p=2592"},"modified":"2022-12-16T20:40:08","modified_gmt":"2022-12-16T20:40:08","slug":"clorinador-de-sal-marca-pentair-modelo-intellichlor-ic60-521105","status":"publish","type":"product","link":"https:\/\/bonnettperu.net\/wp56\/producto\/clorinador-de-sal-marca-pentair-modelo-intellichlor-ic60-521105\/","title":{"rendered":"GENERADOR AUTOM\u00c1TICO DE CLORO INTELLICHLOR PENTAIR IC-60"},"content":{"rendered":"<p><strong>Caracter\u00edsticas:<\/strong><\/p>\n<ul>\n<li><span>Capacidades de diagn\u00f3stico completas, incluido el seguimiento de la vida \u00fatil de la celda que comunica las horas restantes de vida \u00fatil de la celda en tiempo real<\/span><\/li>\n<li><span>La operaci\u00f3n con botones y las pantallas f\u00e1ciles de ver permiten una verificaci\u00f3n r\u00e1pida de los niveles de sal, la limpieza de la celda, la salida de desinfectante y el flujo de agua<\/span><\/li>\n<li><span>La funci\u00f3n de apagado autom\u00e1tico protege la unidad y prolonga la vida \u00fatil de la celda en condiciones de baja temperatura del agua<\/span><\/li>\n<li><span>El ciclo a tiempo evita la acumulaci\u00f3n de calcio y escamas para maximizar la vida celular<\/span><\/li>\n<li><span>Se comunica con los sistemas de automatizaci\u00f3n IntelliTouch\u00ae, EasyTouch\u00ae y SunTouch\u00ae<\/span><\/li>\n<\/ul>\n","protected":false},"excerpt":{"rendered":"<p><a href=\"https:\/\/bonnettperu.net\/wp56\/wp-content\/uploads\/2022\/09\/PE-3090_P1-068S_Span-Comm-IntlChlr-Chlorine-Gen-Sht_6-9.pdf\">FICHA T\u00c9CNICA PENTAIR GENERADOR AUTOM\u00c1TICO DE CLORO<\/a><\/p>\n<p><span>IntelliChlor utiliza sal com\u00fan de mesa para producir todo el cloro que necesita una piscina de manera segura, efectiva y autom\u00e1tica.\u00a0<\/span><span>Proporciona el mismo rendimiento de saneamiento que los aditivos de cloro fuertes sin los inconvenientes.\u00a0<\/span><span>No hay necesidad de comprar, manipular y almacenar productos qu\u00edmicos.<\/span><\/p>\n","protected":false},"featured_media":4264,"comment_status":"open","ping_status":"closed","template":"","meta":{"_uag_custom_page_level_css":"","site-sidebar-layout":"default","site-content-layout":"default","ast-global-header-display":"","ast-banner-title-visibility":"","ast-main-header-display":"","ast-hfb-above-header-display":"","ast-hfb-below-header-display":"","ast-hfb-mobile-header-display":"","site-post-title":"","ast-breadcrumbs-content":"","ast-featured-img":"","footer-sml-layout":"","theme-transparent-header-meta":"default","adv-header-id-meta":"","stick-header-meta":"","header-above-stick-meta":"","header-main-stick-meta":"","header-below-stick-meta":""},"product_cat":[42,857],"product_tag":[],"uagb_featured_image_src":{"full":["https:\/\/bonnettperu.net\/wp56\/wp-content\/uploads\/2022\/09\/1645559011012.jpg",1200,730,false],"thumbnail":["https:\/\/bonnettperu.net\/wp56\/wp-content\/uploads\/2022\/09\/1645559011012-150x150.jpg",150,150,true],"medium":["https:\/\/bonnettperu.net\/wp56\/wp-content\/uploads\/2022\/09\/1645559011012-300x183.jpg",300,183,true],"medium_large":["https:\/\/bonnettperu.net\/wp56\/wp-content\/uploads\/2022\/09\/1645559011012-768x467.jpg",768,467,true],"large":["https:\/\/bonnettperu.net\/wp56\/wp-content\/uploads\/2022\/09\/1645559011012-1024x623.jpg",1024,623,true],"gswps_product_thumb":["https:\/\/bonnettperu.net\/wp56\/wp-content\/uploads\/2022\/09\/1645559011012-350x213.jpg",350,213,true],"1536x1536":["https:\/\/bonnettperu.net\/wp56\/wp-content\/uploads\/2022\/09\/1645559011012.jpg",1200,730,false],"2048x2048":["https:\/\/bonnettperu.net\/wp56\/wp-content\/uploads\/2022\/09\/1645559011012.jpg",1200,730,false],"woocommerce_thumbnail":["https:\/\/bonnettperu.net\/wp56\/wp-content\/uploads\/2022\/09\/1645559011012-300x300.jpg",300,300,true],"woocommerce_single":["https:\/\/bonnettperu.net\/wp56\/wp-content\/uploads\/2022\/09\/1645559011012-600x365.jpg",600,365,true],"woocommerce_gallery_thumbnail":["https:\/\/bonnettperu.net\/wp56\/wp-content\/uploads\/2022\/09\/1645559011012-100x100.jpg",100,100,true],"dgwt-wcas-product-suggestion":["https:\/\/bonnettperu.net\/wp56\/wp-content\/uploads\/2022\/09\/1645559011012.jpg",64,39,false]},"uagb_author_info":{"display_name":"admin","author_link":"https:\/\/bonnettperu.net\/wp56\/author\/"},"uagb_comment_info":0,"uagb_excerpt":"FICHA T\u00c9CNICA PENTAIR GENERADOR AUTOM\u00c1TICO DE CLORO IntelliChlor utiliza sal com\u00fan de mesa para producir todo el cloro que necesita una piscina de manera segura, efectiva y autom\u00e1tica.\u00a0Proporciona el mismo rendimiento de saneamiento que los aditivos de cloro fuertes sin los inconvenientes.\u00a0No hay necesidad de comprar, manipular y almacenar productos qu\u00edmicos.","_links":{"self":[{"href":"https:\/\/bonnettperu.net\/wp56\/wp-json\/wp\/v2\/product\/2592"}],"collection":[{"href":"https:\/\/bonnettperu.net\/wp56\/wp-json\/wp\/v2\/product"}],"about":[{"href":"https:\/\/bonnettperu.net\/wp56\/wp-json\/wp\/v2\/types\/product"}],"replies":[{"embeddable":true,"href":"https:\/\/bonnettperu.net\/wp56\/wp-json\/wp\/v2\/comments?post=2592"}],"wp:featuredmedia":[{"embeddable":true,"href":"https:\/\/bonnettperu.net\/wp56\/wp-json\/wp\/v2\/media\/4264"}],"wp:attachment":[{"href":"https:\/\/bonnettperu.net\/wp56\/wp-json\/wp\/v2\/media?parent=2592"}],"wp:term":[{"taxonomy":"product_cat","embeddable":true,"href":"https:\/\/bonnettperu.net\/wp56\/wp-json\/wp\/v2\/product_cat?post=2592"},{"taxonomy":"product_tag","embeddable":true,"href":"https:\/\/bonnettperu.net\/wp56\/wp-json\/wp\/v2\/product_tag?post=2592"}],"curies":[{"name":"wp","href":"https:\/\/api.w.org\/{rel}","templated":true}]}}