{"id":2586,"date":"2022-09-14T03:03:06","date_gmt":"2022-09-14T03:03:06","guid":{"rendered":"http:\/\/bonnettperu.net\/wp56\/?post_type=product&#038;p=2586"},"modified":"2022-12-16T20:41:53","modified_gmt":"2022-12-16T20:41:53","slug":"clorinador-off-line-marca-pentair-modelo-300-r171016","status":"publish","type":"product","link":"https:\/\/bonnettperu.net\/wp56\/producto\/clorinador-off-line-marca-pentair-modelo-300-r171016\/","title":{"rendered":"CLORINADOR AUTOM\u00c1TICO FUERA DE L\u00cdNEA PENTAIR MODELO 300"},"content":{"rendered":"<p><strong>Caracter\u00edsticas:<\/strong><\/p>\n<ul>\n<li>Filtros de 300 y 320 disponibles en \u00e1mbar transparente<\/li>\n<li>Sistema completamente cerrado &#8211; no requiere ventilaci\u00f3n especial<\/li>\n<li>Sin escape de gases<\/li>\n<li>Presi\u00f3n m\u00e1xima de trabajo 50 PSI<\/li>\n<\/ul>\n","protected":false},"excerpt":{"rendered":"<p><a href=\"https:\/\/bonnettperu.net\/wp56\/wp-content\/uploads\/2022\/09\/Ficha-Tecnica_Clorinador_Rainbow_Pentair.pdf\">Ficha T\u00e9cnica_Clorinador_Rainbow_Pentair<\/a><\/p>\n<p>Los alimentadores de los modelos 300 y 320 de Pentair no s\u00f3lo ahorran tiempo, sino que reducen la manipulaci\u00f3n manual de los productos qu\u00edmicos.<\/p>\n<p>Utilizan pastillas grandes o peque\u00f1as de tricloro o bromo de disoluci\u00f3n lenta para que la desinfecci\u00f3n de su piscina o spa nuevo o piscina o spa nuevo o existente de forma f\u00e1cil y autom\u00e1tica. Ambos se instalan f\u00e1cilmente en el lado de presi\u00f3n de la bomba, aguas abajo del filtro y del calentador.<\/p>\n<p>El clorinador autom\u00e1tico en l\u00ednea es l\u00edder en rendimiento entre los dosificadores qu\u00edmicos para piscina y spa.<\/p>\n","protected":false},"featured_media":4312,"comment_status":"open","ping_status":"closed","template":"","meta":{"_uag_custom_page_level_css":"","site-sidebar-layout":"default","site-content-layout":"default","ast-global-header-display":"","ast-banner-title-visibility":"","ast-main-header-display":"","ast-hfb-above-header-display":"","ast-hfb-below-header-display":"","ast-hfb-mobile-header-display":"","site-post-title":"","ast-breadcrumbs-content":"","ast-featured-img":"","footer-sml-layout":"","theme-transparent-header-meta":"default","adv-header-id-meta":"","stick-header-meta":"","header-above-stick-meta":"","header-main-stick-meta":"","header-below-stick-meta":""},"product_cat":[42,857],"product_tag":[],"uagb_featured_image_src":{"full":["https:\/\/bonnettperu.net\/wp56\/wp-content\/uploads\/2022\/09\/CLORINADOR-EN-LINEA-PENTAIR-320-320C-300-HC-3330-3340.png",540,560,false],"thumbnail":["https:\/\/bonnettperu.net\/wp56\/wp-content\/uploads\/2022\/09\/CLORINADOR-EN-LINEA-PENTAIR-320-320C-300-HC-3330-3340-150x150.png",150,150,true],"medium":["https:\/\/bonnettperu.net\/wp56\/wp-content\/uploads\/2022\/09\/CLORINADOR-EN-LINEA-PENTAIR-320-320C-300-HC-3330-3340-289x300.png",289,300,true],"medium_large":["https:\/\/bonnettperu.net\/wp56\/wp-content\/uploads\/2022\/09\/CLORINADOR-EN-LINEA-PENTAIR-320-320C-300-HC-3330-3340.png",540,560,false],"large":["https:\/\/bonnettperu.net\/wp56\/wp-content\/uploads\/2022\/09\/CLORINADOR-EN-LINEA-PENTAIR-320-320C-300-HC-3330-3340.png",540,560,false],"gswps_product_thumb":["https:\/\/bonnettperu.net\/wp56\/wp-content\/uploads\/2022\/09\/CLORINADOR-EN-LINEA-PENTAIR-320-320C-300-HC-3330-3340-350x363.png",350,363,true],"1536x1536":["https:\/\/bonnettperu.net\/wp56\/wp-content\/uploads\/2022\/09\/CLORINADOR-EN-LINEA-PENTAIR-320-320C-300-HC-3330-3340.png",540,560,false],"2048x2048":["https:\/\/bonnettperu.net\/wp56\/wp-content\/uploads\/2022\/09\/CLORINADOR-EN-LINEA-PENTAIR-320-320C-300-HC-3330-3340.png",540,560,false],"woocommerce_thumbnail":["https:\/\/bonnettperu.net\/wp56\/wp-content\/uploads\/2022\/09\/CLORINADOR-EN-LINEA-PENTAIR-320-320C-300-HC-3330-3340-300x300.png",300,300,true],"woocommerce_single":["https:\/\/bonnettperu.net\/wp56\/wp-content\/uploads\/2022\/09\/CLORINADOR-EN-LINEA-PENTAIR-320-320C-300-HC-3330-3340.png",540,560,false],"woocommerce_gallery_thumbnail":["https:\/\/bonnettperu.net\/wp56\/wp-content\/uploads\/2022\/09\/CLORINADOR-EN-LINEA-PENTAIR-320-320C-300-HC-3330-3340-100x100.png",100,100,true],"dgwt-wcas-product-suggestion":["https:\/\/bonnettperu.net\/wp56\/wp-content\/uploads\/2022\/09\/CLORINADOR-EN-LINEA-PENTAIR-320-320C-300-HC-3330-3340.png",64,66,false]},"uagb_author_info":{"display_name":"admin","author_link":"https:\/\/bonnettperu.net\/wp56\/author\/"},"uagb_comment_info":0,"uagb_excerpt":"Ficha T\u00e9cnica_Clorinador_Rainbow_Pentair Los alimentadores de los modelos 300 y 320 de Pentair no s\u00f3lo ahorran tiempo, sino que reducen la manipulaci\u00f3n manual de los productos qu\u00edmicos. Utilizan pastillas grandes o peque\u00f1as de tricloro o bromo de disoluci\u00f3n lenta para que la desinfecci\u00f3n de su piscina o spa nuevo o piscina o spa nuevo o existente&hellip;","_links":{"self":[{"href":"https:\/\/bonnettperu.net\/wp56\/wp-json\/wp\/v2\/product\/2586"}],"collection":[{"href":"https:\/\/bonnettperu.net\/wp56\/wp-json\/wp\/v2\/product"}],"about":[{"href":"https:\/\/bonnettperu.net\/wp56\/wp-json\/wp\/v2\/types\/product"}],"replies":[{"embeddable":true,"href":"https:\/\/bonnettperu.net\/wp56\/wp-json\/wp\/v2\/comments?post=2586"}],"wp:featuredmedia":[{"embeddable":true,"href":"https:\/\/bonnettperu.net\/wp56\/wp-json\/wp\/v2\/media\/4312"}],"wp:attachment":[{"href":"https:\/\/bonnettperu.net\/wp56\/wp-json\/wp\/v2\/media?parent=2586"}],"wp:term":[{"taxonomy":"product_cat","embeddable":true,"href":"https:\/\/bonnettperu.net\/wp56\/wp-json\/wp\/v2\/product_cat?post=2586"},{"taxonomy":"product_tag","embeddable":true,"href":"https:\/\/bonnettperu.net\/wp56\/wp-json\/wp\/v2\/product_tag?post=2586"}],"curies":[{"name":"wp","href":"https:\/\/api.w.org\/{rel}","templated":true}]}}