{"id":2570,"date":"2022-09-13T22:13:29","date_gmt":"2022-09-13T22:13:29","guid":{"rendered":"http:\/\/bonnettperu.net\/wp56\/?post_type=product&#038;p=2570"},"modified":"2022-12-20T16:35:11","modified_gmt":"2022-12-20T16:35:11","slug":"clorador-salino-bsv-mod-bs-salt-15-g-h-n-bssalt-15","status":"publish","type":"product","link":"https:\/\/bonnettperu.net\/wp56\/producto\/clorador-salino-bsv-mod-bs-salt-15-g-h-n-bssalt-15\/","title":{"rendered":"CLORADOR SALINO BS POOL MODELO BS SALT 15 g\/h"},"content":{"rendered":"<p><strong>Caracter\u00edsticas:<\/strong><\/p>\n<ul>\n<li>Menor consumo el\u00e9ctrico<\/li>\n<li>Menor peso<\/li>\n<li>M\u00e1s protecci\u00f3n al grado de estanqueidad (IP65)<\/li>\n<li>Menor temperatura de trabajo<\/li>\n<li>M\u00e1s compacto, f\u00e1cilmente adaptable a cualquier caseta de instalaci\u00f3n<\/li>\n<li>Mayor rendimiento en la cloraci\u00f3n salina al trabajar con fuentes conmutadas de \u00faltima generaci\u00f3n<\/li>\n<li>Mayor durabilidad de la c\u00e9lula de electr\u00f3lisis<\/li>\n<li>Control por microprocesador interno, que nos determina las horas de funcionamiento del equipo<\/li>\n<\/ul>\n","protected":false},"excerpt":{"rendered":"<p><a href=\"https:\/\/bonnettperu.net\/wp56\/wp-content\/uploads\/2022\/09\/004_BSV_FICHA_NBSSALT_web.pdf\">FICHA T\u00c9CNICA BS POOL BSSALT<\/a><\/p>\n<p>Clorador salino compacto en caja IP65 con producciones de 10 a 35 gramos destinados para piscinas privadas.<\/p>\n","protected":false},"featured_media":3688,"comment_status":"open","ping_status":"closed","template":"","meta":{"_uag_custom_page_level_css":"","site-sidebar-layout":"default","site-content-layout":"default","ast-global-header-display":"","ast-banner-title-visibility":"","ast-main-header-display":"","ast-hfb-above-header-display":"","ast-hfb-below-header-display":"","ast-hfb-mobile-header-display":"","site-post-title":"","ast-breadcrumbs-content":"","ast-featured-img":"","footer-sml-layout":"","theme-transparent-header-meta":"default","adv-header-id-meta":"","stick-header-meta":"","header-above-stick-meta":"","header-main-stick-meta":"","header-below-stick-meta":""},"product_cat":[55,834,857],"product_tag":[],"uagb_featured_image_src":{"full":["https:\/\/bonnettperu.net\/wp56\/wp-content\/uploads\/2022\/09\/N-BSSALT.png",638,822,false],"thumbnail":["https:\/\/bonnettperu.net\/wp56\/wp-content\/uploads\/2022\/09\/N-BSSALT-150x150.png",150,150,true],"medium":["https:\/\/bonnettperu.net\/wp56\/wp-content\/uploads\/2022\/09\/N-BSSALT-233x300.png",233,300,true],"medium_large":["https:\/\/bonnettperu.net\/wp56\/wp-content\/uploads\/2022\/09\/N-BSSALT.png",638,822,false],"large":["https:\/\/bonnettperu.net\/wp56\/wp-content\/uploads\/2022\/09\/N-BSSALT.png",638,822,false],"gswps_product_thumb":["https:\/\/bonnettperu.net\/wp56\/wp-content\/uploads\/2022\/09\/N-BSSALT-350x451.png",350,451,true],"1536x1536":["https:\/\/bonnettperu.net\/wp56\/wp-content\/uploads\/2022\/09\/N-BSSALT.png",638,822,false],"2048x2048":["https:\/\/bonnettperu.net\/wp56\/wp-content\/uploads\/2022\/09\/N-BSSALT.png",638,822,false],"woocommerce_thumbnail":["https:\/\/bonnettperu.net\/wp56\/wp-content\/uploads\/2022\/09\/N-BSSALT-300x300.png",300,300,true],"woocommerce_single":["https:\/\/bonnettperu.net\/wp56\/wp-content\/uploads\/2022\/09\/N-BSSALT-600x773.png",600,773,true],"woocommerce_gallery_thumbnail":["https:\/\/bonnettperu.net\/wp56\/wp-content\/uploads\/2022\/09\/N-BSSALT-100x100.png",100,100,true],"dgwt-wcas-product-suggestion":["https:\/\/bonnettperu.net\/wp56\/wp-content\/uploads\/2022\/09\/N-BSSALT.png",64,82,false]},"uagb_author_info":{"display_name":"admin","author_link":"https:\/\/bonnettperu.net\/wp56\/author\/"},"uagb_comment_info":0,"uagb_excerpt":"FICHA T\u00c9CNICA BS POOL BSSALT Clorador salino compacto en caja IP65 con producciones de 10 a 35 gramos destinados para piscinas privadas.","_links":{"self":[{"href":"https:\/\/bonnettperu.net\/wp56\/wp-json\/wp\/v2\/product\/2570"}],"collection":[{"href":"https:\/\/bonnettperu.net\/wp56\/wp-json\/wp\/v2\/product"}],"about":[{"href":"https:\/\/bonnettperu.net\/wp56\/wp-json\/wp\/v2\/types\/product"}],"replies":[{"embeddable":true,"href":"https:\/\/bonnettperu.net\/wp56\/wp-json\/wp\/v2\/comments?post=2570"}],"wp:featuredmedia":[{"embeddable":true,"href":"https:\/\/bonnettperu.net\/wp56\/wp-json\/wp\/v2\/media\/3688"}],"wp:attachment":[{"href":"https:\/\/bonnettperu.net\/wp56\/wp-json\/wp\/v2\/media?parent=2570"}],"wp:term":[{"taxonomy":"product_cat","embeddable":true,"href":"https:\/\/bonnettperu.net\/wp56\/wp-json\/wp\/v2\/product_cat?post=2570"},{"taxonomy":"product_tag","embeddable":true,"href":"https:\/\/bonnettperu.net\/wp56\/wp-json\/wp\/v2\/product_tag?post=2570"}],"curies":[{"name":"wp","href":"https:\/\/api.w.org\/{rel}","templated":true}]}}