{"id":2561,"date":"2022-09-13T17:57:40","date_gmt":"2022-09-13T17:57:40","guid":{"rendered":"http:\/\/bonnettperu.net\/wp56\/?post_type=product&#038;p=2561"},"modified":"2022-12-20T14:20:43","modified_gmt":"2022-12-20T14:20:43","slug":"tubo-telescopico-pentair-mod-comercial-de-3-6-7-3-mt-812-24r191090","status":"publish","type":"product","link":"https:\/\/bonnettperu.net\/wp56\/producto\/tubo-telescopico-pentair-mod-comercial-de-3-6-7-3-mt-812-24r191090\/","title":{"rendered":"TUBO TELESC\u00d3PICO PENTAIR MODELO COMERCIAL DE 3.6 &#8211; 7.0 MT. (R191090)"},"content":{"rendered":"<p><strong>Caracter\u00edsticas:<\/strong><\/p>\n<div class=\"elementor-element elementor-element-44971ab4 elementor-widget elementor-widget-text-editor\" data-id=\"44971ab4\" data-element_type=\"widget\" data-settings=\"{&quot;ekit_we_effect_on&quot;:&quot;none&quot;}\" data-widget_type=\"text-editor.default\">\n<div class=\"elementor-widget-container\">\n<div class=\"elementor-text-editor elementor-clearfix\">\n<ul>\n<li><span><span>Construido con tubos de aluminio trefilado de alta calidad.\u00a0<\/span><\/span><\/li>\n<li><span><span>El tubo interior de 1-1\/8 in. OD est\u00e1 anodizado transparente y el tubo exterior de 1-1\/4 in. OD est\u00e1 anodizado en azul brillante.\u00a0<\/span><\/span><\/li>\n<li><span><span>Cada uno tiene una empu\u00f1adura de vinilo tipo bicicleta y est\u00e1 empaquetado en una funda protectora de polietileno.<\/span><\/span><\/li>\n<\/ul>\n<p>&nbsp;<\/p>\n<\/div>\n<\/div>\n<\/div>\n","protected":false},"excerpt":{"rendered":"<p><a href=\"https:\/\/bonnettperu.net\/wp56\/wp-content\/uploads\/2022\/09\/TUBO-TELESCOPICO.pdf\">FICHA T\u00c9CNICA PENTAIR TUBO TELESC\u00d3PICO<\/a><\/p>\n<p>El mantenimiento de rutina de la piscina lo ayudar\u00e1 a mantener su piscina limpia, reluciente y atractiva d\u00eda tras d\u00eda.\u00a0Tener a su disposici\u00f3n la colecci\u00f3n adecuada de productos y accesorios para el mantenimiento de la piscina ayuda a reducir las tareas de mantenimiento de la piscina, lo que le deja m\u00e1s tiempo para disfrutar de su piscina con familiares y amigos.\u00a0Su constructor lo ayudar\u00e1 a seleccionar los cepillos y los postes, los desnatadores manuales, los rastrillos y trampas para hojas y los term\u00f3metros para mantener su piscina reluciente y lista para usar.<\/p>\n","protected":false},"featured_media":4029,"comment_status":"open","ping_status":"closed","template":"","meta":{"_uag_custom_page_level_css":"","site-sidebar-layout":"default","site-content-layout":"default","ast-global-header-display":"","ast-banner-title-visibility":"","ast-main-header-display":"","ast-hfb-above-header-display":"","ast-hfb-below-header-display":"","ast-hfb-mobile-header-display":"","site-post-title":"","ast-breadcrumbs-content":"","ast-featured-img":"","footer-sml-layout":"","theme-transparent-header-meta":"default","adv-header-id-meta":"","stick-header-meta":"","header-above-stick-meta":"","header-main-stick-meta":"","header-below-stick-meta":""},"product_cat":[859,42],"product_tag":[],"uagb_featured_image_src":{"full":["https:\/\/bonnettperu.net\/wp56\/wp-content\/uploads\/2022\/09\/Poles-banner.png.thumb_.1280.1280.png",1064,680,false],"thumbnail":["https:\/\/bonnettperu.net\/wp56\/wp-content\/uploads\/2022\/09\/Poles-banner.png.thumb_.1280.1280-150x150.png",150,150,true],"medium":["https:\/\/bonnettperu.net\/wp56\/wp-content\/uploads\/2022\/09\/Poles-banner.png.thumb_.1280.1280-300x192.png",300,192,true],"medium_large":["https:\/\/bonnettperu.net\/wp56\/wp-content\/uploads\/2022\/09\/Poles-banner.png.thumb_.1280.1280-768x491.png",768,491,true],"large":["https:\/\/bonnettperu.net\/wp56\/wp-content\/uploads\/2022\/09\/Poles-banner.png.thumb_.1280.1280-1024x654.png",1024,654,true],"gswps_product_thumb":["https:\/\/bonnettperu.net\/wp56\/wp-content\/uploads\/2022\/09\/Poles-banner.png.thumb_.1280.1280-350x224.png",350,224,true],"1536x1536":["https:\/\/bonnettperu.net\/wp56\/wp-content\/uploads\/2022\/09\/Poles-banner.png.thumb_.1280.1280.png",1064,680,false],"2048x2048":["https:\/\/bonnettperu.net\/wp56\/wp-content\/uploads\/2022\/09\/Poles-banner.png.thumb_.1280.1280.png",1064,680,false],"woocommerce_thumbnail":["https:\/\/bonnettperu.net\/wp56\/wp-content\/uploads\/2022\/09\/Poles-banner.png.thumb_.1280.1280-300x300.png",300,300,true],"woocommerce_single":["https:\/\/bonnettperu.net\/wp56\/wp-content\/uploads\/2022\/09\/Poles-banner.png.thumb_.1280.1280-600x383.png",600,383,true],"woocommerce_gallery_thumbnail":["https:\/\/bonnettperu.net\/wp56\/wp-content\/uploads\/2022\/09\/Poles-banner.png.thumb_.1280.1280-100x100.png",100,100,true],"dgwt-wcas-product-suggestion":["https:\/\/bonnettperu.net\/wp56\/wp-content\/uploads\/2022\/09\/Poles-banner.png.thumb_.1280.1280.png",64,41,false]},"uagb_author_info":{"display_name":"admin","author_link":"https:\/\/bonnettperu.net\/wp56\/author\/"},"uagb_comment_info":0,"uagb_excerpt":"FICHA T\u00c9CNICA PENTAIR TUBO TELESC\u00d3PICO El mantenimiento de rutina de la piscina lo ayudar\u00e1 a mantener su piscina limpia, reluciente y atractiva d\u00eda tras d\u00eda.\u00a0Tener a su disposici\u00f3n la colecci\u00f3n adecuada de productos y accesorios para el mantenimiento de la piscina ayuda a reducir las tareas de mantenimiento de la piscina, lo que le deja&hellip;","_links":{"self":[{"href":"https:\/\/bonnettperu.net\/wp56\/wp-json\/wp\/v2\/product\/2561"}],"collection":[{"href":"https:\/\/bonnettperu.net\/wp56\/wp-json\/wp\/v2\/product"}],"about":[{"href":"https:\/\/bonnettperu.net\/wp56\/wp-json\/wp\/v2\/types\/product"}],"replies":[{"embeddable":true,"href":"https:\/\/bonnettperu.net\/wp56\/wp-json\/wp\/v2\/comments?post=2561"}],"wp:featuredmedia":[{"embeddable":true,"href":"https:\/\/bonnettperu.net\/wp56\/wp-json\/wp\/v2\/media\/4029"}],"wp:attachment":[{"href":"https:\/\/bonnettperu.net\/wp56\/wp-json\/wp\/v2\/media?parent=2561"}],"wp:term":[{"taxonomy":"product_cat","embeddable":true,"href":"https:\/\/bonnettperu.net\/wp56\/wp-json\/wp\/v2\/product_cat?post=2561"},{"taxonomy":"product_tag","embeddable":true,"href":"https:\/\/bonnettperu.net\/wp56\/wp-json\/wp\/v2\/product_tag?post=2561"}],"curies":[{"name":"wp","href":"https:\/\/api.w.org\/{rel}","templated":true}]}}