{"id":2551,"date":"2022-09-13T17:40:06","date_gmt":"2022-09-13T17:40:06","guid":{"rendered":"http:\/\/bonnettperu.net\/wp56\/?post_type=product&#038;p=2551"},"modified":"2022-12-20T14:22:07","modified_gmt":"2022-12-20T14:22:07","slug":"recogedor-de-hojas-c-mango-aluminio-p-piscina-pentair-119-r121026","status":"publish","type":"product","link":"https:\/\/bonnettperu.net\/wp56\/producto\/recogedor-de-hojas-c-mango-aluminio-p-piscina-pentair-119-r121026\/","title":{"rendered":"RECOGEDOR DE HOJAS CON MANGO DE ALUMINIO PENTAIR #119 (R121026)"},"content":{"rendered":"<p>Caracter\u00edsticas:<\/p>\n<ul>\n<li>Mango de Aluminio reforzado en color azul.<\/li>\n<li>Mide 24-1\/2 pulg. de largo por 29\/50 pulg. de alto por 1-1\/4 pulg. de ancho.<\/li>\n<\/ul>\n<p>&nbsp;<\/p>\n","protected":false},"excerpt":{"rendered":"<p><a href=\"https:\/\/bonnettperu.net\/wp56\/wp-content\/uploads\/2022\/09\/maintenance-equipment-accessories-brochure-english-3-2.pdf\">FICHA T\u00c9CNICA PENTAIR RECOGEDOR DE HOJAS<\/a><\/p>\n<p>Los mangos que se adaptan a presi\u00f3n permiten su uso con la mayor\u00eda de los bastones. Limpieza de la Piscina: Sacar la suciedad del agua y del fondo de la piscina.<\/p>\n","protected":false},"featured_media":4328,"comment_status":"open","ping_status":"closed","template":"","meta":{"_uag_custom_page_level_css":"","site-sidebar-layout":"default","site-content-layout":"default","ast-global-header-display":"","ast-banner-title-visibility":"","ast-main-header-display":"","ast-hfb-above-header-display":"","ast-hfb-below-header-display":"","ast-hfb-mobile-header-display":"","site-post-title":"","ast-breadcrumbs-content":"","ast-featured-img":"","footer-sml-layout":"","theme-transparent-header-meta":"default","adv-header-id-meta":"","stick-header-meta":"","header-above-stick-meta":"","header-main-stick-meta":"","header-below-stick-meta":""},"product_cat":[859,42],"product_tag":[],"uagb_featured_image_src":{"full":["https:\/\/bonnettperu.net\/wp56\/wp-content\/uploads\/2022\/09\/RECOGEDOR-DE-HOJAS-PENTAIR-119-MANGO-DE-ALUMINIO-R121026-1.png",675,629,false],"thumbnail":["https:\/\/bonnettperu.net\/wp56\/wp-content\/uploads\/2022\/09\/RECOGEDOR-DE-HOJAS-PENTAIR-119-MANGO-DE-ALUMINIO-R121026-1-150x150.png",150,150,true],"medium":["https:\/\/bonnettperu.net\/wp56\/wp-content\/uploads\/2022\/09\/RECOGEDOR-DE-HOJAS-PENTAIR-119-MANGO-DE-ALUMINIO-R121026-1-300x280.png",300,280,true],"medium_large":["https:\/\/bonnettperu.net\/wp56\/wp-content\/uploads\/2022\/09\/RECOGEDOR-DE-HOJAS-PENTAIR-119-MANGO-DE-ALUMINIO-R121026-1.png",675,629,false],"large":["https:\/\/bonnettperu.net\/wp56\/wp-content\/uploads\/2022\/09\/RECOGEDOR-DE-HOJAS-PENTAIR-119-MANGO-DE-ALUMINIO-R121026-1.png",675,629,false],"gswps_product_thumb":["https:\/\/bonnettperu.net\/wp56\/wp-content\/uploads\/2022\/09\/RECOGEDOR-DE-HOJAS-PENTAIR-119-MANGO-DE-ALUMINIO-R121026-1-350x326.png",350,326,true],"1536x1536":["https:\/\/bonnettperu.net\/wp56\/wp-content\/uploads\/2022\/09\/RECOGEDOR-DE-HOJAS-PENTAIR-119-MANGO-DE-ALUMINIO-R121026-1.png",675,629,false],"2048x2048":["https:\/\/bonnettperu.net\/wp56\/wp-content\/uploads\/2022\/09\/RECOGEDOR-DE-HOJAS-PENTAIR-119-MANGO-DE-ALUMINIO-R121026-1.png",675,629,false],"woocommerce_thumbnail":["https:\/\/bonnettperu.net\/wp56\/wp-content\/uploads\/2022\/09\/RECOGEDOR-DE-HOJAS-PENTAIR-119-MANGO-DE-ALUMINIO-R121026-1-300x300.png",300,300,true],"woocommerce_single":["https:\/\/bonnettperu.net\/wp56\/wp-content\/uploads\/2022\/09\/RECOGEDOR-DE-HOJAS-PENTAIR-119-MANGO-DE-ALUMINIO-R121026-1-600x559.png",600,559,true],"woocommerce_gallery_thumbnail":["https:\/\/bonnettperu.net\/wp56\/wp-content\/uploads\/2022\/09\/RECOGEDOR-DE-HOJAS-PENTAIR-119-MANGO-DE-ALUMINIO-R121026-1-100x100.png",100,100,true],"dgwt-wcas-product-suggestion":["https:\/\/bonnettperu.net\/wp56\/wp-content\/uploads\/2022\/09\/RECOGEDOR-DE-HOJAS-PENTAIR-119-MANGO-DE-ALUMINIO-R121026-1.png",64,60,false]},"uagb_author_info":{"display_name":"admin","author_link":"https:\/\/bonnettperu.net\/wp56\/author\/"},"uagb_comment_info":0,"uagb_excerpt":"FICHA T\u00c9CNICA PENTAIR RECOGEDOR DE HOJAS Los mangos que se adaptan a presi\u00f3n permiten su uso con la mayor\u00eda de los bastones. Limpieza de la Piscina: Sacar la suciedad del agua y del fondo de la piscina.","_links":{"self":[{"href":"https:\/\/bonnettperu.net\/wp56\/wp-json\/wp\/v2\/product\/2551"}],"collection":[{"href":"https:\/\/bonnettperu.net\/wp56\/wp-json\/wp\/v2\/product"}],"about":[{"href":"https:\/\/bonnettperu.net\/wp56\/wp-json\/wp\/v2\/types\/product"}],"replies":[{"embeddable":true,"href":"https:\/\/bonnettperu.net\/wp56\/wp-json\/wp\/v2\/comments?post=2551"}],"wp:featuredmedia":[{"embeddable":true,"href":"https:\/\/bonnettperu.net\/wp56\/wp-json\/wp\/v2\/media\/4328"}],"wp:attachment":[{"href":"https:\/\/bonnettperu.net\/wp56\/wp-json\/wp\/v2\/media?parent=2551"}],"wp:term":[{"taxonomy":"product_cat","embeddable":true,"href":"https:\/\/bonnettperu.net\/wp56\/wp-json\/wp\/v2\/product_cat?post=2551"},{"taxonomy":"product_tag","embeddable":true,"href":"https:\/\/bonnettperu.net\/wp56\/wp-json\/wp\/v2\/product_tag?post=2551"}],"curies":[{"name":"wp","href":"https:\/\/api.w.org\/{rel}","templated":true}]}}