{"id":2548,"date":"2022-09-13T17:53:16","date_gmt":"2022-09-13T17:53:16","guid":{"rendered":"http:\/\/bonnettperu.net\/wp56\/?post_type=product&#038;p=2548"},"modified":"2023-06-02T16:51:25","modified_gmt":"2023-06-02T16:51:25","slug":"electrobomba-multietapica-centrifuga-pedrollo-modelo-3cp-0-6-h-p-3-rodetes-80","status":"publish","type":"product","link":"https:\/\/bonnettperu.net\/wp56\/producto\/electrobomba-multietapica-centrifuga-pedrollo-modelo-3cp-0-6-h-p-3-rodetes-80\/","title":{"rendered":"ELECTROBOMBA MULTIET\u00c1PICA CENTR\u00cdFUGA PEDROLLO 3CP 80"},"content":{"rendered":"<p>Caracter\u00edsticas:<\/p>\n<ul>\n<li>Monof\u00e1sica<\/li>\n<li>0.6 h.p.<\/li>\n<li>Recomendadas para bombear agua limpia, sin part\u00edculas abrasivas y l\u00edquidos qu\u00edmicamente no agresivos con los materiales que constituyen la bomba.<\/li>\n<li>La instalaci\u00f3n se debe realizar en lugares cerrados o protegidos de la intemperie.<\/li>\n<\/ul>\n","protected":false},"excerpt":{"rendered":"<p><a href=\"https:\/\/grupobonnett.com\/wp-content\/uploads\/2022\/09\/PEDROLLO_2-5CP_ES_60Hz-3.pdf\">FICHA TECNICA_PEDROLLO_2-5CP_ES_60Hz (3)<\/a><\/p>\n<p>La electrobomba 3CP distribuye el agua acoplada a peque\u00f1os o medianos tanques de presurizaci\u00f3n, para la irrigaci\u00f3n de huertos o jardines, etc.<\/p>\n","protected":false},"featured_media":5497,"comment_status":"open","ping_status":"closed","template":"","meta":{"_uag_custom_page_level_css":"","site-sidebar-layout":"default","site-content-layout":"default","ast-global-header-display":"","ast-banner-title-visibility":"","ast-main-header-display":"","ast-hfb-above-header-display":"","ast-hfb-below-header-display":"","ast-hfb-mobile-header-display":"","site-post-title":"","ast-breadcrumbs-content":"","ast-featured-img":"","footer-sml-layout":"","theme-transparent-header-meta":"default","adv-header-id-meta":"","stick-header-meta":"","header-above-stick-meta":"","header-main-stick-meta":"","header-below-stick-meta":""},"product_cat":[842,832,36,827],"product_tag":[],"uagb_featured_image_src":{"full":["https:\/\/bonnettperu.net\/wp56\/wp-content\/uploads\/2023\/06\/3CP.png",600,600,false],"thumbnail":["https:\/\/bonnettperu.net\/wp56\/wp-content\/uploads\/2023\/06\/3CP-150x150.png",150,150,true],"medium":["https:\/\/bonnettperu.net\/wp56\/wp-content\/uploads\/2023\/06\/3CP-300x300.png",300,300,true],"medium_large":["https:\/\/bonnettperu.net\/wp56\/wp-content\/uploads\/2023\/06\/3CP.png",600,600,false],"large":["https:\/\/bonnettperu.net\/wp56\/wp-content\/uploads\/2023\/06\/3CP.png",600,600,false],"gswps_product_thumb":["https:\/\/bonnettperu.net\/wp56\/wp-content\/uploads\/2023\/06\/3CP-350x350.png",350,350,true],"1536x1536":["https:\/\/bonnettperu.net\/wp56\/wp-content\/uploads\/2023\/06\/3CP.png",600,600,false],"2048x2048":["https:\/\/bonnettperu.net\/wp56\/wp-content\/uploads\/2023\/06\/3CP.png",600,600,false],"woocommerce_thumbnail":["https:\/\/bonnettperu.net\/wp56\/wp-content\/uploads\/2023\/06\/3CP-300x300.png",300,300,true],"woocommerce_single":["https:\/\/bonnettperu.net\/wp56\/wp-content\/uploads\/2023\/06\/3CP.png",600,600,false],"woocommerce_gallery_thumbnail":["https:\/\/bonnettperu.net\/wp56\/wp-content\/uploads\/2023\/06\/3CP-100x100.png",100,100,true],"dgwt-wcas-product-suggestion":["https:\/\/bonnettperu.net\/wp56\/wp-content\/uploads\/2023\/06\/3CP-64x64.png",64,64,true]},"uagb_author_info":{"display_name":"admin","author_link":"https:\/\/bonnettperu.net\/wp56\/author\/"},"uagb_comment_info":0,"uagb_excerpt":"FICHA TECNICA_PEDROLLO_2-5CP_ES_60Hz (3) La electrobomba 3CP distribuye el agua acoplada a peque\u00f1os o medianos tanques de presurizaci\u00f3n, para la irrigaci\u00f3n de huertos o jardines, etc.","_links":{"self":[{"href":"https:\/\/bonnettperu.net\/wp56\/wp-json\/wp\/v2\/product\/2548"}],"collection":[{"href":"https:\/\/bonnettperu.net\/wp56\/wp-json\/wp\/v2\/product"}],"about":[{"href":"https:\/\/bonnettperu.net\/wp56\/wp-json\/wp\/v2\/types\/product"}],"replies":[{"embeddable":true,"href":"https:\/\/bonnettperu.net\/wp56\/wp-json\/wp\/v2\/comments?post=2548"}],"wp:featuredmedia":[{"embeddable":true,"href":"https:\/\/bonnettperu.net\/wp56\/wp-json\/wp\/v2\/media\/5497"}],"wp:attachment":[{"href":"https:\/\/bonnettperu.net\/wp56\/wp-json\/wp\/v2\/media?parent=2548"}],"wp:term":[{"taxonomy":"product_cat","embeddable":true,"href":"https:\/\/bonnettperu.net\/wp56\/wp-json\/wp\/v2\/product_cat?post=2548"},{"taxonomy":"product_tag","embeddable":true,"href":"https:\/\/bonnettperu.net\/wp56\/wp-json\/wp\/v2\/product_tag?post=2548"}],"curies":[{"name":"wp","href":"https:\/\/api.w.org\/{rel}","templated":true}]}}