{"id":2502,"date":"2022-09-13T14:45:38","date_gmt":"2022-09-13T14:45:38","guid":{"rendered":"http:\/\/bonnettperu.net\/wp56\/?post_type=product&#038;p=2502"},"modified":"2022-12-20T14:23:20","modified_gmt":"2022-12-20T14:23:20","slug":"rejilla-de-drenaje-8-pentair-con-aro-largo-blanco-500108","status":"publish","type":"product","link":"https:\/\/bonnettperu.net\/wp56\/producto\/rejilla-de-drenaje-8-pentair-con-aro-largo-blanco-500108\/","title":{"rendered":"REJILLA DE DRENAJE  8&#8243; PENTAIR CON ARO LARGO BLANCO (500108)"},"content":{"rendered":"<p>Caracter\u00edsticas:<\/p>\n<ul>\n<li>Seg\u00fan Norma UNE 13451-1, en piscinas colectivas, es necesario:<br \/>\n\u2013 Velocidad de paso de 0,5 m\/seg<br \/>\n\u2013 Velocidad m\u00e1x. de aspiraci\u00f3n en tuber\u00eda de 1,5 m\/seg<br \/>\n\u2013 Distancia m\u00ednima entre sumideros: &gt;2 m<br \/>\n\u2013 Fabricado en material ABS blanco.<\/li>\n<\/ul>\n","protected":false},"excerpt":{"rendered":"<p>Todos los sumideros de la gama en pl\u00e1stico se suministran con tratamiento UV en la rejilla.<\/p>\n<p>&nbsp;<\/p>\n","protected":false},"featured_media":4276,"comment_status":"open","ping_status":"closed","template":"","meta":{"_uag_custom_page_level_css":"","site-sidebar-layout":"default","site-content-layout":"default","ast-global-header-display":"","ast-banner-title-visibility":"","ast-main-header-display":"","ast-hfb-above-header-display":"","ast-hfb-below-header-display":"","ast-hfb-mobile-header-display":"","site-post-title":"","ast-breadcrumbs-content":"","ast-featured-img":"","footer-sml-layout":"","theme-transparent-header-meta":"default","adv-header-id-meta":"","stick-header-meta":"","header-above-stick-meta":"","header-main-stick-meta":"","header-below-stick-meta":""},"product_cat":[859,42],"product_tag":[],"uagb_featured_image_src":{"full":["https:\/\/bonnettperu.net\/wp56\/wp-content\/uploads\/2022\/09\/REJILLA-DE-FONDO-8-PULGADAS.png",540,560,false],"thumbnail":["https:\/\/bonnettperu.net\/wp56\/wp-content\/uploads\/2022\/09\/REJILLA-DE-FONDO-8-PULGADAS-150x150.png",150,150,true],"medium":["https:\/\/bonnettperu.net\/wp56\/wp-content\/uploads\/2022\/09\/REJILLA-DE-FONDO-8-PULGADAS-289x300.png",289,300,true],"medium_large":["https:\/\/bonnettperu.net\/wp56\/wp-content\/uploads\/2022\/09\/REJILLA-DE-FONDO-8-PULGADAS.png",540,560,false],"large":["https:\/\/bonnettperu.net\/wp56\/wp-content\/uploads\/2022\/09\/REJILLA-DE-FONDO-8-PULGADAS.png",540,560,false],"gswps_product_thumb":["https:\/\/bonnettperu.net\/wp56\/wp-content\/uploads\/2022\/09\/REJILLA-DE-FONDO-8-PULGADAS-350x363.png",350,363,true],"1536x1536":["https:\/\/bonnettperu.net\/wp56\/wp-content\/uploads\/2022\/09\/REJILLA-DE-FONDO-8-PULGADAS.png",540,560,false],"2048x2048":["https:\/\/bonnettperu.net\/wp56\/wp-content\/uploads\/2022\/09\/REJILLA-DE-FONDO-8-PULGADAS.png",540,560,false],"woocommerce_thumbnail":["https:\/\/bonnettperu.net\/wp56\/wp-content\/uploads\/2022\/09\/REJILLA-DE-FONDO-8-PULGADAS-300x300.png",300,300,true],"woocommerce_single":["https:\/\/bonnettperu.net\/wp56\/wp-content\/uploads\/2022\/09\/REJILLA-DE-FONDO-8-PULGADAS.png",540,560,false],"woocommerce_gallery_thumbnail":["https:\/\/bonnettperu.net\/wp56\/wp-content\/uploads\/2022\/09\/REJILLA-DE-FONDO-8-PULGADAS-100x100.png",100,100,true],"dgwt-wcas-product-suggestion":["https:\/\/bonnettperu.net\/wp56\/wp-content\/uploads\/2022\/09\/REJILLA-DE-FONDO-8-PULGADAS.png",64,66,false]},"uagb_author_info":{"display_name":"admin","author_link":"https:\/\/bonnettperu.net\/wp56\/author\/"},"uagb_comment_info":0,"uagb_excerpt":"Todos los sumideros de la gama en pl\u00e1stico se suministran con tratamiento UV en la rejilla. &nbsp;","_links":{"self":[{"href":"https:\/\/bonnettperu.net\/wp56\/wp-json\/wp\/v2\/product\/2502"}],"collection":[{"href":"https:\/\/bonnettperu.net\/wp56\/wp-json\/wp\/v2\/product"}],"about":[{"href":"https:\/\/bonnettperu.net\/wp56\/wp-json\/wp\/v2\/types\/product"}],"replies":[{"embeddable":true,"href":"https:\/\/bonnettperu.net\/wp56\/wp-json\/wp\/v2\/comments?post=2502"}],"wp:featuredmedia":[{"embeddable":true,"href":"https:\/\/bonnettperu.net\/wp56\/wp-json\/wp\/v2\/media\/4276"}],"wp:attachment":[{"href":"https:\/\/bonnettperu.net\/wp56\/wp-json\/wp\/v2\/media?parent=2502"}],"wp:term":[{"taxonomy":"product_cat","embeddable":true,"href":"https:\/\/bonnettperu.net\/wp56\/wp-json\/wp\/v2\/product_cat?post=2502"},{"taxonomy":"product_tag","embeddable":true,"href":"https:\/\/bonnettperu.net\/wp56\/wp-json\/wp\/v2\/product_tag?post=2502"}],"curies":[{"name":"wp","href":"https:\/\/api.w.org\/{rel}","templated":true}]}}