{"id":2483,"date":"2022-09-13T14:31:57","date_gmt":"2022-09-13T14:31:57","guid":{"rendered":"http:\/\/bonnettperu.net\/wp56\/?post_type=product&#038;p=2483"},"modified":"2022-12-20T14:23:35","modified_gmt":"2022-12-20T14:23:35","slug":"desnatador-de-8-marca-pentair-modelo-s15fw-84900300","status":"publish","type":"product","link":"https:\/\/bonnettperu.net\/wp56\/producto\/desnatador-de-8-marca-pentair-modelo-s15fw-84900300\/","title":{"rendered":"DESNATADOR PARA CONCRETO DE 8&#8243; PENTAIR MODELO S15"},"content":{"rendered":"<p><strong>Caracter\u00edsticas:<\/strong><\/p>\n<ul>\n<li>Modelo por inyecci\u00f3n y fabricado con material ABS resistente a los rayos UV;<\/li>\n<li>El material reforzado proporciona la m\u00e1xima resistencia y durabilidad para todos.<\/li>\n<li>Configuraciones ABS o PVC<\/li>\n<li>Puertos deslizantes o roscados de 1-1\/2 pulg. o 2 pulg.<\/li>\n<li>V\u00e1lvula ecualizadora opcional<\/li>\n<\/ul>\n","protected":false},"excerpt":{"rendered":"<p><span>Los skimmers Admiral\u2122 S15 ofrecen una variedad de bases y gargantas para una amplia variedad de requisitos, configuraciones y materiales de plomer\u00eda y construcci\u00f3n.\u00a0<\/span><span>Estos skimmers tienen una tapa de bloqueo exclusiva que se puede personalizar con discos de logotipo personalizado.\u00a0<\/span><span>Los desnatadores S15 est\u00e1n moldeados por inyecci\u00f3n de ABS de alta resistencia y est\u00e1n disponibles con un vertedero de solapa para una acci\u00f3n de desnatado superior.<\/span><\/p>\n","protected":false},"featured_media":4172,"comment_status":"open","ping_status":"closed","template":"","meta":{"_uag_custom_page_level_css":"","site-sidebar-layout":"default","site-content-layout":"default","ast-global-header-display":"","ast-banner-title-visibility":"","ast-main-header-display":"","ast-hfb-above-header-display":"","ast-hfb-below-header-display":"","ast-hfb-mobile-header-display":"","site-post-title":"","ast-breadcrumbs-content":"","ast-featured-img":"","footer-sml-layout":"","theme-transparent-header-meta":"default","adv-header-id-meta":"","stick-header-meta":"","header-above-stick-meta":"","header-main-stick-meta":"","header-below-stick-meta":""},"product_cat":[859,42],"product_tag":[],"uagb_featured_image_src":{"full":["https:\/\/bonnettperu.net\/wp56\/wp-content\/uploads\/2022\/09\/BermudaGuniteSkimmer-banner.png.thumb_.1280.1280.png",1064,680,false],"thumbnail":["https:\/\/bonnettperu.net\/wp56\/wp-content\/uploads\/2022\/09\/BermudaGuniteSkimmer-banner.png.thumb_.1280.1280-150x150.png",150,150,true],"medium":["https:\/\/bonnettperu.net\/wp56\/wp-content\/uploads\/2022\/09\/BermudaGuniteSkimmer-banner.png.thumb_.1280.1280-300x192.png",300,192,true],"medium_large":["https:\/\/bonnettperu.net\/wp56\/wp-content\/uploads\/2022\/09\/BermudaGuniteSkimmer-banner.png.thumb_.1280.1280-768x491.png",768,491,true],"large":["https:\/\/bonnettperu.net\/wp56\/wp-content\/uploads\/2022\/09\/BermudaGuniteSkimmer-banner.png.thumb_.1280.1280-1024x654.png",1024,654,true],"gswps_product_thumb":["https:\/\/bonnettperu.net\/wp56\/wp-content\/uploads\/2022\/09\/BermudaGuniteSkimmer-banner.png.thumb_.1280.1280-350x224.png",350,224,true],"1536x1536":["https:\/\/bonnettperu.net\/wp56\/wp-content\/uploads\/2022\/09\/BermudaGuniteSkimmer-banner.png.thumb_.1280.1280.png",1064,680,false],"2048x2048":["https:\/\/bonnettperu.net\/wp56\/wp-content\/uploads\/2022\/09\/BermudaGuniteSkimmer-banner.png.thumb_.1280.1280.png",1064,680,false],"woocommerce_thumbnail":["https:\/\/bonnettperu.net\/wp56\/wp-content\/uploads\/2022\/09\/BermudaGuniteSkimmer-banner.png.thumb_.1280.1280-300x300.png",300,300,true],"woocommerce_single":["https:\/\/bonnettperu.net\/wp56\/wp-content\/uploads\/2022\/09\/BermudaGuniteSkimmer-banner.png.thumb_.1280.1280-600x383.png",600,383,true],"woocommerce_gallery_thumbnail":["https:\/\/bonnettperu.net\/wp56\/wp-content\/uploads\/2022\/09\/BermudaGuniteSkimmer-banner.png.thumb_.1280.1280-100x100.png",100,100,true],"dgwt-wcas-product-suggestion":["https:\/\/bonnettperu.net\/wp56\/wp-content\/uploads\/2022\/09\/BermudaGuniteSkimmer-banner.png.thumb_.1280.1280.png",64,41,false]},"uagb_author_info":{"display_name":"admin","author_link":"https:\/\/bonnettperu.net\/wp56\/author\/"},"uagb_comment_info":0,"uagb_excerpt":"Los skimmers Admiral\u2122 S15 ofrecen una variedad de bases y gargantas para una amplia variedad de requisitos, configuraciones y materiales de plomer\u00eda y construcci\u00f3n.\u00a0Estos skimmers tienen una tapa de bloqueo exclusiva que se puede personalizar con discos de logotipo personalizado.\u00a0Los desnatadores S15 est\u00e1n moldeados por inyecci\u00f3n de ABS de alta resistencia y est\u00e1n disponibles con&hellip;","_links":{"self":[{"href":"https:\/\/bonnettperu.net\/wp56\/wp-json\/wp\/v2\/product\/2483"}],"collection":[{"href":"https:\/\/bonnettperu.net\/wp56\/wp-json\/wp\/v2\/product"}],"about":[{"href":"https:\/\/bonnettperu.net\/wp56\/wp-json\/wp\/v2\/types\/product"}],"replies":[{"embeddable":true,"href":"https:\/\/bonnettperu.net\/wp56\/wp-json\/wp\/v2\/comments?post=2483"}],"wp:featuredmedia":[{"embeddable":true,"href":"https:\/\/bonnettperu.net\/wp56\/wp-json\/wp\/v2\/media\/4172"}],"wp:attachment":[{"href":"https:\/\/bonnettperu.net\/wp56\/wp-json\/wp\/v2\/media?parent=2483"}],"wp:term":[{"taxonomy":"product_cat","embeddable":true,"href":"https:\/\/bonnettperu.net\/wp56\/wp-json\/wp\/v2\/product_cat?post=2483"},{"taxonomy":"product_tag","embeddable":true,"href":"https:\/\/bonnettperu.net\/wp56\/wp-json\/wp\/v2\/product_tag?post=2483"}],"curies":[{"name":"wp","href":"https:\/\/api.w.org\/{rel}","templated":true}]}}