{"id":2478,"date":"2022-09-12T21:37:42","date_gmt":"2022-09-12T21:37:42","guid":{"rendered":"http:\/\/bonnettperu.net\/wp56\/?post_type=product&#038;p=2478"},"modified":"2022-12-20T14:24:13","modified_gmt":"2022-12-20T14:24:13","slug":"desnatador-de-6-hayward-modelo-sp-1096","status":"publish","type":"product","link":"https:\/\/bonnettperu.net\/wp56\/producto\/desnatador-de-6-hayward-modelo-sp-1096\/","title":{"rendered":"DESNATADOR PARA CONCRETO HAYWARD DE 6&#8243; PENTAIR MODELO SP-1096"},"content":{"rendered":"<p>Caracter\u00edsticas:<\/p>\n<ul>\n<li>Modelo por inyecci\u00f3n y fabricado con material ABS resistente a los rayos UV;<\/li>\n<li>El material reforzado proporciona la m\u00e1xima resistencia y durabilidad para todos.<\/li>\n<li>Configuraciones ABS o PVC<\/li>\n<\/ul>\n","protected":false},"excerpt":{"rendered":"<p>&nbsp;<\/p>\n<p>Los skimmers est\u00e1n dise\u00f1ados y fabricados con los m\u00e1s altos est\u00e1ndares de precisi\u00f3n y calidad para minimizar el tiempo de instalaci\u00f3n y maximizar la satisfacci\u00f3n. Se puede utilizar para piscinas residenciales y comerciales. Adecuado para hormig\u00f3n, fibra de vidrio y vinilo.<\/p>\n","protected":false},"featured_media":4340,"comment_status":"open","ping_status":"closed","template":"","meta":{"_uag_custom_page_level_css":"","site-sidebar-layout":"default","site-content-layout":"default","ast-global-header-display":"","ast-banner-title-visibility":"","ast-main-header-display":"","ast-hfb-above-header-display":"","ast-hfb-below-header-display":"","ast-hfb-mobile-header-display":"","site-post-title":"","ast-breadcrumbs-content":"","ast-featured-img":"","footer-sml-layout":"","theme-transparent-header-meta":"default","adv-header-id-meta":"","stick-header-meta":"","header-above-stick-meta":"","header-main-stick-meta":"","header-below-stick-meta":""},"product_cat":[859,42],"product_tag":[],"uagb_featured_image_src":{"full":["https:\/\/bonnettperu.net\/wp56\/wp-content\/uploads\/2022\/09\/DESNATADOR1096.png",899,866,false],"thumbnail":["https:\/\/bonnettperu.net\/wp56\/wp-content\/uploads\/2022\/09\/DESNATADOR1096-150x150.png",150,150,true],"medium":["https:\/\/bonnettperu.net\/wp56\/wp-content\/uploads\/2022\/09\/DESNATADOR1096-300x289.png",300,289,true],"medium_large":["https:\/\/bonnettperu.net\/wp56\/wp-content\/uploads\/2022\/09\/DESNATADOR1096-768x740.png",768,740,true],"large":["https:\/\/bonnettperu.net\/wp56\/wp-content\/uploads\/2022\/09\/DESNATADOR1096.png",899,866,false],"gswps_product_thumb":["https:\/\/bonnettperu.net\/wp56\/wp-content\/uploads\/2022\/09\/DESNATADOR1096-350x337.png",350,337,true],"1536x1536":["https:\/\/bonnettperu.net\/wp56\/wp-content\/uploads\/2022\/09\/DESNATADOR1096.png",899,866,false],"2048x2048":["https:\/\/bonnettperu.net\/wp56\/wp-content\/uploads\/2022\/09\/DESNATADOR1096.png",899,866,false],"woocommerce_thumbnail":["https:\/\/bonnettperu.net\/wp56\/wp-content\/uploads\/2022\/09\/DESNATADOR1096-300x300.png",300,300,true],"woocommerce_single":["https:\/\/bonnettperu.net\/wp56\/wp-content\/uploads\/2022\/09\/DESNATADOR1096-600x578.png",600,578,true],"woocommerce_gallery_thumbnail":["https:\/\/bonnettperu.net\/wp56\/wp-content\/uploads\/2022\/09\/DESNATADOR1096-100x100.png",100,100,true],"dgwt-wcas-product-suggestion":["https:\/\/bonnettperu.net\/wp56\/wp-content\/uploads\/2022\/09\/DESNATADOR1096.png",64,62,false]},"uagb_author_info":{"display_name":"admin","author_link":"https:\/\/bonnettperu.net\/wp56\/author\/"},"uagb_comment_info":0,"uagb_excerpt":"&nbsp; Los skimmers est\u00e1n dise\u00f1ados y fabricados con los m\u00e1s altos est\u00e1ndares de precisi\u00f3n y calidad para minimizar el tiempo de instalaci\u00f3n y maximizar la satisfacci\u00f3n. Se puede utilizar para piscinas residenciales y comerciales. Adecuado para hormig\u00f3n, fibra de vidrio y vinilo.","_links":{"self":[{"href":"https:\/\/bonnettperu.net\/wp56\/wp-json\/wp\/v2\/product\/2478"}],"collection":[{"href":"https:\/\/bonnettperu.net\/wp56\/wp-json\/wp\/v2\/product"}],"about":[{"href":"https:\/\/bonnettperu.net\/wp56\/wp-json\/wp\/v2\/types\/product"}],"replies":[{"embeddable":true,"href":"https:\/\/bonnettperu.net\/wp56\/wp-json\/wp\/v2\/comments?post=2478"}],"wp:featuredmedia":[{"embeddable":true,"href":"https:\/\/bonnettperu.net\/wp56\/wp-json\/wp\/v2\/media\/4340"}],"wp:attachment":[{"href":"https:\/\/bonnettperu.net\/wp56\/wp-json\/wp\/v2\/media?parent=2478"}],"wp:term":[{"taxonomy":"product_cat","embeddable":true,"href":"https:\/\/bonnettperu.net\/wp56\/wp-json\/wp\/v2\/product_cat?post=2478"},{"taxonomy":"product_tag","embeddable":true,"href":"https:\/\/bonnettperu.net\/wp56\/wp-json\/wp\/v2\/product_tag?post=2478"}],"curies":[{"name":"wp","href":"https:\/\/api.w.org\/{rel}","templated":true}]}}