{"id":2471,"date":"2022-09-12T20:45:36","date_gmt":"2022-09-12T20:45:36","guid":{"rendered":"http:\/\/bonnettperu.net\/wp56\/?post_type=product&#038;p=2471"},"modified":"2022-12-16T15:37:48","modified_gmt":"2022-12-16T15:37:48","slug":"controlador-electronico-controlpress-monofase-16a-115-230v-max-3-hp","status":"publish","type":"product","link":"https:\/\/bonnettperu.net\/wp56\/producto\/controlador-electronico-controlpress-monofase-16a-115-230v-max-3-hp\/","title":{"rendered":"CONTROLADOR ELECTR\u00d3NICO CONTROLPRESS MONOFASE 16A 115\/230V MAX. 3 HP."},"content":{"rendered":"<p>Caracter\u00edsticas:<\/p>\n<ul>\n<li>Corriente M\u00e1xima: \u00a08 Amp.<\/li>\n<li>Potencia M\u00e1xima: 3.0 HP.<\/li>\n<li>Presi\u00f3n M\u00e1xima: 12 BAR<\/li>\n<li>Conexi\u00f3n macho: 1&#8243;<\/li>\n<\/ul>\n","protected":false},"excerpt":{"rendered":"<p><a href=\"https:\/\/bonnettperu.net\/wp56\/wp-content\/uploads\/2022\/09\/controlpres.pdf\">Ficha T\u00e9cnica CONTROLPRES<\/a><\/p>\n<p>Aparato para el control y la protecci\u00f3n de la bomba<\/p>\n<p>*Opci\u00f3n en\u00a0Presscontrol R1 ~ 60 Hz. 230 v. Presi\u00f3n de arranque regulable.<\/p>\n","protected":false},"featured_media":3510,"comment_status":"open","ping_status":"closed","template":"","meta":{"_uag_custom_page_level_css":"","site-sidebar-layout":"default","site-content-layout":"default","ast-global-header-display":"","ast-banner-title-visibility":"","ast-main-header-display":"","ast-hfb-above-header-display":"","ast-hfb-below-header-display":"","ast-hfb-mobile-header-display":"","site-post-title":"","ast-breadcrumbs-content":"","ast-featured-img":"","footer-sml-layout":"","theme-transparent-header-meta":"default","adv-header-id-meta":"","stick-header-meta":"","header-above-stick-meta":"","header-main-stick-meta":"","header-below-stick-meta":""},"product_cat":[868,53],"product_tag":[],"uagb_featured_image_src":{"full":["https:\/\/bonnettperu.net\/wp56\/wp-content\/uploads\/2022\/09\/CONTROL-PRESS-WATERTECH_edi.png",540,560,false],"thumbnail":["https:\/\/bonnettperu.net\/wp56\/wp-content\/uploads\/2022\/09\/CONTROL-PRESS-WATERTECH_edi-150x150.png",150,150,true],"medium":["https:\/\/bonnettperu.net\/wp56\/wp-content\/uploads\/2022\/09\/CONTROL-PRESS-WATERTECH_edi-289x300.png",289,300,true],"medium_large":["https:\/\/bonnettperu.net\/wp56\/wp-content\/uploads\/2022\/09\/CONTROL-PRESS-WATERTECH_edi.png",540,560,false],"large":["https:\/\/bonnettperu.net\/wp56\/wp-content\/uploads\/2022\/09\/CONTROL-PRESS-WATERTECH_edi.png",540,560,false],"gswps_product_thumb":["https:\/\/bonnettperu.net\/wp56\/wp-content\/uploads\/2022\/09\/CONTROL-PRESS-WATERTECH_edi-350x363.png",350,363,true],"1536x1536":["https:\/\/bonnettperu.net\/wp56\/wp-content\/uploads\/2022\/09\/CONTROL-PRESS-WATERTECH_edi.png",540,560,false],"2048x2048":["https:\/\/bonnettperu.net\/wp56\/wp-content\/uploads\/2022\/09\/CONTROL-PRESS-WATERTECH_edi.png",540,560,false],"woocommerce_thumbnail":["https:\/\/bonnettperu.net\/wp56\/wp-content\/uploads\/2022\/09\/CONTROL-PRESS-WATERTECH_edi-300x300.png",300,300,true],"woocommerce_single":["https:\/\/bonnettperu.net\/wp56\/wp-content\/uploads\/2022\/09\/CONTROL-PRESS-WATERTECH_edi.png",540,560,false],"woocommerce_gallery_thumbnail":["https:\/\/bonnettperu.net\/wp56\/wp-content\/uploads\/2022\/09\/CONTROL-PRESS-WATERTECH_edi-100x100.png",100,100,true],"dgwt-wcas-product-suggestion":["https:\/\/bonnettperu.net\/wp56\/wp-content\/uploads\/2022\/09\/CONTROL-PRESS-WATERTECH_edi.png",64,66,false]},"uagb_author_info":{"display_name":"admin","author_link":"https:\/\/bonnettperu.net\/wp56\/author\/"},"uagb_comment_info":0,"uagb_excerpt":"Ficha T\u00e9cnica CONTROLPRES Aparato para el control y la protecci\u00f3n de la bomba *Opci\u00f3n en\u00a0Presscontrol R1 ~ 60 Hz. 230 v. Presi\u00f3n de arranque regulable.","_links":{"self":[{"href":"https:\/\/bonnettperu.net\/wp56\/wp-json\/wp\/v2\/product\/2471"}],"collection":[{"href":"https:\/\/bonnettperu.net\/wp56\/wp-json\/wp\/v2\/product"}],"about":[{"href":"https:\/\/bonnettperu.net\/wp56\/wp-json\/wp\/v2\/types\/product"}],"replies":[{"embeddable":true,"href":"https:\/\/bonnettperu.net\/wp56\/wp-json\/wp\/v2\/comments?post=2471"}],"wp:featuredmedia":[{"embeddable":true,"href":"https:\/\/bonnettperu.net\/wp56\/wp-json\/wp\/v2\/media\/3510"}],"wp:attachment":[{"href":"https:\/\/bonnettperu.net\/wp56\/wp-json\/wp\/v2\/media?parent=2471"}],"wp:term":[{"taxonomy":"product_cat","embeddable":true,"href":"https:\/\/bonnettperu.net\/wp56\/wp-json\/wp\/v2\/product_cat?post=2471"},{"taxonomy":"product_tag","embeddable":true,"href":"https:\/\/bonnettperu.net\/wp56\/wp-json\/wp\/v2\/product_tag?post=2471"}],"curies":[{"name":"wp","href":"https:\/\/api.w.org\/{rel}","templated":true}]}}