{"id":2470,"date":"2022-09-12T20:42:31","date_gmt":"2022-09-12T20:42:31","guid":{"rendered":"http:\/\/bonnettperu.net\/wp56\/?post_type=product&#038;p=2470"},"modified":"2022-12-16T15:37:30","modified_gmt":"2022-12-16T15:37:30","slug":"controlador-electronico-mascontrol-watertech-11-4-trifase-230-380-v","status":"publish","type":"product","link":"https:\/\/bonnettperu.net\/wp56\/producto\/controlador-electronico-mascontrol-watertech-11-4-trifase-230-380-v\/","title":{"rendered":"CONTROLADOR ELECTR\u00d3NICO MASCONTROL WATERTECH 11\/4&#8243; Trifase 230\/380 V"},"content":{"rendered":"<ul>\n<li>Corriente M\u00e1xima: \u00a06 Amp.<\/li>\n<li>Potencia M\u00e1xima: 1.5 HP. 230v. \u00a0\/ \u00a03.0 HP. 380v.<\/li>\n<li>Presi\u00f3n M\u00e1xima: 12 BAR<\/li>\n<li>Conexi\u00f3n macho: 11\/4&#8243;<\/li>\n<\/ul>\n","protected":false},"excerpt":{"rendered":"<p><a href=\"https:\/\/bonnettperu.net\/wp56\/wp-content\/uploads\/2022\/09\/PRESSCONTROL-1.pdf\">Ficha T\u00e9cnica PRESSCONTROL<\/a><\/p>\n<p>Aparato electr\u00f3nico para el control y la protecci\u00f3n de la bomba.<\/p>\n","protected":false},"featured_media":3512,"comment_status":"open","ping_status":"closed","template":"","meta":{"_uag_custom_page_level_css":"","site-sidebar-layout":"default","site-content-layout":"default","ast-global-header-display":"","ast-banner-title-visibility":"","ast-main-header-display":"","ast-hfb-above-header-display":"","ast-hfb-below-header-display":"","ast-hfb-mobile-header-display":"","site-post-title":"","ast-breadcrumbs-content":"","ast-featured-img":"","footer-sml-layout":"","theme-transparent-header-meta":"default","adv-header-id-meta":"","stick-header-meta":"","header-above-stick-meta":"","header-main-stick-meta":"","header-below-stick-meta":""},"product_cat":[868,53],"product_tag":[],"uagb_featured_image_src":{"full":["https:\/\/bonnettperu.net\/wp56\/wp-content\/uploads\/2022\/09\/PRESSCONTROL-WATERTECH-B.png",661,606,false],"thumbnail":["https:\/\/bonnettperu.net\/wp56\/wp-content\/uploads\/2022\/09\/PRESSCONTROL-WATERTECH-B-150x150.png",150,150,true],"medium":["https:\/\/bonnettperu.net\/wp56\/wp-content\/uploads\/2022\/09\/PRESSCONTROL-WATERTECH-B-300x275.png",300,275,true],"medium_large":["https:\/\/bonnettperu.net\/wp56\/wp-content\/uploads\/2022\/09\/PRESSCONTROL-WATERTECH-B.png",661,606,false],"large":["https:\/\/bonnettperu.net\/wp56\/wp-content\/uploads\/2022\/09\/PRESSCONTROL-WATERTECH-B.png",661,606,false],"gswps_product_thumb":["https:\/\/bonnettperu.net\/wp56\/wp-content\/uploads\/2022\/09\/PRESSCONTROL-WATERTECH-B-350x321.png",350,321,true],"1536x1536":["https:\/\/bonnettperu.net\/wp56\/wp-content\/uploads\/2022\/09\/PRESSCONTROL-WATERTECH-B.png",661,606,false],"2048x2048":["https:\/\/bonnettperu.net\/wp56\/wp-content\/uploads\/2022\/09\/PRESSCONTROL-WATERTECH-B.png",661,606,false],"woocommerce_thumbnail":["https:\/\/bonnettperu.net\/wp56\/wp-content\/uploads\/2022\/09\/PRESSCONTROL-WATERTECH-B-300x300.png",300,300,true],"woocommerce_single":["https:\/\/bonnettperu.net\/wp56\/wp-content\/uploads\/2022\/09\/PRESSCONTROL-WATERTECH-B-600x550.png",600,550,true],"woocommerce_gallery_thumbnail":["https:\/\/bonnettperu.net\/wp56\/wp-content\/uploads\/2022\/09\/PRESSCONTROL-WATERTECH-B-100x100.png",100,100,true],"dgwt-wcas-product-suggestion":["https:\/\/bonnettperu.net\/wp56\/wp-content\/uploads\/2022\/09\/PRESSCONTROL-WATERTECH-B.png",64,59,false]},"uagb_author_info":{"display_name":"admin","author_link":"https:\/\/bonnettperu.net\/wp56\/author\/"},"uagb_comment_info":0,"uagb_excerpt":"Ficha T\u00e9cnica PRESSCONTROL Aparato electr\u00f3nico para el control y la protecci\u00f3n de la bomba.","_links":{"self":[{"href":"https:\/\/bonnettperu.net\/wp56\/wp-json\/wp\/v2\/product\/2470"}],"collection":[{"href":"https:\/\/bonnettperu.net\/wp56\/wp-json\/wp\/v2\/product"}],"about":[{"href":"https:\/\/bonnettperu.net\/wp56\/wp-json\/wp\/v2\/types\/product"}],"replies":[{"embeddable":true,"href":"https:\/\/bonnettperu.net\/wp56\/wp-json\/wp\/v2\/comments?post=2470"}],"wp:featuredmedia":[{"embeddable":true,"href":"https:\/\/bonnettperu.net\/wp56\/wp-json\/wp\/v2\/media\/3512"}],"wp:attachment":[{"href":"https:\/\/bonnettperu.net\/wp56\/wp-json\/wp\/v2\/media?parent=2470"}],"wp:term":[{"taxonomy":"product_cat","embeddable":true,"href":"https:\/\/bonnettperu.net\/wp56\/wp-json\/wp\/v2\/product_cat?post=2470"},{"taxonomy":"product_tag","embeddable":true,"href":"https:\/\/bonnettperu.net\/wp56\/wp-json\/wp\/v2\/product_tag?post=2470"}],"curies":[{"name":"wp","href":"https:\/\/api.w.org\/{rel}","templated":true}]}}