{"id":2465,"date":"2022-09-12T20:33:45","date_gmt":"2022-09-12T20:33:45","guid":{"rendered":"http:\/\/bonnettperu.net\/wp56\/?post_type=product&#038;p=2465"},"modified":"2022-12-20T13:18:37","modified_gmt":"2022-12-20T13:18:37","slug":"sensor-de-flujo-electronico-pressflow-up-monofase-8a-115-230v-restablecimiento-automatico","status":"publish","type":"product","link":"https:\/\/bonnettperu.net\/wp56\/producto\/sensor-de-flujo-electronico-pressflow-up-monofase-8a-115-230v-restablecimiento-automatico\/","title":{"rendered":"SENSOR DE FLUJO ELECTRONICO PRESSFLOW UP Monofase 8A 115\/230V RESTABLECIMIENTO AUTOMATICO"},"content":{"rendered":"<p>Caracter\u00edsticas:<\/p>\n<ul>\n<li>Corriente M\u00e1xima: \u00a08 Amp.<\/li>\n<li>Potencia M\u00e1xima: 1.5 HP.<\/li>\n<li>Presi\u00f3n M\u00e1xima: 16 BAR<\/li>\n<li>Conexi\u00f3n macho: 1&#8243;<\/li>\n<\/ul>\n<p>&nbsp;<\/p>\n","protected":false},"excerpt":{"rendered":"<p><a href=\"https:\/\/bonnettperu.net\/wp56\/wp-content\/uploads\/2022\/09\/pressflow.pdf\">Ficha T\u00e9cnica PRESSFLOW<\/a><\/p>\n<p>Sensor de Flujo electr\u00f3nico, pone en marcha y para la bomba con funci\u00f3n antibloqueo, con restablecimiento autom\u00e1tico.<\/p>\n","protected":false},"featured_media":3514,"comment_status":"open","ping_status":"closed","template":"","meta":{"_uag_custom_page_level_css":"","site-sidebar-layout":"default","site-content-layout":"default","ast-global-header-display":"","ast-banner-title-visibility":"","ast-main-header-display":"","ast-hfb-above-header-display":"","ast-hfb-below-header-display":"","ast-hfb-mobile-header-display":"","site-post-title":"","ast-breadcrumbs-content":"","ast-featured-img":"","footer-sml-layout":"","theme-transparent-header-meta":"default","adv-header-id-meta":"","stick-header-meta":"","header-above-stick-meta":"","header-main-stick-meta":"","header-below-stick-meta":""},"product_cat":[868,53],"product_tag":[],"uagb_featured_image_src":{"full":["https:\/\/bonnettperu.net\/wp56\/wp-content\/uploads\/2022\/09\/PRESSFLOW-WATERTECH-B.png",755,769,false],"thumbnail":["https:\/\/bonnettperu.net\/wp56\/wp-content\/uploads\/2022\/09\/PRESSFLOW-WATERTECH-B-150x150.png",150,150,true],"medium":["https:\/\/bonnettperu.net\/wp56\/wp-content\/uploads\/2022\/09\/PRESSFLOW-WATERTECH-B-295x300.png",295,300,true],"medium_large":["https:\/\/bonnettperu.net\/wp56\/wp-content\/uploads\/2022\/09\/PRESSFLOW-WATERTECH-B.png",755,769,false],"large":["https:\/\/bonnettperu.net\/wp56\/wp-content\/uploads\/2022\/09\/PRESSFLOW-WATERTECH-B.png",755,769,false],"gswps_product_thumb":["https:\/\/bonnettperu.net\/wp56\/wp-content\/uploads\/2022\/09\/PRESSFLOW-WATERTECH-B-350x356.png",350,356,true],"1536x1536":["https:\/\/bonnettperu.net\/wp56\/wp-content\/uploads\/2022\/09\/PRESSFLOW-WATERTECH-B.png",755,769,false],"2048x2048":["https:\/\/bonnettperu.net\/wp56\/wp-content\/uploads\/2022\/09\/PRESSFLOW-WATERTECH-B.png",755,769,false],"woocommerce_thumbnail":["https:\/\/bonnettperu.net\/wp56\/wp-content\/uploads\/2022\/09\/PRESSFLOW-WATERTECH-B-300x300.png",300,300,true],"woocommerce_single":["https:\/\/bonnettperu.net\/wp56\/wp-content\/uploads\/2022\/09\/PRESSFLOW-WATERTECH-B-600x611.png",600,611,true],"woocommerce_gallery_thumbnail":["https:\/\/bonnettperu.net\/wp56\/wp-content\/uploads\/2022\/09\/PRESSFLOW-WATERTECH-B-100x100.png",100,100,true],"dgwt-wcas-product-suggestion":["https:\/\/bonnettperu.net\/wp56\/wp-content\/uploads\/2022\/09\/PRESSFLOW-WATERTECH-B.png",64,65,false]},"uagb_author_info":{"display_name":"admin","author_link":"https:\/\/bonnettperu.net\/wp56\/author\/"},"uagb_comment_info":0,"uagb_excerpt":"Ficha T\u00e9cnica PRESSFLOW Sensor de Flujo electr\u00f3nico, pone en marcha y para la bomba con funci\u00f3n antibloqueo, con restablecimiento autom\u00e1tico.","_links":{"self":[{"href":"https:\/\/bonnettperu.net\/wp56\/wp-json\/wp\/v2\/product\/2465"}],"collection":[{"href":"https:\/\/bonnettperu.net\/wp56\/wp-json\/wp\/v2\/product"}],"about":[{"href":"https:\/\/bonnettperu.net\/wp56\/wp-json\/wp\/v2\/types\/product"}],"replies":[{"embeddable":true,"href":"https:\/\/bonnettperu.net\/wp56\/wp-json\/wp\/v2\/comments?post=2465"}],"wp:featuredmedia":[{"embeddable":true,"href":"https:\/\/bonnettperu.net\/wp56\/wp-json\/wp\/v2\/media\/3514"}],"wp:attachment":[{"href":"https:\/\/bonnettperu.net\/wp56\/wp-json\/wp\/v2\/media?parent=2465"}],"wp:term":[{"taxonomy":"product_cat","embeddable":true,"href":"https:\/\/bonnettperu.net\/wp56\/wp-json\/wp\/v2\/product_cat?post=2465"},{"taxonomy":"product_tag","embeddable":true,"href":"https:\/\/bonnettperu.net\/wp56\/wp-json\/wp\/v2\/product_tag?post=2465"}],"curies":[{"name":"wp","href":"https:\/\/api.w.org\/{rel}","templated":true}]}}