{"id":2450,"date":"2022-09-12T19:46:23","date_gmt":"2022-09-12T19:46:23","guid":{"rendered":"http:\/\/bonnettperu.net\/wp56\/?post_type=product&#038;p=2450"},"modified":"2022-12-20T15:22:55","modified_gmt":"2022-12-20T15:22:55","slug":"mini-valvula-de-bola-125-1-2-itap-color-negro","status":"publish","type":"product","link":"https:\/\/bonnettperu.net\/wp56\/producto\/mini-valvula-de-bola-125-1-2-itap-color-negro\/","title":{"rendered":"MINI V\u00c1LVULA DE BOLA 125-1\/2 ITAP COLOR NEGRO"},"content":{"rendered":"<p>Caracter\u00edsticas:<\/p>\n<ul>\n<li>Conexiones roscadas hembra\/hembra<\/li>\n<li>Manilla de T de aluminio<\/li>\n<li>Cuerpo de lat\u00f3n niquelado<\/li>\n<li>Temperatura: min. -20 \u00b0C \/ m\u00e1x. 150 \u00b0C<\/li>\n<\/ul>\n","protected":false},"excerpt":{"rendered":"<p><a href=\"https:\/\/bonnettperu.net\/wp56\/wp-content\/uploads\/2022\/09\/Ficha-Tecnica_MINI_BALL_VALVES_es.pdf\">Ficha T\u00e9cnica_MINI_BALL_VALVES_es<\/a><\/p>\n<p>La v\u00e1lvula de bola Itap est\u00e1 indicada para el uso en instalaciones hidr\u00e1ulicas, de calefacci\u00f3n y de acondicionamiento.<\/p>\n","protected":false},"featured_media":3803,"comment_status":"open","ping_status":"closed","template":"","meta":{"_uag_custom_page_level_css":"","site-sidebar-layout":"default","site-content-layout":"default","ast-global-header-display":"","ast-banner-title-visibility":"","ast-main-header-display":"","ast-hfb-above-header-display":"","ast-hfb-below-header-display":"","ast-hfb-mobile-header-display":"","site-post-title":"","ast-breadcrumbs-content":"","ast-featured-img":"","footer-sml-layout":"","theme-transparent-header-meta":"default","adv-header-id-meta":"","stick-header-meta":"","header-above-stick-meta":"","header-main-stick-meta":"","header-below-stick-meta":""},"product_cat":[837,44,878],"product_tag":[],"uagb_featured_image_src":{"full":["https:\/\/bonnettperu.net\/wp56\/wp-content\/uploads\/2022\/09\/MINI-VALVULA-125.jpg",434,330,false],"thumbnail":["https:\/\/bonnettperu.net\/wp56\/wp-content\/uploads\/2022\/09\/MINI-VALVULA-125-150x150.jpg",150,150,true],"medium":["https:\/\/bonnettperu.net\/wp56\/wp-content\/uploads\/2022\/09\/MINI-VALVULA-125-300x228.jpg",300,228,true],"medium_large":["https:\/\/bonnettperu.net\/wp56\/wp-content\/uploads\/2022\/09\/MINI-VALVULA-125.jpg",434,330,false],"large":["https:\/\/bonnettperu.net\/wp56\/wp-content\/uploads\/2022\/09\/MINI-VALVULA-125.jpg",434,330,false],"gswps_product_thumb":["https:\/\/bonnettperu.net\/wp56\/wp-content\/uploads\/2022\/09\/MINI-VALVULA-125-350x266.jpg",350,266,true],"1536x1536":["https:\/\/bonnettperu.net\/wp56\/wp-content\/uploads\/2022\/09\/MINI-VALVULA-125.jpg",434,330,false],"2048x2048":["https:\/\/bonnettperu.net\/wp56\/wp-content\/uploads\/2022\/09\/MINI-VALVULA-125.jpg",434,330,false],"woocommerce_thumbnail":["https:\/\/bonnettperu.net\/wp56\/wp-content\/uploads\/2022\/09\/MINI-VALVULA-125-300x300.jpg",300,300,true],"woocommerce_single":["https:\/\/bonnettperu.net\/wp56\/wp-content\/uploads\/2022\/09\/MINI-VALVULA-125.jpg",434,330,false],"woocommerce_gallery_thumbnail":["https:\/\/bonnettperu.net\/wp56\/wp-content\/uploads\/2022\/09\/MINI-VALVULA-125-100x100.jpg",100,100,true],"dgwt-wcas-product-suggestion":["https:\/\/bonnettperu.net\/wp56\/wp-content\/uploads\/2022\/09\/MINI-VALVULA-125.jpg",64,49,false]},"uagb_author_info":{"display_name":"admin","author_link":"https:\/\/bonnettperu.net\/wp56\/author\/"},"uagb_comment_info":0,"uagb_excerpt":"Ficha T\u00e9cnica_MINI_BALL_VALVES_es La v\u00e1lvula de bola Itap est\u00e1 indicada para el uso en instalaciones hidr\u00e1ulicas, de calefacci\u00f3n y de acondicionamiento.","_links":{"self":[{"href":"https:\/\/bonnettperu.net\/wp56\/wp-json\/wp\/v2\/product\/2450"}],"collection":[{"href":"https:\/\/bonnettperu.net\/wp56\/wp-json\/wp\/v2\/product"}],"about":[{"href":"https:\/\/bonnettperu.net\/wp56\/wp-json\/wp\/v2\/types\/product"}],"replies":[{"embeddable":true,"href":"https:\/\/bonnettperu.net\/wp56\/wp-json\/wp\/v2\/comments?post=2450"}],"wp:featuredmedia":[{"embeddable":true,"href":"https:\/\/bonnettperu.net\/wp56\/wp-json\/wp\/v2\/media\/3803"}],"wp:attachment":[{"href":"https:\/\/bonnettperu.net\/wp56\/wp-json\/wp\/v2\/media?parent=2450"}],"wp:term":[{"taxonomy":"product_cat","embeddable":true,"href":"https:\/\/bonnettperu.net\/wp56\/wp-json\/wp\/v2\/product_cat?post=2450"},{"taxonomy":"product_tag","embeddable":true,"href":"https:\/\/bonnettperu.net\/wp56\/wp-json\/wp\/v2\/product_tag?post=2450"}],"curies":[{"name":"wp","href":"https:\/\/api.w.org\/{rel}","templated":true}]}}