{"id":2443,"date":"2022-09-12T19:22:41","date_gmt":"2022-09-12T19:22:41","guid":{"rendered":"http:\/\/bonnettperu.net\/wp56\/?post_type=product&#038;p=2443"},"modified":"2022-12-20T15:25:01","modified_gmt":"2022-12-20T15:25:01","slug":"filtro-para-valvula-itap-modelo-york-102-1-1-4","status":"publish","type":"product","link":"https:\/\/bonnettperu.net\/wp56\/producto\/filtro-para-valvula-itap-modelo-york-102-1-1-4\/","title":{"rendered":"FILTRO PARA V\u00c1LVULA ITAP MODELO YORK 102 &#8211; 1.1\/4&#8243;"},"content":{"rendered":"<p>Caracter\u00edsticas:<\/p>\n<ul>\n<li>Cuerpo de lat\u00f3n.<\/li>\n<li>Junta en acero inoxidable.<\/li>\n<li>Junta de NBR.<\/li>\n<li>Muelle de acero inoxidable.<\/li>\n<li>Filtro en pol\u00edmero y acero inoxidable.<\/li>\n<li>Temperatura m\u00ednima -20\u00b0C y m\u00e1xima de trabajo\u00a0100\u00b0C.<\/li>\n<\/ul>\n","protected":false},"excerpt":{"rendered":"<p><a href=\"https:\/\/bonnettperu.net\/wp56\/wp-content\/uploads\/2022\/09\/FICHA-TECNICA-FILTRO-PARA-YORK-102.pdf\">FICHA TECNICA FILTRO PARA YORK 102<\/a><\/p>\n<p>La v\u00e1lvula de fondo Europa, est\u00e1n indicadas para el uso en instalaciones hidr\u00e1ulicas, de calefacci\u00f3n, de acondicionamiento y neum\u00e1ticas.<br \/>\nSe pueden instalar en cualquier posici\u00f3n: vertical, horizontal, oblicua.<\/p>\n","protected":false},"featured_media":3831,"comment_status":"open","ping_status":"closed","template":"","meta":{"_uag_custom_page_level_css":"","site-sidebar-layout":"default","site-content-layout":"default","ast-global-header-display":"","ast-banner-title-visibility":"","ast-main-header-display":"","ast-hfb-above-header-display":"","ast-hfb-below-header-display":"","ast-hfb-mobile-header-display":"","site-post-title":"","ast-breadcrumbs-content":"","ast-featured-img":"","footer-sml-layout":"","theme-transparent-header-meta":"default","adv-header-id-meta":"","stick-header-meta":"","header-above-stick-meta":"","header-main-stick-meta":"","header-below-stick-meta":""},"product_cat":[859,837,44],"product_tag":[],"uagb_featured_image_src":{"full":["https:\/\/bonnettperu.net\/wp56\/wp-content\/uploads\/2022\/09\/YORK-102.jpg",403,441,false],"thumbnail":["https:\/\/bonnettperu.net\/wp56\/wp-content\/uploads\/2022\/09\/YORK-102-150x150.jpg",150,150,true],"medium":["https:\/\/bonnettperu.net\/wp56\/wp-content\/uploads\/2022\/09\/YORK-102-274x300.jpg",274,300,true],"medium_large":["https:\/\/bonnettperu.net\/wp56\/wp-content\/uploads\/2022\/09\/YORK-102.jpg",403,441,false],"large":["https:\/\/bonnettperu.net\/wp56\/wp-content\/uploads\/2022\/09\/YORK-102.jpg",403,441,false],"gswps_product_thumb":["https:\/\/bonnettperu.net\/wp56\/wp-content\/uploads\/2022\/09\/YORK-102-350x383.jpg",350,383,true],"1536x1536":["https:\/\/bonnettperu.net\/wp56\/wp-content\/uploads\/2022\/09\/YORK-102.jpg",403,441,false],"2048x2048":["https:\/\/bonnettperu.net\/wp56\/wp-content\/uploads\/2022\/09\/YORK-102.jpg",403,441,false],"woocommerce_thumbnail":["https:\/\/bonnettperu.net\/wp56\/wp-content\/uploads\/2022\/09\/YORK-102-300x300.jpg",300,300,true],"woocommerce_single":["https:\/\/bonnettperu.net\/wp56\/wp-content\/uploads\/2022\/09\/YORK-102.jpg",403,441,false],"woocommerce_gallery_thumbnail":["https:\/\/bonnettperu.net\/wp56\/wp-content\/uploads\/2022\/09\/YORK-102-100x100.jpg",100,100,true],"dgwt-wcas-product-suggestion":["https:\/\/bonnettperu.net\/wp56\/wp-content\/uploads\/2022\/09\/YORK-102.jpg",64,70,false]},"uagb_author_info":{"display_name":"admin","author_link":"https:\/\/bonnettperu.net\/wp56\/author\/"},"uagb_comment_info":0,"uagb_excerpt":"FICHA TECNICA FILTRO PARA YORK 102 La v\u00e1lvula de fondo Europa, est\u00e1n indicadas para el uso en instalaciones hidr\u00e1ulicas, de calefacci\u00f3n, de acondicionamiento y neum\u00e1ticas. Se pueden instalar en cualquier posici\u00f3n: vertical, horizontal, oblicua.","_links":{"self":[{"href":"https:\/\/bonnettperu.net\/wp56\/wp-json\/wp\/v2\/product\/2443"}],"collection":[{"href":"https:\/\/bonnettperu.net\/wp56\/wp-json\/wp\/v2\/product"}],"about":[{"href":"https:\/\/bonnettperu.net\/wp56\/wp-json\/wp\/v2\/types\/product"}],"replies":[{"embeddable":true,"href":"https:\/\/bonnettperu.net\/wp56\/wp-json\/wp\/v2\/comments?post=2443"}],"wp:featuredmedia":[{"embeddable":true,"href":"https:\/\/bonnettperu.net\/wp56\/wp-json\/wp\/v2\/media\/3831"}],"wp:attachment":[{"href":"https:\/\/bonnettperu.net\/wp56\/wp-json\/wp\/v2\/media?parent=2443"}],"wp:term":[{"taxonomy":"product_cat","embeddable":true,"href":"https:\/\/bonnettperu.net\/wp56\/wp-json\/wp\/v2\/product_cat?post=2443"},{"taxonomy":"product_tag","embeddable":true,"href":"https:\/\/bonnettperu.net\/wp56\/wp-json\/wp\/v2\/product_tag?post=2443"}],"curies":[{"name":"wp","href":"https:\/\/api.w.org\/{rel}","templated":true}]}}