{"id":2433,"date":"2022-09-12T17:45:09","date_gmt":"2022-09-12T17:45:09","guid":{"rendered":"http:\/\/bonnettperu.net\/wp56\/?post_type=product&#038;p=2433"},"modified":"2023-06-02T16:49:42","modified_gmt":"2023-06-02T16:49:42","slug":"tanque-hidroneumatico-vertical-gws-modelo-pressurewave","status":"publish","type":"product","link":"https:\/\/bonnettperu.net\/wp56\/producto\/tanque-hidroneumatico-vertical-gws-modelo-pressurewave\/","title":{"rendered":"TANQUE HIDRONEUM\u00c1TICO VERTICAL GWS PRESSUREWAVE PWN &#8211; 60 LV"},"content":{"rendered":"<p><strong>Caracter\u00edsticas:<\/strong><\/p>\n<ul>\n<li>Capacidad de 60 litros<\/li>\n<li>Membrana intercambiable de Butil<\/li>\n<li>M\u00e1xima temperatura +50\u00b0C<\/li>\n<\/ul>\n","protected":false},"excerpt":{"rendered":"<p><a href=\"http:\/\/grupobonnett.com\/wp-content\/uploads\/2022\/09\/PressureWave_ES.pdf\">Ficha T\u00e9cnica PressureWave<\/a><\/p>\n<p>Los tanques PressureWave\u2122 son ideales para una gran variedad de aplicaciones, incluyendo sistemas booster de presi\u00f3n, sistemas<br \/>\nhidroneum\u00e1ticos de superficie y pozo profundo, irrigaci\u00f3n, aplicaciones comerciales e industriales, para evitar golpe de ariete.<br \/>\nPara sistemas con variadores de velocidad y presi\u00f3n constante.<\/p>\n<p>En el exterior se utiliza pintura el color almendra en acabado automotriz con dos partes poliuretano sobre una impresi\u00f3n<br \/>\nep\u00f3xica ofrece cientos de horas de protecci\u00f3n de los rayos UV y ambiente salino.<br \/>\nLos Tanques PressureWave\u2122 son puestos a prueba en varias etapas de la l\u00ednea de producci\u00f3n para verificar su calidad y para<br \/>\nasegurar la integridad estructural de cada tanque.<\/p>\n","protected":false},"featured_media":5495,"comment_status":"open","ping_status":"closed","template":"","meta":{"_uag_custom_page_level_css":"","site-sidebar-layout":"default","site-content-layout":"default","ast-global-header-display":"","ast-banner-title-visibility":"","ast-main-header-display":"","ast-hfb-above-header-display":"","ast-hfb-below-header-display":"","ast-hfb-mobile-header-display":"","site-post-title":"","ast-breadcrumbs-content":"","ast-featured-img":"","footer-sml-layout":"","theme-transparent-header-meta":"default","adv-header-id-meta":"","stick-header-meta":"","header-above-stick-meta":"","header-main-stick-meta":"","header-below-stick-meta":""},"product_cat":[39,827,869],"product_tag":[],"uagb_featured_image_src":{"full":["https:\/\/bonnettperu.net\/wp56\/wp-content\/uploads\/2023\/06\/GWS-WEB-03-1.png",2500,2501,false],"thumbnail":["https:\/\/bonnettperu.net\/wp56\/wp-content\/uploads\/2023\/06\/GWS-WEB-03-1-150x150.png",150,150,true],"medium":["https:\/\/bonnettperu.net\/wp56\/wp-content\/uploads\/2023\/06\/GWS-WEB-03-1-300x300.png",300,300,true],"medium_large":["https:\/\/bonnettperu.net\/wp56\/wp-content\/uploads\/2023\/06\/GWS-WEB-03-1-768x768.png",768,768,true],"large":["https:\/\/bonnettperu.net\/wp56\/wp-content\/uploads\/2023\/06\/GWS-WEB-03-1-1024x1024.png",1024,1024,true],"gswps_product_thumb":["https:\/\/bonnettperu.net\/wp56\/wp-content\/uploads\/2023\/06\/GWS-WEB-03-1-350x350.png",350,350,true],"1536x1536":["https:\/\/bonnettperu.net\/wp56\/wp-content\/uploads\/2023\/06\/GWS-WEB-03-1-1536x1536.png",1536,1536,true],"2048x2048":["https:\/\/bonnettperu.net\/wp56\/wp-content\/uploads\/2023\/06\/GWS-WEB-03-1-2048x2048.png",2048,2048,true],"woocommerce_thumbnail":["https:\/\/bonnettperu.net\/wp56\/wp-content\/uploads\/2023\/06\/GWS-WEB-03-1-300x300.png",300,300,true],"woocommerce_single":["https:\/\/bonnettperu.net\/wp56\/wp-content\/uploads\/2023\/06\/GWS-WEB-03-1-600x600.png",600,600,true],"woocommerce_gallery_thumbnail":["https:\/\/bonnettperu.net\/wp56\/wp-content\/uploads\/2023\/06\/GWS-WEB-03-1-100x100.png",100,100,true],"dgwt-wcas-product-suggestion":["https:\/\/bonnettperu.net\/wp56\/wp-content\/uploads\/2023\/06\/GWS-WEB-03-1-64x64.png",64,64,true]},"uagb_author_info":{"display_name":"admin","author_link":"https:\/\/bonnettperu.net\/wp56\/author\/"},"uagb_comment_info":0,"uagb_excerpt":"Ficha T\u00e9cnica PressureWave Los tanques PressureWave\u2122 son ideales para una gran variedad de aplicaciones, incluyendo sistemas booster de presi\u00f3n, sistemas hidroneum\u00e1ticos de superficie y pozo profundo, irrigaci\u00f3n, aplicaciones comerciales e industriales, para evitar golpe de ariete. Para sistemas con variadores de velocidad y presi\u00f3n constante. En el exterior se utiliza pintura el color almendra en&hellip;","_links":{"self":[{"href":"https:\/\/bonnettperu.net\/wp56\/wp-json\/wp\/v2\/product\/2433"}],"collection":[{"href":"https:\/\/bonnettperu.net\/wp56\/wp-json\/wp\/v2\/product"}],"about":[{"href":"https:\/\/bonnettperu.net\/wp56\/wp-json\/wp\/v2\/types\/product"}],"replies":[{"embeddable":true,"href":"https:\/\/bonnettperu.net\/wp56\/wp-json\/wp\/v2\/comments?post=2433"}],"wp:featuredmedia":[{"embeddable":true,"href":"https:\/\/bonnettperu.net\/wp56\/wp-json\/wp\/v2\/media\/5495"}],"wp:attachment":[{"href":"https:\/\/bonnettperu.net\/wp56\/wp-json\/wp\/v2\/media?parent=2433"}],"wp:term":[{"taxonomy":"product_cat","embeddable":true,"href":"https:\/\/bonnettperu.net\/wp56\/wp-json\/wp\/v2\/product_cat?post=2433"},{"taxonomy":"product_tag","embeddable":true,"href":"https:\/\/bonnettperu.net\/wp56\/wp-json\/wp\/v2\/product_tag?post=2433"}],"curies":[{"name":"wp","href":"https:\/\/api.w.org\/{rel}","templated":true}]}}