{"id":2431,"date":"2022-09-12T17:40:03","date_gmt":"2022-09-12T17:40:03","guid":{"rendered":"http:\/\/bonnettperu.net\/wp56\/?post_type=product&#038;p=2431"},"modified":"2023-06-02T16:49:37","modified_gmt":"2023-06-02T16:49:37","slug":"tanque-hidroneumatico-esferico-gws-modelo","status":"publish","type":"product","link":"https:\/\/bonnettperu.net\/wp56\/producto\/tanque-hidroneumatico-esferico-gws-modelo\/","title":{"rendered":"TANQUE HIDRONEUM\u00c1TICO ESF\u00c9RICO GWS PEWN24"},"content":{"rendered":"<p>Caracter\u00edsticas:<\/p>\n<ul>\n<li>El dise\u00f1o de diafragma sencillo.<\/li>\n<li>NSF Standard 61, CE\/PED, WRAS, ACS, ISO:9001<\/li>\n<li>Conexiones de agua de acero inoxidable patentados<\/li>\n<li>Revestimiento interno<\/li>\n<li>Pintura ep\u00f3dica con doble capa de poliuretano.<\/li>\n<li>V\u00e1lvula de aire con doble sello de o-ring.<\/li>\n<li>Pruebas exhaustivas en producci\u00f3n y post -producci\u00f3n.<\/li>\n<li>Cero mantenimiento.<\/li>\n<\/ul>\n","protected":false},"excerpt":{"rendered":"<p><a href=\"http:\/\/grupobonnett.com\/wp-content\/uploads\/2022\/09\/PressureWave_ES.pdf\">Ficha T\u00e9cnica PressureWave<\/a><\/p>\n<p>Los tanques PressureWave\u00a0\u2122\u00a0son recipientes de presi\u00f3n vers\u00e1tiles de calidad superior adecuados para una gama de aplicaciones Los tanques PressureWave \u2122 se someten a rigurosas pruebas e inspecciones durante todo el proceso de producci\u00f3n para garantizar una integridad estructural \u00f3ptima y garantizar que cumplan con los est\u00e1ndares m\u00e1s altos en t\u00e9rminos de rendimiento y certificaciones de materiales.<\/p>\n<p>Los tanques PressureWave \u2122 son los m\u00e1s vendidos en la industria y son la mejor opci\u00f3n para los principales fabricantes y distribuidores de bombas del mundo.<\/p>\n","protected":false},"featured_media":5494,"comment_status":"open","ping_status":"closed","template":"","meta":{"_uag_custom_page_level_css":"","site-sidebar-layout":"default","site-content-layout":"default","ast-global-header-display":"","ast-banner-title-visibility":"","ast-main-header-display":"","ast-hfb-above-header-display":"","ast-hfb-below-header-display":"","ast-hfb-mobile-header-display":"","site-post-title":"","ast-breadcrumbs-content":"","ast-featured-img":"","footer-sml-layout":"","theme-transparent-header-meta":"default","adv-header-id-meta":"","stick-header-meta":"","header-above-stick-meta":"","header-main-stick-meta":"","header-below-stick-meta":""},"product_cat":[39,827,869],"product_tag":[],"uagb_featured_image_src":{"full":["https:\/\/bonnettperu.net\/wp56\/wp-content\/uploads\/2023\/06\/GWS-WEB-01-1.png",2500,2501,false],"thumbnail":["https:\/\/bonnettperu.net\/wp56\/wp-content\/uploads\/2023\/06\/GWS-WEB-01-1-150x150.png",150,150,true],"medium":["https:\/\/bonnettperu.net\/wp56\/wp-content\/uploads\/2023\/06\/GWS-WEB-01-1-300x300.png",300,300,true],"medium_large":["https:\/\/bonnettperu.net\/wp56\/wp-content\/uploads\/2023\/06\/GWS-WEB-01-1-768x768.png",768,768,true],"large":["https:\/\/bonnettperu.net\/wp56\/wp-content\/uploads\/2023\/06\/GWS-WEB-01-1-1024x1024.png",1024,1024,true],"gswps_product_thumb":["https:\/\/bonnettperu.net\/wp56\/wp-content\/uploads\/2023\/06\/GWS-WEB-01-1-350x350.png",350,350,true],"1536x1536":["https:\/\/bonnettperu.net\/wp56\/wp-content\/uploads\/2023\/06\/GWS-WEB-01-1-1536x1536.png",1536,1536,true],"2048x2048":["https:\/\/bonnettperu.net\/wp56\/wp-content\/uploads\/2023\/06\/GWS-WEB-01-1-2048x2048.png",2048,2048,true],"woocommerce_thumbnail":["https:\/\/bonnettperu.net\/wp56\/wp-content\/uploads\/2023\/06\/GWS-WEB-01-1-300x300.png",300,300,true],"woocommerce_single":["https:\/\/bonnettperu.net\/wp56\/wp-content\/uploads\/2023\/06\/GWS-WEB-01-1-600x600.png",600,600,true],"woocommerce_gallery_thumbnail":["https:\/\/bonnettperu.net\/wp56\/wp-content\/uploads\/2023\/06\/GWS-WEB-01-1-100x100.png",100,100,true],"dgwt-wcas-product-suggestion":["https:\/\/bonnettperu.net\/wp56\/wp-content\/uploads\/2023\/06\/GWS-WEB-01-1-64x64.png",64,64,true]},"uagb_author_info":{"display_name":"admin","author_link":"https:\/\/bonnettperu.net\/wp56\/author\/"},"uagb_comment_info":0,"uagb_excerpt":"Ficha T\u00e9cnica PressureWave Los tanques PressureWave\u00a0\u2122\u00a0son recipientes de presi\u00f3n vers\u00e1tiles de calidad superior adecuados para una gama de aplicaciones Los tanques PressureWave \u2122 se someten a rigurosas pruebas e inspecciones durante todo el proceso de producci\u00f3n para garantizar una integridad estructural \u00f3ptima y garantizar que cumplan con los est\u00e1ndares m\u00e1s altos en t\u00e9rminos de rendimiento&hellip;","_links":{"self":[{"href":"https:\/\/bonnettperu.net\/wp56\/wp-json\/wp\/v2\/product\/2431"}],"collection":[{"href":"https:\/\/bonnettperu.net\/wp56\/wp-json\/wp\/v2\/product"}],"about":[{"href":"https:\/\/bonnettperu.net\/wp56\/wp-json\/wp\/v2\/types\/product"}],"replies":[{"embeddable":true,"href":"https:\/\/bonnettperu.net\/wp56\/wp-json\/wp\/v2\/comments?post=2431"}],"wp:featuredmedia":[{"embeddable":true,"href":"https:\/\/bonnettperu.net\/wp56\/wp-json\/wp\/v2\/media\/5494"}],"wp:attachment":[{"href":"https:\/\/bonnettperu.net\/wp56\/wp-json\/wp\/v2\/media?parent=2431"}],"wp:term":[{"taxonomy":"product_cat","embeddable":true,"href":"https:\/\/bonnettperu.net\/wp56\/wp-json\/wp\/v2\/product_cat?post=2431"},{"taxonomy":"product_tag","embeddable":true,"href":"https:\/\/bonnettperu.net\/wp56\/wp-json\/wp\/v2\/product_tag?post=2431"}],"curies":[{"name":"wp","href":"https:\/\/api.w.org\/{rel}","templated":true}]}}