{"id":2423,"date":"2022-09-12T16:47:23","date_gmt":"2022-09-12T16:47:23","guid":{"rendered":"http:\/\/bonnettperu.net\/wp56\/?post_type=product&#038;p=2423"},"modified":"2022-12-20T15:00:40","modified_gmt":"2022-12-20T15:00:40","slug":"manometro-inoxidable-de-gilcerina-luise-modelo-0-16-bar-d100","status":"publish","type":"product","link":"https:\/\/bonnettperu.net\/wp56\/producto\/manometro-inoxidable-de-gilcerina-luise-modelo-0-16-bar-d100\/","title":{"rendered":"MAN\u00d3METRO INOXIDABLE DE GILCERINA LUISE MODELO 0 &#8211; 16 BAR D100"},"content":{"rendered":"<p><strong>Caracter\u00edsticas:<\/strong><\/p>\n<ul>\n<li>Son recomendados para sistemas que requieren una mayor precisi\u00f3n<\/li>\n<li>Para medios gaseosos y l\u00edquidos, agresivos, de baja viscosidad y no cristalizantes<\/li>\n<li>Temperatura: 80\u00b0 C<\/li>\n<\/ul>\n<p>&nbsp;<\/p>\n","protected":false},"excerpt":{"rendered":"<p>Los man\u00f3metros con glicerina est\u00e1n construidos en caja de acero inoxidable, lo cual permite una medici\u00f3n libre de vibraciones.<\/p>\n","protected":false},"featured_media":3942,"comment_status":"open","ping_status":"closed","template":"","meta":{"_uag_custom_page_level_css":"","site-sidebar-layout":"default","site-content-layout":"default","ast-global-header-display":"","ast-banner-title-visibility":"","ast-main-header-display":"","ast-hfb-above-header-display":"","ast-hfb-below-header-display":"","ast-hfb-mobile-header-display":"","site-post-title":"","ast-breadcrumbs-content":"","ast-featured-img":"","footer-sml-layout":"","theme-transparent-header-meta":"default","adv-header-id-meta":"","stick-header-meta":"","header-above-stick-meta":"","header-main-stick-meta":"","header-below-stick-meta":""},"product_cat":[840,43,873],"product_tag":[],"uagb_featured_image_src":{"full":["https:\/\/bonnettperu.net\/wp56\/wp-content\/uploads\/2022\/09\/Manometro-Glicerina-0-16-Bar-Luise-Bonnett_1-copia.webp",1201,1200,false],"thumbnail":["https:\/\/bonnettperu.net\/wp56\/wp-content\/uploads\/2022\/09\/Manometro-Glicerina-0-16-Bar-Luise-Bonnett_1-copia-150x150.webp",150,150,true],"medium":["https:\/\/bonnettperu.net\/wp56\/wp-content\/uploads\/2022\/09\/Manometro-Glicerina-0-16-Bar-Luise-Bonnett_1-copia-300x300.webp",300,300,true],"medium_large":["https:\/\/bonnettperu.net\/wp56\/wp-content\/uploads\/2022\/09\/Manometro-Glicerina-0-16-Bar-Luise-Bonnett_1-copia-768x767.webp",768,767,true],"large":["https:\/\/bonnettperu.net\/wp56\/wp-content\/uploads\/2022\/09\/Manometro-Glicerina-0-16-Bar-Luise-Bonnett_1-copia-1024x1024.webp",1024,1024,true],"gswps_product_thumb":["https:\/\/bonnettperu.net\/wp56\/wp-content\/uploads\/2022\/09\/Manometro-Glicerina-0-16-Bar-Luise-Bonnett_1-copia-350x350.webp",350,350,true],"1536x1536":["https:\/\/bonnettperu.net\/wp56\/wp-content\/uploads\/2022\/09\/Manometro-Glicerina-0-16-Bar-Luise-Bonnett_1-copia.webp",1201,1200,false],"2048x2048":["https:\/\/bonnettperu.net\/wp56\/wp-content\/uploads\/2022\/09\/Manometro-Glicerina-0-16-Bar-Luise-Bonnett_1-copia.webp",1201,1200,false],"woocommerce_thumbnail":["https:\/\/bonnettperu.net\/wp56\/wp-content\/uploads\/2022\/09\/Manometro-Glicerina-0-16-Bar-Luise-Bonnett_1-copia-300x300.webp",300,300,true],"woocommerce_single":["https:\/\/bonnettperu.net\/wp56\/wp-content\/uploads\/2022\/09\/Manometro-Glicerina-0-16-Bar-Luise-Bonnett_1-copia-600x600.webp",600,600,true],"woocommerce_gallery_thumbnail":["https:\/\/bonnettperu.net\/wp56\/wp-content\/uploads\/2022\/09\/Manometro-Glicerina-0-16-Bar-Luise-Bonnett_1-copia-100x100.webp",100,100,true],"dgwt-wcas-product-suggestion":["https:\/\/bonnettperu.net\/wp56\/wp-content\/uploads\/2022\/09\/Manometro-Glicerina-0-16-Bar-Luise-Bonnett_1-copia.webp",64,64,false]},"uagb_author_info":{"display_name":"admin","author_link":"https:\/\/bonnettperu.net\/wp56\/author\/"},"uagb_comment_info":0,"uagb_excerpt":"Los man\u00f3metros con glicerina est\u00e1n construidos en caja de acero inoxidable, lo cual permite una medici\u00f3n libre de vibraciones.","_links":{"self":[{"href":"https:\/\/bonnettperu.net\/wp56\/wp-json\/wp\/v2\/product\/2423"}],"collection":[{"href":"https:\/\/bonnettperu.net\/wp56\/wp-json\/wp\/v2\/product"}],"about":[{"href":"https:\/\/bonnettperu.net\/wp56\/wp-json\/wp\/v2\/types\/product"}],"replies":[{"embeddable":true,"href":"https:\/\/bonnettperu.net\/wp56\/wp-json\/wp\/v2\/comments?post=2423"}],"wp:featuredmedia":[{"embeddable":true,"href":"https:\/\/bonnettperu.net\/wp56\/wp-json\/wp\/v2\/media\/3942"}],"wp:attachment":[{"href":"https:\/\/bonnettperu.net\/wp56\/wp-json\/wp\/v2\/media?parent=2423"}],"wp:term":[{"taxonomy":"product_cat","embeddable":true,"href":"https:\/\/bonnettperu.net\/wp56\/wp-json\/wp\/v2\/product_cat?post=2423"},{"taxonomy":"product_tag","embeddable":true,"href":"https:\/\/bonnettperu.net\/wp56\/wp-json\/wp\/v2\/product_tag?post=2423"}],"curies":[{"name":"wp","href":"https:\/\/api.w.org\/{rel}","templated":true}]}}