{"id":2411,"date":"2022-09-12T16:24:37","date_gmt":"2022-09-12T16:24:37","guid":{"rendered":"http:\/\/bonnettperu.net\/wp56\/?post_type=product&#038;p=2411"},"modified":"2022-12-16T19:54:47","modified_gmt":"2022-12-16T19:54:47","slug":"equipo-filtracion-ultra-con-filtro-fsu-8tp-de-13-bomba-amu020tpa-88033669","status":"publish","type":"product","link":"https:\/\/bonnettperu.net\/wp56\/producto\/equipo-filtracion-ultra-con-filtro-fsu-8tp-de-13-bomba-amu020tpa-88033669\/","title":{"rendered":"EQUIPO FILTRACION ULTRA CON FILTRO FSU-8TP DE 13&#8243; + BOMBA AMU020TP\u00e1 (88033669)"},"content":{"rendered":"<p>Caracter\u00edsticas:<\/p>\n<ul>\n<li>Utilizado para piscinas dom\u00e9sticas y de f\u00e1cil instalaci\u00f3n<\/li>\n<li>Filtro con protecci\u00f3n UV<\/li>\n<li>Presi\u00f3n m\u00e1xima: 28 PSI \/ 2.0 bar<\/li>\n<li>Temperatura m\u00e1xima de agua: 40\u00b0C<\/li>\n<\/ul>\n","protected":false},"excerpt":{"rendered":"<p><a href=\"https:\/\/bonnettperu.net\/wp56\/wp-content\/uploads\/2022\/09\/Ficha-Tecnica_EQUIPO_FILTRACION-_FSU-8TP-1.pdf\">Ficha T\u00e9cnica_EQUIPO_FILTRACION _FSU-8TP<\/a><\/p>\n<p>El equipo de filtro Emaux ofrece la soluci\u00f3n eficiente para una excelente filtraci\u00f3n de agua en su hogar.<\/p>\n","protected":false},"featured_media":2416,"comment_status":"open","ping_status":"closed","template":"","meta":{"_uag_custom_page_level_css":"","site-sidebar-layout":"default","site-content-layout":"default","ast-global-header-display":"","ast-banner-title-visibility":"","ast-main-header-display":"","ast-hfb-above-header-display":"","ast-hfb-below-header-display":"","ast-hfb-mobile-header-display":"","site-post-title":"","ast-breadcrumbs-content":"","ast-featured-img":"","footer-sml-layout":"","theme-transparent-header-meta":"default","adv-header-id-meta":"","stick-header-meta":"","header-above-stick-meta":"","header-main-stick-meta":"","header-below-stick-meta":""},"product_cat":[46,855,834],"product_tag":[],"uagb_featured_image_src":{"full":["https:\/\/bonnettperu.net\/wp56\/wp-content\/uploads\/2022\/09\/EQUIPO-FILTRACION-FSU.jpeg",449,491,false],"thumbnail":["https:\/\/bonnettperu.net\/wp56\/wp-content\/uploads\/2022\/09\/EQUIPO-FILTRACION-FSU-150x150.jpeg",150,150,true],"medium":["https:\/\/bonnettperu.net\/wp56\/wp-content\/uploads\/2022\/09\/EQUIPO-FILTRACION-FSU-274x300.jpeg",274,300,true],"medium_large":["https:\/\/bonnettperu.net\/wp56\/wp-content\/uploads\/2022\/09\/EQUIPO-FILTRACION-FSU.jpeg",449,491,false],"large":["https:\/\/bonnettperu.net\/wp56\/wp-content\/uploads\/2022\/09\/EQUIPO-FILTRACION-FSU.jpeg",449,491,false],"gswps_product_thumb":["https:\/\/bonnettperu.net\/wp56\/wp-content\/uploads\/2022\/09\/EQUIPO-FILTRACION-FSU.jpeg",350,383,false],"1536x1536":["https:\/\/bonnettperu.net\/wp56\/wp-content\/uploads\/2022\/09\/EQUIPO-FILTRACION-FSU.jpeg",449,491,false],"2048x2048":["https:\/\/bonnettperu.net\/wp56\/wp-content\/uploads\/2022\/09\/EQUIPO-FILTRACION-FSU.jpeg",449,491,false],"woocommerce_thumbnail":["https:\/\/bonnettperu.net\/wp56\/wp-content\/uploads\/2022\/09\/EQUIPO-FILTRACION-FSU-300x300.jpeg",300,300,true],"woocommerce_single":["https:\/\/bonnettperu.net\/wp56\/wp-content\/uploads\/2022\/09\/EQUIPO-FILTRACION-FSU.jpeg",449,491,false],"woocommerce_gallery_thumbnail":["https:\/\/bonnettperu.net\/wp56\/wp-content\/uploads\/2022\/09\/EQUIPO-FILTRACION-FSU-100x100.jpeg",100,100,true],"dgwt-wcas-product-suggestion":["https:\/\/bonnettperu.net\/wp56\/wp-content\/uploads\/2022\/09\/EQUIPO-FILTRACION-FSU.jpeg",64,70,false]},"uagb_author_info":{"display_name":"admin","author_link":"https:\/\/bonnettperu.net\/wp56\/author\/"},"uagb_comment_info":0,"uagb_excerpt":"Ficha T\u00e9cnica_EQUIPO_FILTRACION _FSU-8TP El equipo de filtro Emaux ofrece la soluci\u00f3n eficiente para una excelente filtraci\u00f3n de agua en su hogar.","_links":{"self":[{"href":"https:\/\/bonnettperu.net\/wp56\/wp-json\/wp\/v2\/product\/2411"}],"collection":[{"href":"https:\/\/bonnettperu.net\/wp56\/wp-json\/wp\/v2\/product"}],"about":[{"href":"https:\/\/bonnettperu.net\/wp56\/wp-json\/wp\/v2\/types\/product"}],"replies":[{"embeddable":true,"href":"https:\/\/bonnettperu.net\/wp56\/wp-json\/wp\/v2\/comments?post=2411"}],"wp:featuredmedia":[{"embeddable":true,"href":"https:\/\/bonnettperu.net\/wp56\/wp-json\/wp\/v2\/media\/2416"}],"wp:attachment":[{"href":"https:\/\/bonnettperu.net\/wp56\/wp-json\/wp\/v2\/media?parent=2411"}],"wp:term":[{"taxonomy":"product_cat","embeddable":true,"href":"https:\/\/bonnettperu.net\/wp56\/wp-json\/wp\/v2\/product_cat?post=2411"},{"taxonomy":"product_tag","embeddable":true,"href":"https:\/\/bonnettperu.net\/wp56\/wp-json\/wp\/v2\/product_tag?post=2411"}],"curies":[{"name":"wp","href":"https:\/\/api.w.org\/{rel}","templated":true}]}}