{"id":2406,"date":"2022-09-12T16:15:53","date_gmt":"2022-09-12T16:15:53","guid":{"rendered":"http:\/\/bonnettperu.net\/wp56\/?post_type=product&#038;p=2406"},"modified":"2022-12-20T16:06:19","modified_gmt":"2022-12-20T16:06:19","slug":"equip-d-filtracion-filtro-cart-cf050-electrob-1hp-ss100-mod-fsc050-88340212","status":"publish","type":"product","link":"https:\/\/bonnettperu.net\/wp56\/producto\/equip-d-filtracion-filtro-cart-cf050-electrob-1hp-ss100-mod-fsc050-88340212\/","title":{"rendered":"EQUIP DE FILTRACION: FILTRO CART CF050 + ELECTROB 1HP SS100 MOD FSC050"},"content":{"rendered":"<p>Caracter\u00edsticas:<\/p>\n<ul>\n<li>Tanque resistente a los rayos UV<\/li>\n<li>Utilizado para piscinas y spa<\/li>\n<li>Presi\u00f3n m\u00e1xima: 250 kPa \/ 36PSI\/ 2.5 bar<\/li>\n<li>Temperatura m\u00e1xima de agua: 40\u00b0C (100\u00b0F)<\/li>\n<\/ul>\n","protected":false},"excerpt":{"rendered":"<p>&nbsp;<\/p>\n<p>El sistema de filtraci\u00f3n FSC es el filtro m\u00e1s conveniente para mantener tu agua cristalina, de f\u00e1cil instalaci\u00f3n y bajo costo en mantenimiento.<\/p>\n<p>&nbsp;<\/p>\n","protected":false},"featured_media":4076,"comment_status":"open","ping_status":"closed","template":"","meta":{"_uag_custom_page_level_css":"","site-sidebar-layout":"default","site-content-layout":"default","ast-global-header-display":"","ast-banner-title-visibility":"","ast-main-header-display":"","ast-hfb-above-header-display":"","ast-hfb-below-header-display":"","ast-hfb-mobile-header-display":"","site-post-title":"","ast-breadcrumbs-content":"","ast-featured-img":"","footer-sml-layout":"","theme-transparent-header-meta":"default","adv-header-id-meta":"","stick-header-meta":"","header-above-stick-meta":"","header-main-stick-meta":"","header-below-stick-meta":""},"product_cat":[46,855,834],"product_tag":[],"uagb_featured_image_src":{"full":["https:\/\/bonnettperu.net\/wp56\/wp-content\/uploads\/2022\/09\/EQUIPO-FILTRACION.jpg",500,500,false],"thumbnail":["https:\/\/bonnettperu.net\/wp56\/wp-content\/uploads\/2022\/09\/EQUIPO-FILTRACION-150x150.jpg",150,150,true],"medium":["https:\/\/bonnettperu.net\/wp56\/wp-content\/uploads\/2022\/09\/EQUIPO-FILTRACION-300x300.jpg",300,300,true],"medium_large":["https:\/\/bonnettperu.net\/wp56\/wp-content\/uploads\/2022\/09\/EQUIPO-FILTRACION.jpg",500,500,false],"large":["https:\/\/bonnettperu.net\/wp56\/wp-content\/uploads\/2022\/09\/EQUIPO-FILTRACION.jpg",500,500,false],"gswps_product_thumb":["https:\/\/bonnettperu.net\/wp56\/wp-content\/uploads\/2022\/09\/EQUIPO-FILTRACION-350x350.jpg",350,350,true],"1536x1536":["https:\/\/bonnettperu.net\/wp56\/wp-content\/uploads\/2022\/09\/EQUIPO-FILTRACION.jpg",500,500,false],"2048x2048":["https:\/\/bonnettperu.net\/wp56\/wp-content\/uploads\/2022\/09\/EQUIPO-FILTRACION.jpg",500,500,false],"woocommerce_thumbnail":["https:\/\/bonnettperu.net\/wp56\/wp-content\/uploads\/2022\/09\/EQUIPO-FILTRACION-300x300.jpg",300,300,true],"woocommerce_single":["https:\/\/bonnettperu.net\/wp56\/wp-content\/uploads\/2022\/09\/EQUIPO-FILTRACION.jpg",500,500,false],"woocommerce_gallery_thumbnail":["https:\/\/bonnettperu.net\/wp56\/wp-content\/uploads\/2022\/09\/EQUIPO-FILTRACION-100x100.jpg",100,100,true],"dgwt-wcas-product-suggestion":["https:\/\/bonnettperu.net\/wp56\/wp-content\/uploads\/2022\/09\/EQUIPO-FILTRACION.jpg",64,64,false]},"uagb_author_info":{"display_name":"admin","author_link":"https:\/\/bonnettperu.net\/wp56\/author\/"},"uagb_comment_info":0,"uagb_excerpt":"&nbsp; El sistema de filtraci\u00f3n FSC es el filtro m\u00e1s conveniente para mantener tu agua cristalina, de f\u00e1cil instalaci\u00f3n y bajo costo en mantenimiento. &nbsp;","_links":{"self":[{"href":"https:\/\/bonnettperu.net\/wp56\/wp-json\/wp\/v2\/product\/2406"}],"collection":[{"href":"https:\/\/bonnettperu.net\/wp56\/wp-json\/wp\/v2\/product"}],"about":[{"href":"https:\/\/bonnettperu.net\/wp56\/wp-json\/wp\/v2\/types\/product"}],"replies":[{"embeddable":true,"href":"https:\/\/bonnettperu.net\/wp56\/wp-json\/wp\/v2\/comments?post=2406"}],"wp:featuredmedia":[{"embeddable":true,"href":"https:\/\/bonnettperu.net\/wp56\/wp-json\/wp\/v2\/media\/4076"}],"wp:attachment":[{"href":"https:\/\/bonnettperu.net\/wp56\/wp-json\/wp\/v2\/media?parent=2406"}],"wp:term":[{"taxonomy":"product_cat","embeddable":true,"href":"https:\/\/bonnettperu.net\/wp56\/wp-json\/wp\/v2\/product_cat?post=2406"},{"taxonomy":"product_tag","embeddable":true,"href":"https:\/\/bonnettperu.net\/wp56\/wp-json\/wp\/v2\/product_tag?post=2406"}],"curies":[{"name":"wp","href":"https:\/\/api.w.org\/{rel}","templated":true}]}}