{"id":2393,"date":"2022-09-10T14:57:42","date_gmt":"2022-09-10T14:57:42","guid":{"rendered":"http:\/\/bonnettperu.net\/wp56\/?post_type=product&#038;p=2393"},"modified":"2022-12-20T14:25:13","modified_gmt":"2022-12-20T14:25:13","slug":"boquilla-direccional-custon-molding-de-3-4-25552-300-000","status":"publish","type":"product","link":"https:\/\/bonnettperu.net\/wp56\/producto\/boquilla-direccional-custon-molding-de-3-4-25552-300-000\/","title":{"rendered":"BOQUILLA DIRECCIONAL CUSTON MOLDING DE 3\/4&#8243; (25552-300-000)"},"content":{"rendered":"<p>Caracter\u00edsticas:<\/p>\n<ul>\n<li>Boquillas con cuerpo largo<\/li>\n<li>F\u00e1ciles de instalar, mediante el dise\u00f1o de rosca<\/li>\n<li>Colores. gris y blanco<\/li>\n<\/ul>\n","protected":false},"excerpt":{"rendered":"<p>Las boquillas de plomer\u00eda Pentair est\u00e1n disponibles en una gran variedad de configuraciones y son fabricadas seg\u00fan los est\u00e1ndares m\u00e1s elevados.<\/p>\n","protected":false},"featured_media":4342,"comment_status":"open","ping_status":"closed","template":"","meta":{"_uag_custom_page_level_css":"","site-sidebar-layout":"default","site-content-layout":"default","ast-global-header-display":"","ast-banner-title-visibility":"","ast-main-header-display":"","ast-hfb-above-header-display":"","ast-hfb-below-header-display":"","ast-hfb-mobile-header-display":"","site-post-title":"","ast-breadcrumbs-content":"","ast-featured-img":"","footer-sml-layout":"","theme-transparent-header-meta":"default","adv-header-id-meta":"","stick-header-meta":"","header-above-stick-meta":"","header-main-stick-meta":"","header-below-stick-meta":""},"product_cat":[859,42],"product_tag":[],"uagb_featured_image_src":{"full":["https:\/\/bonnettperu.net\/wp56\/wp-content\/uploads\/2022\/09\/BOQUILLA-DIRECCIONAL-CUSTOM-MOLDING-DE-3-4\u2033.jpg",1200,1200,false],"thumbnail":["https:\/\/bonnettperu.net\/wp56\/wp-content\/uploads\/2022\/09\/BOQUILLA-DIRECCIONAL-CUSTOM-MOLDING-DE-3-4\u2033-150x150.jpg",150,150,true],"medium":["https:\/\/bonnettperu.net\/wp56\/wp-content\/uploads\/2022\/09\/BOQUILLA-DIRECCIONAL-CUSTOM-MOLDING-DE-3-4\u2033-300x300.jpg",300,300,true],"medium_large":["https:\/\/bonnettperu.net\/wp56\/wp-content\/uploads\/2022\/09\/BOQUILLA-DIRECCIONAL-CUSTOM-MOLDING-DE-3-4\u2033-768x768.jpg",768,768,true],"large":["https:\/\/bonnettperu.net\/wp56\/wp-content\/uploads\/2022\/09\/BOQUILLA-DIRECCIONAL-CUSTOM-MOLDING-DE-3-4\u2033-1024x1024.jpg",1024,1024,true],"gswps_product_thumb":["https:\/\/bonnettperu.net\/wp56\/wp-content\/uploads\/2022\/09\/BOQUILLA-DIRECCIONAL-CUSTOM-MOLDING-DE-3-4\u2033-350x350.jpg",350,350,true],"1536x1536":["https:\/\/bonnettperu.net\/wp56\/wp-content\/uploads\/2022\/09\/BOQUILLA-DIRECCIONAL-CUSTOM-MOLDING-DE-3-4\u2033.jpg",1200,1200,false],"2048x2048":["https:\/\/bonnettperu.net\/wp56\/wp-content\/uploads\/2022\/09\/BOQUILLA-DIRECCIONAL-CUSTOM-MOLDING-DE-3-4\u2033.jpg",1200,1200,false],"woocommerce_thumbnail":["https:\/\/bonnettperu.net\/wp56\/wp-content\/uploads\/2022\/09\/BOQUILLA-DIRECCIONAL-CUSTOM-MOLDING-DE-3-4\u2033-300x300.jpg",300,300,true],"woocommerce_single":["https:\/\/bonnettperu.net\/wp56\/wp-content\/uploads\/2022\/09\/BOQUILLA-DIRECCIONAL-CUSTOM-MOLDING-DE-3-4\u2033-600x600.jpg",600,600,true],"woocommerce_gallery_thumbnail":["https:\/\/bonnettperu.net\/wp56\/wp-content\/uploads\/2022\/09\/BOQUILLA-DIRECCIONAL-CUSTOM-MOLDING-DE-3-4\u2033-100x100.jpg",100,100,true],"dgwt-wcas-product-suggestion":["https:\/\/bonnettperu.net\/wp56\/wp-content\/uploads\/2022\/09\/BOQUILLA-DIRECCIONAL-CUSTOM-MOLDING-DE-3-4\u2033.jpg",64,64,false]},"uagb_author_info":{"display_name":"admin","author_link":"https:\/\/bonnettperu.net\/wp56\/author\/"},"uagb_comment_info":0,"uagb_excerpt":"Las boquillas de plomer\u00eda Pentair est\u00e1n disponibles en una gran variedad de configuraciones y son fabricadas seg\u00fan los est\u00e1ndares m\u00e1s elevados.","_links":{"self":[{"href":"https:\/\/bonnettperu.net\/wp56\/wp-json\/wp\/v2\/product\/2393"}],"collection":[{"href":"https:\/\/bonnettperu.net\/wp56\/wp-json\/wp\/v2\/product"}],"about":[{"href":"https:\/\/bonnettperu.net\/wp56\/wp-json\/wp\/v2\/types\/product"}],"replies":[{"embeddable":true,"href":"https:\/\/bonnettperu.net\/wp56\/wp-json\/wp\/v2\/comments?post=2393"}],"wp:featuredmedia":[{"embeddable":true,"href":"https:\/\/bonnettperu.net\/wp56\/wp-json\/wp\/v2\/media\/4342"}],"wp:attachment":[{"href":"https:\/\/bonnettperu.net\/wp56\/wp-json\/wp\/v2\/media?parent=2393"}],"wp:term":[{"taxonomy":"product_cat","embeddable":true,"href":"https:\/\/bonnettperu.net\/wp56\/wp-json\/wp\/v2\/product_cat?post=2393"},{"taxonomy":"product_tag","embeddable":true,"href":"https:\/\/bonnettperu.net\/wp56\/wp-json\/wp\/v2\/product_tag?post=2393"}],"curies":[{"name":"wp","href":"https:\/\/api.w.org\/{rel}","templated":true}]}}