{"id":2375,"date":"2022-09-09T17:00:35","date_gmt":"2022-09-09T17:00:35","guid":{"rendered":"http:\/\/bonnettperu.net\/wp56\/?post_type=product&#038;p=2375"},"modified":"2022-11-14T16:26:57","modified_gmt":"2022-11-14T16:26:57","slug":"electrobomba-hidromasaje-sr-30-emaux-de-3-0-hp-220v-monof-88023709","status":"publish","type":"product","link":"https:\/\/bonnettperu.net\/wp56\/producto\/electrobomba-hidromasaje-sr-30-emaux-de-3-0-hp-220v-monof-88023709\/","title":{"rendered":"ELECTROBOMBA HIDROMASAJE SR-30 EMAUX DE 3.0 HP 220V. MONOF.\u00a0 (88023709)"},"content":{"rendered":"<p>Caracter\u00edsticas:<\/p>\n<ul>\n<li>Puertos de succi\u00f3n y descarga de 2 pulgadas<\/li>\n<li>La tapa con cierre de anillo elimina las fugas y maximiza la eficiencia de succi\u00f3n<\/li>\n<li>Motor as\u00edncrono de dos polos<\/li>\n<li>\u00a0Clase de aislamiento: 130(B)<\/li>\n<li>Est\u00e1ndar impermeable IPX5<\/li>\n<li>Protecci\u00f3n t\u00e9rmica incorporada<\/li>\n<li>Protecci\u00f3n de sobrecarga<\/li>\n<li>Disponible en 50 Hz o 60 Hz para 220 V\/380 V<\/li>\n<li>Uniones especialmente dise\u00f1adas compatibles con est\u00e1ndares imperiales y m\u00e9tricos<\/li>\n<li>Presi\u00f3n de prueba (50 PSI \/ 3,5 bar)<\/li>\n<li>eje de acero inoxidable 316<\/li>\n<li>Sello mec\u00e1nico de acero inoxidable 316<\/li>\n<\/ul>\n","protected":false},"excerpt":{"rendered":"<p><a href=\"https:\/\/bonnettperu.net\/wp56\/wp-content\/uploads\/2022\/09\/FICHA-TECNICA_ELECTROBOMBA_SR.pdf\">FICHA TECNICA_ELECTROBOMBA_SR<\/a><\/p>\n<p>La bomba de servicio pesado de la serie &#8220;SR&#8221; proporciona alto flujo y energ\u00eda eficiencia ultra rendimiento.<\/p>\n<p>Es apto para uso comercial, piscinas de hidromasaje, puerto de succi\u00f3n y descarga de 2 pulgadas con tapa transparente. Anillo de bloqueo de dise\u00f1o de sello para eliminar las fugas de succi\u00f3n y para maximizar la eficiencia de succi\u00f3n.<\/p>\n","protected":false},"featured_media":4098,"comment_status":"open","ping_status":"closed","template":"","meta":{"_uag_custom_page_level_css":"","site-sidebar-layout":"default","site-content-layout":"default","ast-global-header-display":"","ast-banner-title-visibility":"","ast-main-header-display":"","ast-hfb-above-header-display":"","ast-hfb-below-header-display":"","ast-hfb-mobile-header-display":"","site-post-title":"","ast-breadcrumbs-content":"","ast-featured-img":"","footer-sml-layout":"","theme-transparent-header-meta":"default","adv-header-id-meta":"","stick-header-meta":"","header-above-stick-meta":"","header-main-stick-meta":"","header-below-stick-meta":""},"product_cat":[832,46,834],"product_tag":[],"uagb_featured_image_src":{"full":["https:\/\/bonnettperu.net\/wp56\/wp-content\/uploads\/2022\/09\/BOMBA-SR.jpg",497,418,false],"thumbnail":["https:\/\/bonnettperu.net\/wp56\/wp-content\/uploads\/2022\/09\/BOMBA-SR-150x150.jpg",150,150,true],"medium":["https:\/\/bonnettperu.net\/wp56\/wp-content\/uploads\/2022\/09\/BOMBA-SR-300x252.jpg",300,252,true],"medium_large":["https:\/\/bonnettperu.net\/wp56\/wp-content\/uploads\/2022\/09\/BOMBA-SR.jpg",497,418,false],"large":["https:\/\/bonnettperu.net\/wp56\/wp-content\/uploads\/2022\/09\/BOMBA-SR.jpg",497,418,false],"gswps_product_thumb":["https:\/\/bonnettperu.net\/wp56\/wp-content\/uploads\/2022\/09\/BOMBA-SR-350x294.jpg",350,294,true],"1536x1536":["https:\/\/bonnettperu.net\/wp56\/wp-content\/uploads\/2022\/09\/BOMBA-SR.jpg",497,418,false],"2048x2048":["https:\/\/bonnettperu.net\/wp56\/wp-content\/uploads\/2022\/09\/BOMBA-SR.jpg",497,418,false],"woocommerce_thumbnail":["https:\/\/bonnettperu.net\/wp56\/wp-content\/uploads\/2022\/09\/BOMBA-SR-300x300.jpg",300,300,true],"woocommerce_single":["https:\/\/bonnettperu.net\/wp56\/wp-content\/uploads\/2022\/09\/BOMBA-SR.jpg",497,418,false],"woocommerce_gallery_thumbnail":["https:\/\/bonnettperu.net\/wp56\/wp-content\/uploads\/2022\/09\/BOMBA-SR-100x100.jpg",100,100,true],"dgwt-wcas-product-suggestion":["https:\/\/bonnettperu.net\/wp56\/wp-content\/uploads\/2022\/09\/BOMBA-SR.jpg",64,54,false]},"uagb_author_info":{"display_name":"admin","author_link":"https:\/\/bonnettperu.net\/wp56\/author\/"},"uagb_comment_info":0,"uagb_excerpt":"FICHA TECNICA_ELECTROBOMBA_SR La bomba de servicio pesado de la serie \"SR\" proporciona alto flujo y energ\u00eda eficiencia ultra rendimiento. Es apto para uso comercial, piscinas de hidromasaje, puerto de succi\u00f3n y descarga de 2 pulgadas con tapa transparente. Anillo de bloqueo de dise\u00f1o de sello para eliminar las fugas de succi\u00f3n y para maximizar la&hellip;","_links":{"self":[{"href":"https:\/\/bonnettperu.net\/wp56\/wp-json\/wp\/v2\/product\/2375"}],"collection":[{"href":"https:\/\/bonnettperu.net\/wp56\/wp-json\/wp\/v2\/product"}],"about":[{"href":"https:\/\/bonnettperu.net\/wp56\/wp-json\/wp\/v2\/types\/product"}],"replies":[{"embeddable":true,"href":"https:\/\/bonnettperu.net\/wp56\/wp-json\/wp\/v2\/comments?post=2375"}],"wp:featuredmedia":[{"embeddable":true,"href":"https:\/\/bonnettperu.net\/wp56\/wp-json\/wp\/v2\/media\/4098"}],"wp:attachment":[{"href":"https:\/\/bonnettperu.net\/wp56\/wp-json\/wp\/v2\/media?parent=2375"}],"wp:term":[{"taxonomy":"product_cat","embeddable":true,"href":"https:\/\/bonnettperu.net\/wp56\/wp-json\/wp\/v2\/product_cat?post=2375"},{"taxonomy":"product_tag","embeddable":true,"href":"https:\/\/bonnettperu.net\/wp56\/wp-json\/wp\/v2\/product_tag?post=2375"}],"curies":[{"name":"wp","href":"https:\/\/api.w.org\/{rel}","templated":true}]}}