{"id":2344,"date":"2022-09-08T17:12:51","date_gmt":"2022-09-08T17:12:51","guid":{"rendered":"http:\/\/bonnettperu.net\/wp56\/?post_type=product&#038;p=2344"},"modified":"2022-11-14T16:38:01","modified_gmt":"2022-11-14T16:38:01","slug":"caja-control-emaux-de-reflect-subacuatico-con-cont-rem-2x300-220-240v-08040009","status":"publish","type":"product","link":"https:\/\/bonnettperu.net\/wp56\/producto\/caja-control-emaux-de-reflect-subacuatico-con-cont-rem-2x300-220-240v-08040009\/","title":{"rendered":"CAJA CONTROL EMAUX DE REFLECT SUBACUATICO CON CONT REM 2&#215;300\/220-240V (08040009)"},"content":{"rendered":"<p>El controlador sub acu\u00e1tico para faros de piscina EMAUX puede entregar una potencia de CA de 600 W alimentada al m\u00e1ximo en la caja de control la cual se divide en 2 l\u00edneas, cada una de las cuales puede soportar hasta 300W de carga (alrededor de 10<br \/>\nLuces led ) .<\/p>\n<p>El control de las luces en l\u00ednea es la misma por lo tanto se puede actuar de manera sincronizada desde el control sobre ambas l\u00edneas (todas<br \/>\nluces).<\/p>\n<p>1. Carga m\u00e1xima de 600W con indicador de potencia.<br \/>\n2. Hecho de material ABS a prueba de fuego.<br \/>\n3. Protecci\u00f3n contra sobrecargas y fugas el\u00e9ctricas.<br \/>\n4. Dos modos de control: modo manual y modo de temporizador en los que se puede configurar el tiempo de encendido \/ apagado de la carga.<br \/>\n5. Clasificaci\u00f3n IP44 adecuada para uso en exteriores.<br \/>\n6. Se proporciona un control remoto para interactuar con la caja de control desde la distancia.<br \/>\n7. Operaci\u00f3n simple y f\u00e1cil con 4 teclas.<br \/>\n8. 10 efectos son todos secuenciados numerados; La tecla RESET pone todas las luces en el primer efecto.<br \/>\n9. La tecla &#8220;POOL and SPA&#8221; se usa para cambiar el efecto de las luces conectadas a L\u00ednea de piscina y l\u00ednea de spa respectivamente.<\/p>\n","protected":false},"excerpt":{"rendered":"<p><a href=\"https:\/\/bonnettperu.net\/wp56\/wp-content\/uploads\/2022\/09\/FICHA-TECNICA_CAJA_CONTROL_SUBACUATICOS.pdf\">FICHA TECNICA_CAJA_CONTROL_SUBACUATICOS<\/a><\/p>\n<p>Controlador subacu\u00e1tico para faros de piscina con control remoto Emaux. Con funci\u00f3n POOL \/ SPA.<\/p>\n","protected":false},"featured_media":4104,"comment_status":"open","ping_status":"closed","template":"","meta":{"_uag_custom_page_level_css":"","site-sidebar-layout":"default","site-content-layout":"default","ast-global-header-display":"","ast-banner-title-visibility":"","ast-main-header-display":"","ast-hfb-above-header-display":"","ast-hfb-below-header-display":"","ast-hfb-mobile-header-display":"","site-post-title":"","ast-breadcrumbs-content":"","ast-featured-img":"","footer-sml-layout":"","theme-transparent-header-meta":"default","adv-header-id-meta":"","stick-header-meta":"","header-above-stick-meta":"","header-main-stick-meta":"","header-below-stick-meta":""},"product_cat":[859,46,834],"product_tag":[],"uagb_featured_image_src":{"full":["https:\/\/bonnettperu.net\/wp56\/wp-content\/uploads\/2022\/09\/CAJA-DE-CONTROL-SUBACUATICA-EMAUX.jpeg",450,437,false],"thumbnail":["https:\/\/bonnettperu.net\/wp56\/wp-content\/uploads\/2022\/09\/CAJA-DE-CONTROL-SUBACUATICA-EMAUX-150x150.jpeg",150,150,true],"medium":["https:\/\/bonnettperu.net\/wp56\/wp-content\/uploads\/2022\/09\/CAJA-DE-CONTROL-SUBACUATICA-EMAUX-300x291.jpeg",300,291,true],"medium_large":["https:\/\/bonnettperu.net\/wp56\/wp-content\/uploads\/2022\/09\/CAJA-DE-CONTROL-SUBACUATICA-EMAUX.jpeg",450,437,false],"large":["https:\/\/bonnettperu.net\/wp56\/wp-content\/uploads\/2022\/09\/CAJA-DE-CONTROL-SUBACUATICA-EMAUX.jpeg",450,437,false],"gswps_product_thumb":["https:\/\/bonnettperu.net\/wp56\/wp-content\/uploads\/2022\/09\/CAJA-DE-CONTROL-SUBACUATICA-EMAUX-350x340.jpeg",350,340,true],"1536x1536":["https:\/\/bonnettperu.net\/wp56\/wp-content\/uploads\/2022\/09\/CAJA-DE-CONTROL-SUBACUATICA-EMAUX.jpeg",450,437,false],"2048x2048":["https:\/\/bonnettperu.net\/wp56\/wp-content\/uploads\/2022\/09\/CAJA-DE-CONTROL-SUBACUATICA-EMAUX.jpeg",450,437,false],"woocommerce_thumbnail":["https:\/\/bonnettperu.net\/wp56\/wp-content\/uploads\/2022\/09\/CAJA-DE-CONTROL-SUBACUATICA-EMAUX-300x300.jpeg",300,300,true],"woocommerce_single":["https:\/\/bonnettperu.net\/wp56\/wp-content\/uploads\/2022\/09\/CAJA-DE-CONTROL-SUBACUATICA-EMAUX.jpeg",450,437,false],"woocommerce_gallery_thumbnail":["https:\/\/bonnettperu.net\/wp56\/wp-content\/uploads\/2022\/09\/CAJA-DE-CONTROL-SUBACUATICA-EMAUX-100x100.jpeg",100,100,true],"dgwt-wcas-product-suggestion":["https:\/\/bonnettperu.net\/wp56\/wp-content\/uploads\/2022\/09\/CAJA-DE-CONTROL-SUBACUATICA-EMAUX.jpeg",64,62,false]},"uagb_author_info":{"display_name":"admin","author_link":"https:\/\/bonnettperu.net\/wp56\/author\/"},"uagb_comment_info":0,"uagb_excerpt":"FICHA TECNICA_CAJA_CONTROL_SUBACUATICOS Controlador subacu\u00e1tico para faros de piscina con control remoto Emaux. Con funci\u00f3n POOL \/ SPA.","_links":{"self":[{"href":"https:\/\/bonnettperu.net\/wp56\/wp-json\/wp\/v2\/product\/2344"}],"collection":[{"href":"https:\/\/bonnettperu.net\/wp56\/wp-json\/wp\/v2\/product"}],"about":[{"href":"https:\/\/bonnettperu.net\/wp56\/wp-json\/wp\/v2\/types\/product"}],"replies":[{"embeddable":true,"href":"https:\/\/bonnettperu.net\/wp56\/wp-json\/wp\/v2\/comments?post=2344"}],"wp:featuredmedia":[{"embeddable":true,"href":"https:\/\/bonnettperu.net\/wp56\/wp-json\/wp\/v2\/media\/4104"}],"wp:attachment":[{"href":"https:\/\/bonnettperu.net\/wp56\/wp-json\/wp\/v2\/media?parent=2344"}],"wp:term":[{"taxonomy":"product_cat","embeddable":true,"href":"https:\/\/bonnettperu.net\/wp56\/wp-json\/wp\/v2\/product_cat?post=2344"},{"taxonomy":"product_tag","embeddable":true,"href":"https:\/\/bonnettperu.net\/wp56\/wp-json\/wp\/v2\/product_tag?post=2344"}],"curies":[{"name":"wp","href":"https:\/\/api.w.org\/{rel}","templated":true}]}}