{"id":2342,"date":"2022-09-08T16:32:01","date_gmt":"2022-09-08T16:32:01","guid":{"rendered":"http:\/\/bonnettperu.net\/wp56\/?post_type=product&#038;p=2342"},"modified":"2022-11-14T16:38:09","modified_gmt":"2022-11-14T16:38:09","slug":"cascada-decorativa-emaux-pb600-25l-iluninado-8w-led-88480111","status":"publish","type":"product","link":"https:\/\/bonnettperu.net\/wp56\/producto\/cascada-decorativa-emaux-pb600-25l-iluninado-8w-led-88480111\/","title":{"rendered":"CASCADA DECORATIVA EMAUX PB600-25L\u00a0 ILUNINADO 8W. LED\u00a0 (88480111)"},"content":{"rendered":"<p>La cascada decorativa para cascada de agua es una de las caracter\u00edsticas ornamentales m\u00e1s bellas para su piscina o spa. Creando un movimiento de agua en su piscina, puede ser ajustado desde una pac\u00edfica capa de agua que cae en la piscina, hasta un relajante masaje de agua para su espalda, agregando elegancia y estilo a su piscina.<\/p>\n<p>1. Disponibles en dos anchos diferentes: 25 mm y 150 mm, son<br \/>\nadecuado para diferentes tama\u00f1os de pared.<br \/>\n2. Dos longitudes diferentes: 600 mm y 900 mm<\/p>\n","protected":false},"excerpt":{"rendered":"<p><a href=\"https:\/\/bonnettperu.net\/wp56\/wp-content\/uploads\/2022\/09\/FICHA-TECNICA_CASCADA_DECORATIVA_PB600-25.pdf\">FICHA TECNICA_CASCADA_DECORATIVA_PB600-25<\/a><\/p>\n<p>Cascada decorativa con luz led para fuentes y\/o piscinas interiores o exteriores.<\/p>\n","protected":false},"featured_media":4107,"comment_status":"open","ping_status":"closed","template":"","meta":{"_uag_custom_page_level_css":"","site-sidebar-layout":"default","site-content-layout":"default","ast-global-header-display":"","ast-banner-title-visibility":"","ast-main-header-display":"","ast-hfb-above-header-display":"","ast-hfb-below-header-display":"","ast-hfb-mobile-header-display":"","site-post-title":"","ast-breadcrumbs-content":"","ast-featured-img":"","footer-sml-layout":"","theme-transparent-header-meta":"default","adv-header-id-meta":"","stick-header-meta":"","header-above-stick-meta":"","header-main-stick-meta":"","header-below-stick-meta":""},"product_cat":[46,858,834],"product_tag":[],"uagb_featured_image_src":{"full":["https:\/\/bonnettperu.net\/wp56\/wp-content\/uploads\/2022\/09\/CASCADA-DECORATIVA_PB600-25L.jpg",500,500,false],"thumbnail":["https:\/\/bonnettperu.net\/wp56\/wp-content\/uploads\/2022\/09\/CASCADA-DECORATIVA_PB600-25L-150x150.jpg",150,150,true],"medium":["https:\/\/bonnettperu.net\/wp56\/wp-content\/uploads\/2022\/09\/CASCADA-DECORATIVA_PB600-25L-300x300.jpg",300,300,true],"medium_large":["https:\/\/bonnettperu.net\/wp56\/wp-content\/uploads\/2022\/09\/CASCADA-DECORATIVA_PB600-25L.jpg",500,500,false],"large":["https:\/\/bonnettperu.net\/wp56\/wp-content\/uploads\/2022\/09\/CASCADA-DECORATIVA_PB600-25L.jpg",500,500,false],"gswps_product_thumb":["https:\/\/bonnettperu.net\/wp56\/wp-content\/uploads\/2022\/09\/CASCADA-DECORATIVA_PB600-25L-350x350.jpg",350,350,true],"1536x1536":["https:\/\/bonnettperu.net\/wp56\/wp-content\/uploads\/2022\/09\/CASCADA-DECORATIVA_PB600-25L.jpg",500,500,false],"2048x2048":["https:\/\/bonnettperu.net\/wp56\/wp-content\/uploads\/2022\/09\/CASCADA-DECORATIVA_PB600-25L.jpg",500,500,false],"woocommerce_thumbnail":["https:\/\/bonnettperu.net\/wp56\/wp-content\/uploads\/2022\/09\/CASCADA-DECORATIVA_PB600-25L-300x300.jpg",300,300,true],"woocommerce_single":["https:\/\/bonnettperu.net\/wp56\/wp-content\/uploads\/2022\/09\/CASCADA-DECORATIVA_PB600-25L.jpg",500,500,false],"woocommerce_gallery_thumbnail":["https:\/\/bonnettperu.net\/wp56\/wp-content\/uploads\/2022\/09\/CASCADA-DECORATIVA_PB600-25L-100x100.jpg",100,100,true],"dgwt-wcas-product-suggestion":["https:\/\/bonnettperu.net\/wp56\/wp-content\/uploads\/2022\/09\/CASCADA-DECORATIVA_PB600-25L.jpg",64,64,false]},"uagb_author_info":{"display_name":"admin","author_link":"https:\/\/bonnettperu.net\/wp56\/author\/"},"uagb_comment_info":0,"uagb_excerpt":"FICHA TECNICA_CASCADA_DECORATIVA_PB600-25 Cascada decorativa con luz led para fuentes y\/o piscinas interiores o exteriores.","_links":{"self":[{"href":"https:\/\/bonnettperu.net\/wp56\/wp-json\/wp\/v2\/product\/2342"}],"collection":[{"href":"https:\/\/bonnettperu.net\/wp56\/wp-json\/wp\/v2\/product"}],"about":[{"href":"https:\/\/bonnettperu.net\/wp56\/wp-json\/wp\/v2\/types\/product"}],"replies":[{"embeddable":true,"href":"https:\/\/bonnettperu.net\/wp56\/wp-json\/wp\/v2\/comments?post=2342"}],"wp:featuredmedia":[{"embeddable":true,"href":"https:\/\/bonnettperu.net\/wp56\/wp-json\/wp\/v2\/media\/4107"}],"wp:attachment":[{"href":"https:\/\/bonnettperu.net\/wp56\/wp-json\/wp\/v2\/media?parent=2342"}],"wp:term":[{"taxonomy":"product_cat","embeddable":true,"href":"https:\/\/bonnettperu.net\/wp56\/wp-json\/wp\/v2\/product_cat?post=2342"},{"taxonomy":"product_tag","embeddable":true,"href":"https:\/\/bonnettperu.net\/wp56\/wp-json\/wp\/v2\/product_tag?post=2342"}],"curies":[{"name":"wp","href":"https:\/\/api.w.org\/{rel}","templated":true}]}}