{"id":2328,"date":"2022-09-08T14:20:08","date_gmt":"2022-09-08T14:20:08","guid":{"rendered":"http:\/\/bonnettperu.net\/wp56\/?post_type=product&#038;p=2328"},"modified":"2022-12-21T21:09:20","modified_gmt":"2022-12-21T21:09:20","slug":"variador-de-frecuencia-nastec-mod-vasco-418-0110-trif-380-440v-18-amp","status":"publish","type":"product","link":"https:\/\/bonnettperu.net\/wp56\/producto\/variador-de-frecuencia-nastec-mod-vasco-418-0110-trif-380-440v-18-amp\/","title":{"rendered":"INVERSOR NASTEC MODELO VASCO 418-0110. 380-440V. 18 AMP."},"content":{"rendered":"<p><strong>Caracter\u00edsticas:<\/strong><\/p>\n<ul>\n<li>El cuerpo compacto est\u00e1 construido enteramente en <strong>aluminio<\/strong>, lo que hace que el dispositivo sea extremadamente<strong> s\u00f3lido<\/strong>, <strong>ligero<\/strong> y de <strong>f\u00e1cil refrigeraci\u00f3n.<\/strong><\/li>\n<li>El grado de protecci\u00f3n IP55 permite instalarlo pr\u00e1cticamente en cualquier lugar, incluidos los entornos h\u00famedos y polvorientos. La <strong>pantalla de cristal l\u00edquido iluminada<\/strong> garantiza su f\u00e1cil manejo, y un zumbador proporciona una indicaci\u00f3n inmediata de alarma.<\/li>\n<\/ul>\n<p>Las unidades del dispositivo son extremadamente compactas y, conectadas a cualquier bomba del mercado, gestionar\u00e1n el funcionamiento de la bomba para mantener constante una dimensi\u00f3n f\u00edsica deseada (como la presi\u00f3n, el caudal, la temperatura u otras).\u00a0 Tambi\u00e9n proporciona protecci\u00f3n y supervisi\u00f3n del motor, como por ejemplo:<\/p>\n<ul>\n<li>Protecci\u00f3n contra sobrecarga y funcionamiento en seco<\/li>\n<li>Indicaci\u00f3n de la corriente de entrada y la tensi\u00f3n de alimentaci\u00f3n<\/li>\n<li>Funciones integradas de arranque y parada suave, que prolongan la vida \u00fatil del sistema y reducen los picos de absorci\u00f3n.<\/li>\n<li>Registro de las horas de funcionamiento y registro de los errores y alarmas notificados por el sistema<\/li>\n<li>Puede controlar una segunda o tercera bomba a velocidad constante y conectarse a otros dispositivos para obtener un funcionamiento combinado<\/li>\n<\/ul>\n","protected":false},"excerpt":{"rendered":"<p><a href=\"https:\/\/bonnettperu.net\/wp56\/wp-content\/uploads\/2022\/09\/Nastec-VASCO-VAriable-Speed-COntroller-cat-ES.pdf\">FICHA T\u00c9CNICA NASTEC VASCO<\/a><\/p>\n<p>VASCO &#8211;<strong> VA<\/strong>riable<strong> S<\/strong>peed <strong>CO<\/strong>ntroller<\/p>\n<p>El inversor para el control de bombas a velocidad variable es un dispositivo para el control y la protecci\u00f3n de los sistemas de bombeo basado en la variaci\u00f3n de la frecuencia de alimentaci\u00f3n de la bomba.<\/p>\n<p>Desde el suministro de agua dom\u00e9stica hasta el suministro de agua industrial, desde la irrigaci\u00f3n hasta la calefacci\u00f3n y el aire acondicionado, desde el filtrado hasta los lavados a presi\u00f3n.<\/p>\n<p>VASCO se adapta perfectamente a los sistemas nuevos y antiguos garantizando ahorro energ\u00e9tico, instalaci\u00f3n simplificada, mayor vida \u00fatil de la instalaci\u00f3n y una mayor fiabilidad.<\/p>\n","protected":false},"featured_media":3555,"comment_status":"open","ping_status":"closed","template":"","meta":{"_uag_custom_page_level_css":"","site-sidebar-layout":"default","site-content-layout":"default","ast-global-header-display":"","ast-banner-title-visibility":"","ast-main-header-display":"","ast-hfb-above-header-display":"","ast-hfb-below-header-display":"","ast-hfb-mobile-header-display":"","site-post-title":"","ast-breadcrumbs-content":"","ast-featured-img":"","footer-sml-layout":"","theme-transparent-header-meta":"default","adv-header-id-meta":"","stick-header-meta":"","header-above-stick-meta":"","header-main-stick-meta":"","header-below-stick-meta":""},"product_cat":[835,861,37],"product_tag":[],"uagb_featured_image_src":{"full":["https:\/\/bonnettperu.net\/wp56\/wp-content\/uploads\/2022\/09\/VASCO-gruppo-1-2.png",2953,1870,false],"thumbnail":["https:\/\/bonnettperu.net\/wp56\/wp-content\/uploads\/2022\/09\/VASCO-gruppo-1-2-150x150.png",150,150,true],"medium":["https:\/\/bonnettperu.net\/wp56\/wp-content\/uploads\/2022\/09\/VASCO-gruppo-1-2-300x190.png",300,190,true],"medium_large":["https:\/\/bonnettperu.net\/wp56\/wp-content\/uploads\/2022\/09\/VASCO-gruppo-1-2-768x486.png",768,486,true],"large":["https:\/\/bonnettperu.net\/wp56\/wp-content\/uploads\/2022\/09\/VASCO-gruppo-1-2-1024x648.png",1024,648,true],"gswps_product_thumb":["https:\/\/bonnettperu.net\/wp56\/wp-content\/uploads\/2022\/09\/VASCO-gruppo-1-2-350x222.png",350,222,true],"1536x1536":["https:\/\/bonnettperu.net\/wp56\/wp-content\/uploads\/2022\/09\/VASCO-gruppo-1-2-1536x973.png",1536,973,true],"2048x2048":["https:\/\/bonnettperu.net\/wp56\/wp-content\/uploads\/2022\/09\/VASCO-gruppo-1-2-2048x1297.png",2048,1297,true],"woocommerce_thumbnail":["https:\/\/bonnettperu.net\/wp56\/wp-content\/uploads\/2022\/09\/VASCO-gruppo-1-2-300x300.png",300,300,true],"woocommerce_single":["https:\/\/bonnettperu.net\/wp56\/wp-content\/uploads\/2022\/09\/VASCO-gruppo-1-2-600x380.png",600,380,true],"woocommerce_gallery_thumbnail":["https:\/\/bonnettperu.net\/wp56\/wp-content\/uploads\/2022\/09\/VASCO-gruppo-1-2-100x100.png",100,100,true],"dgwt-wcas-product-suggestion":["https:\/\/bonnettperu.net\/wp56\/wp-content\/uploads\/2022\/09\/VASCO-gruppo-1-2.png",64,41,false]},"uagb_author_info":{"display_name":"admin","author_link":"https:\/\/bonnettperu.net\/wp56\/author\/"},"uagb_comment_info":0,"uagb_excerpt":"FICHA T\u00c9CNICA NASTEC VASCO VASCO - VAriable Speed COntroller El inversor para el control de bombas a velocidad variable es un dispositivo para el control y la protecci\u00f3n de los sistemas de bombeo basado en la variaci\u00f3n de la frecuencia de alimentaci\u00f3n de la bomba. Desde el suministro de agua dom\u00e9stica hasta el suministro de&hellip;","_links":{"self":[{"href":"https:\/\/bonnettperu.net\/wp56\/wp-json\/wp\/v2\/product\/2328"}],"collection":[{"href":"https:\/\/bonnettperu.net\/wp56\/wp-json\/wp\/v2\/product"}],"about":[{"href":"https:\/\/bonnettperu.net\/wp56\/wp-json\/wp\/v2\/types\/product"}],"replies":[{"embeddable":true,"href":"https:\/\/bonnettperu.net\/wp56\/wp-json\/wp\/v2\/comments?post=2328"}],"wp:featuredmedia":[{"embeddable":true,"href":"https:\/\/bonnettperu.net\/wp56\/wp-json\/wp\/v2\/media\/3555"}],"wp:attachment":[{"href":"https:\/\/bonnettperu.net\/wp56\/wp-json\/wp\/v2\/media?parent=2328"}],"wp:term":[{"taxonomy":"product_cat","embeddable":true,"href":"https:\/\/bonnettperu.net\/wp56\/wp-json\/wp\/v2\/product_cat?post=2328"},{"taxonomy":"product_tag","embeddable":true,"href":"https:\/\/bonnettperu.net\/wp56\/wp-json\/wp\/v2\/product_tag?post=2328"}],"curies":[{"name":"wp","href":"https:\/\/api.w.org\/{rel}","templated":true}]}}