{"id":2314,"date":"2022-09-06T21:09:41","date_gmt":"2022-09-06T21:09:41","guid":{"rendered":"http:\/\/bonnettperu.net\/wp56\/?post_type=product&#038;p=2314"},"modified":"2023-06-02T16:47:08","modified_gmt":"2023-06-02T16:47:08","slug":"calentador-raypak-digital-modelo-e3t-els-r-0005-1-t1","status":"publish","type":"product","link":"https:\/\/bonnettperu.net\/wp56\/producto\/calentador-raypak-digital-modelo-e3t-els-r-0005-1-t1\/","title":{"rendered":"CALENTADOR DIGITAL RAYPAK MODELO E3T &#8211; ELS- R- 0005-1-T1"},"content":{"rendered":"<p>Caracter\u00edsticas:<\/p>\n<ul>\n<li>18,000 BTU<\/li>\n<\/ul>\n<p><strong>Elemento de titanio<\/strong><\/p>\n<p>El E3T tiene un robusto elemento calefactor de titanio que no solo prolonga la vida \u00fatil del calentador, sino que le permite trabajar en ambientes extremos de agua de piscinas, como piscinas cloradas de agua salada.<\/p>\n<p><strong>Acero inoxidable 316L<\/strong><\/p>\n<p>El acero inoxidable 316L se utiliza en la construcci\u00f3n de nuestros calentadores.\u00a0Este acero resistente a la corrosi\u00f3n de alto grado es especialmente adecuado para aplicaciones de calentamiento de agua salada.<\/p>\n<p><strong>Tecnolog\u00eda de sensor de flujo.<\/strong><\/p>\n<p>E3T funciona utilizando la \u00faltima tecnolog\u00eda de sensor de flujo en lugar de la activaci\u00f3n tradicional del interruptor de presi\u00f3n.\u00a0Nuestro calentador est\u00e1 programado para tener un \u00edndice de activaci\u00f3n de flujo m\u00ednimo de 15 galones por minuto, esto ayuda a proteger los elementos y prolongar su vida \u00fatil.<\/p>\n<p><strong>Dise\u00f1o de estado s\u00f3lido<\/strong><\/p>\n<p>El E3T utiliza controles de estado s\u00f3lido para eliminar contactores ruidosos y problem\u00e1ticos que proporcionan un funcionamiento silencioso y confiable.\u00a0El dise\u00f1o avanzado permite que el calentador module la potencia, solo usando la energ\u00eda necesaria para mantener la temperatura deseada.<\/p>\n<p>Los calentadores de piscina y spa E3T listos para instalar son compactos, vienen con conexiones est\u00e1ndar de uni\u00f3n y son f\u00e1ciles de instalar. Son la soluci\u00f3n perfecta para una nueva piscina o spa, as\u00ed como para reemplazar cualquier calentador de piscina o spa existente. Disponible en 5.5, 11, 18 y 27 kW.<\/p>\n","protected":false},"excerpt":{"rendered":"<p><a href=\"https:\/\/grupobonnett.com\/wp-content\/uploads\/2022\/09\/calentador-de-piscina-E3T-3.pdf\">Ficha T\u00e9cnica-E3T-3<\/a><\/p>\n<p>El calentador el\u00e9ctrico de titanio serie 3 es la \u00faltima tecnolog\u00eda en calefacci\u00f3n de piscinas y spas.\u00a0El E3T est\u00e1 construido con elementos de calefacci\u00f3n de titanio y acero inoxidable 316L para soportar condiciones extremas de agua de la piscina, incluidas las piscinas cloradas de agua salada.\u00a0El calentador E3T funciona utilizando el \u00faltimo dise\u00f1o de estado s\u00f3lido y la tecnolog\u00eda de sensor de flujo.\u00a0Tiene controles digitales f\u00e1ciles de usar con diagn\u00f3stico.\u00a0El tama\u00f1o compacto hace que sea f\u00e1cil de instalar para nuevas construcciones o instalaciones de reemplazo.<\/p>\n<p><img decoding=\"async\" src=\"https:\/\/grupobonnett.com\/storage\/editor\/8Q2PMiUIIPvZTL5lMRrvkXrjpOshTuAEXrW1vPVg.png\" \/><\/p>\n<p><strong>Inteligencia incorporada.<\/strong><\/p>\n<p>El E3T est\u00e1 equipado con controles y diagn\u00f3sticos digitales f\u00e1ciles de usar.\u00a0Nuestro centro de control digital muestra el punto de ajuste deseado y le permite configurar la temperatura exactamente donde lo desea.\u00a0La pantalla f\u00e1cil de leer le permite ver la temperatura, el flujo en\u00a0GPM y los diagn\u00f3sticos.\u00a0El sistema de alerta intuitivo te mantiene informado.<\/p>\n","protected":false},"featured_media":5489,"comment_status":"open","ping_status":"closed","template":"","meta":{"_uag_custom_page_level_css":"","site-sidebar-layout":"default","site-content-layout":"default","ast-global-header-display":"","ast-banner-title-visibility":"","ast-main-header-display":"","ast-hfb-above-header-display":"","ast-hfb-below-header-display":"","ast-hfb-mobile-header-display":"","site-post-title":"","ast-breadcrumbs-content":"","ast-featured-img":"","footer-sml-layout":"","theme-transparent-header-meta":"default","adv-header-id-meta":"","stick-header-meta":"","header-above-stick-meta":"","header-main-stick-meta":"","header-below-stick-meta":""},"product_cat":[856,834,40,827],"product_tag":[],"uagb_featured_image_src":{"full":["https:\/\/bonnettperu.net\/wp56\/wp-content\/uploads\/2023\/06\/Raypak-WEB-06.png",2501,2501,false],"thumbnail":["https:\/\/bonnettperu.net\/wp56\/wp-content\/uploads\/2023\/06\/Raypak-WEB-06-150x150.png",150,150,true],"medium":["https:\/\/bonnettperu.net\/wp56\/wp-content\/uploads\/2023\/06\/Raypak-WEB-06-300x300.png",300,300,true],"medium_large":["https:\/\/bonnettperu.net\/wp56\/wp-content\/uploads\/2023\/06\/Raypak-WEB-06-768x768.png",768,768,true],"large":["https:\/\/bonnettperu.net\/wp56\/wp-content\/uploads\/2023\/06\/Raypak-WEB-06-1024x1024.png",1024,1024,true],"gswps_product_thumb":["https:\/\/bonnettperu.net\/wp56\/wp-content\/uploads\/2023\/06\/Raypak-WEB-06-350x350.png",350,350,true],"1536x1536":["https:\/\/bonnettperu.net\/wp56\/wp-content\/uploads\/2023\/06\/Raypak-WEB-06-1536x1536.png",1536,1536,true],"2048x2048":["https:\/\/bonnettperu.net\/wp56\/wp-content\/uploads\/2023\/06\/Raypak-WEB-06-2048x2048.png",2048,2048,true],"woocommerce_thumbnail":["https:\/\/bonnettperu.net\/wp56\/wp-content\/uploads\/2023\/06\/Raypak-WEB-06-300x300.png",300,300,true],"woocommerce_single":["https:\/\/bonnettperu.net\/wp56\/wp-content\/uploads\/2023\/06\/Raypak-WEB-06-600x600.png",600,600,true],"woocommerce_gallery_thumbnail":["https:\/\/bonnettperu.net\/wp56\/wp-content\/uploads\/2023\/06\/Raypak-WEB-06-100x100.png",100,100,true],"dgwt-wcas-product-suggestion":["https:\/\/bonnettperu.net\/wp56\/wp-content\/uploads\/2023\/06\/Raypak-WEB-06-64x64.png",64,64,true]},"uagb_author_info":{"display_name":"admin","author_link":"https:\/\/bonnettperu.net\/wp56\/author\/"},"uagb_comment_info":0,"uagb_excerpt":"Ficha T\u00e9cnica-E3T-3 El calentador el\u00e9ctrico de titanio serie 3 es la \u00faltima tecnolog\u00eda en calefacci\u00f3n de piscinas y spas.\u00a0El E3T est\u00e1 construido con elementos de calefacci\u00f3n de titanio y acero inoxidable 316L para soportar condiciones extremas de agua de la piscina, incluidas las piscinas cloradas de agua salada.\u00a0El calentador E3T funciona utilizando el \u00faltimo dise\u00f1o&hellip;","_links":{"self":[{"href":"https:\/\/bonnettperu.net\/wp56\/wp-json\/wp\/v2\/product\/2314"}],"collection":[{"href":"https:\/\/bonnettperu.net\/wp56\/wp-json\/wp\/v2\/product"}],"about":[{"href":"https:\/\/bonnettperu.net\/wp56\/wp-json\/wp\/v2\/types\/product"}],"replies":[{"embeddable":true,"href":"https:\/\/bonnettperu.net\/wp56\/wp-json\/wp\/v2\/comments?post=2314"}],"wp:featuredmedia":[{"embeddable":true,"href":"https:\/\/bonnettperu.net\/wp56\/wp-json\/wp\/v2\/media\/5489"}],"wp:attachment":[{"href":"https:\/\/bonnettperu.net\/wp56\/wp-json\/wp\/v2\/media?parent=2314"}],"wp:term":[{"taxonomy":"product_cat","embeddable":true,"href":"https:\/\/bonnettperu.net\/wp56\/wp-json\/wp\/v2\/product_cat?post=2314"},{"taxonomy":"product_tag","embeddable":true,"href":"https:\/\/bonnettperu.net\/wp56\/wp-json\/wp\/v2\/product_tag?post=2314"}],"curies":[{"name":"wp","href":"https:\/\/api.w.org\/{rel}","templated":true}]}}