{"id":2313,"date":"2022-09-06T21:06:46","date_gmt":"2022-09-06T21:06:46","guid":{"rendered":"http:\/\/bonnettperu.net\/wp56\/?post_type=product&#038;p=2313"},"modified":"2023-06-02T16:47:04","modified_gmt":"2023-06-02T16:47:04","slug":"calentador-raypak-digital-modelo-p-r406a-ep-c-62-gas-propano","status":"publish","type":"product","link":"https:\/\/bonnettperu.net\/wp56\/producto\/calentador-raypak-digital-modelo-p-r406a-ep-c-62-gas-propano\/","title":{"rendered":"CALENTADOR DIGITAL P-R406A DE 406,000 BTUH GAS PROPANO"},"content":{"rendered":"<p><strong>Caracter\u00edsticas:<\/strong><\/p>\n<ul>\n<li>406,000 BTU<\/li>\n<\/ul>\n<p><strong>Escudo ProTek<\/strong><\/p>\n<p>ProTek Shield es un m\u00f3dulo de vanguardia que protege el intercambiador de calor y extiende la vida \u00fatil de su calentador digital de gas y spa Raypak.\u00a0Descanse, sum\u00e9rjase o nade sabiendo que su inversi\u00f3n en calentadores de piscinas se puede disfrutar a\u00fan m\u00e1s gracias a esta tecnolog\u00eda innovadora pendiente de patente.<\/p>\n<p>Excelente para usar en piscinas cloradas y de agua salada.<\/p>\n<p>Dise\u00f1ado para soportar la peor parte de la corrosi\u00f3n que ocurre naturalmente con el tiempo (\u00a1la erosi\u00f3n del ProTek Shield significa que est\u00e1 funcionando!)<\/p>\n<p>Utiliza tecnolog\u00eda innovadora pendiente de patente<\/p>\n<p>Dise\u00f1o compacto<\/p>\n<p>F\u00e1cil de reemplazar, ahorr\u00e1ndole tiempo y dinero.<\/p>\n<p><strong>Intercambiador de calor<\/strong><\/p>\n<p>Nuestro calentador digital de gas para piscinas y spa incluye varias opciones de aplicaci\u00f3n basadas en materiales de tubos de aletas que incluyen: cobre y cupron\u00edquel, ambos disponibles como ASME\u00a01\u00a0.<\/p>\n<p>Los encabezados ASME de hierro fundido proporcionan la resistencia necesaria para cumplir con los requisitos del c\u00f3digo comercial.<\/p>\n<p><strong>Controles digitales<\/strong><\/p>\n<p>Equipado con un sistema de control inteligente que se puede conectar f\u00e1cilmente a un sistema remoto existente, nuestro calentador tambi\u00e9n cuenta con un termostato controlado por microprocesador para establecer la temperatura perfecta para su piscina o spa.<\/p>\n<p><strong>Instalaci\u00f3n flexible<\/strong><\/p>\n<p>Ya sea que est\u00e9 actualizando su sistema existente o agregando una nueva piscina o spa a su hogar, el calentador digital de gas y spa Raypak le ofrece soluciones de instalaci\u00f3n flexibles.<\/p>\n<p>Bonificaci\u00f3n: el quemador autoajustable compensa las fluctuaciones de presi\u00f3n de gas, asegurando que el calentador siempre se queme limpio y seguro.<\/p>\n","protected":false},"excerpt":{"rendered":"<p><a href=\"https:\/\/grupobonnett.com\/wp-content\/uploads\/2022\/09\/Piscina-a-Gas-Digital-versio\u0301n2_compressed-1.pdf\">Ficha T\u00e9cnica CALENTADOR DIGITAL P-R406A<\/a><\/p>\n<p>El elegante calentador digital de gas para piscinas y spa Raypak presenta una tecnolog\u00eda innovadora dise\u00f1ada para mantener su piscina o spa a la temperatura perfecta para que disfrute.\u00a0Construido para soportar diversas condiciones clim\u00e1ticas, este moderno calentador de piscina y spa es la soluci\u00f3n perfecta para entornos que requieren eficiencia, conveniencia y versatilidad.<\/p>\n<p>Gracias a un dise\u00f1o brillante de bajo perfil, gabinete resistente a la corrosi\u00f3n hecho de metal galvanizado, intercambiador de calor de tubo de aleta de cobre y un grupo de materiales de ingenier\u00eda avanzada, disfrutar de su calentador durante todo el a\u00f1o es muy f\u00e1cil.<\/p>\n","protected":false},"featured_media":5485,"comment_status":"open","ping_status":"closed","template":"","meta":{"_uag_custom_page_level_css":"","site-sidebar-layout":"default","site-content-layout":"default","ast-global-header-display":"","ast-banner-title-visibility":"","ast-main-header-display":"","ast-hfb-above-header-display":"","ast-hfb-below-header-display":"","ast-hfb-mobile-header-display":"","site-post-title":"","ast-breadcrumbs-content":"","ast-featured-img":"","footer-sml-layout":"","theme-transparent-header-meta":"default","adv-header-id-meta":"","stick-header-meta":"","header-above-stick-meta":"","header-main-stick-meta":"","header-below-stick-meta":""},"product_cat":[856,834,40,827],"product_tag":[],"uagb_featured_image_src":{"full":["https:\/\/bonnettperu.net\/wp56\/wp-content\/uploads\/2023\/06\/Raypak-WEB-04.png",2501,2501,false],"thumbnail":["https:\/\/bonnettperu.net\/wp56\/wp-content\/uploads\/2023\/06\/Raypak-WEB-04-150x150.png",150,150,true],"medium":["https:\/\/bonnettperu.net\/wp56\/wp-content\/uploads\/2023\/06\/Raypak-WEB-04-300x300.png",300,300,true],"medium_large":["https:\/\/bonnettperu.net\/wp56\/wp-content\/uploads\/2023\/06\/Raypak-WEB-04-768x768.png",768,768,true],"large":["https:\/\/bonnettperu.net\/wp56\/wp-content\/uploads\/2023\/06\/Raypak-WEB-04-1024x1024.png",1024,1024,true],"gswps_product_thumb":["https:\/\/bonnettperu.net\/wp56\/wp-content\/uploads\/2023\/06\/Raypak-WEB-04-350x350.png",350,350,true],"1536x1536":["https:\/\/bonnettperu.net\/wp56\/wp-content\/uploads\/2023\/06\/Raypak-WEB-04-1536x1536.png",1536,1536,true],"2048x2048":["https:\/\/bonnettperu.net\/wp56\/wp-content\/uploads\/2023\/06\/Raypak-WEB-04-2048x2048.png",2048,2048,true],"woocommerce_thumbnail":["https:\/\/bonnettperu.net\/wp56\/wp-content\/uploads\/2023\/06\/Raypak-WEB-04-300x300.png",300,300,true],"woocommerce_single":["https:\/\/bonnettperu.net\/wp56\/wp-content\/uploads\/2023\/06\/Raypak-WEB-04-600x600.png",600,600,true],"woocommerce_gallery_thumbnail":["https:\/\/bonnettperu.net\/wp56\/wp-content\/uploads\/2023\/06\/Raypak-WEB-04-100x100.png",100,100,true],"dgwt-wcas-product-suggestion":["https:\/\/bonnettperu.net\/wp56\/wp-content\/uploads\/2023\/06\/Raypak-WEB-04-64x64.png",64,64,true]},"uagb_author_info":{"display_name":"admin","author_link":"https:\/\/bonnettperu.net\/wp56\/author\/"},"uagb_comment_info":0,"uagb_excerpt":"Ficha T\u00e9cnica CALENTADOR DIGITAL P-R406A El elegante calentador digital de gas para piscinas y spa Raypak presenta una tecnolog\u00eda innovadora dise\u00f1ada para mantener su piscina o spa a la temperatura perfecta para que disfrute.\u00a0Construido para soportar diversas condiciones clim\u00e1ticas, este moderno calentador de piscina y spa es la soluci\u00f3n perfecta para entornos que requieren eficiencia,&hellip;","_links":{"self":[{"href":"https:\/\/bonnettperu.net\/wp56\/wp-json\/wp\/v2\/product\/2313"}],"collection":[{"href":"https:\/\/bonnettperu.net\/wp56\/wp-json\/wp\/v2\/product"}],"about":[{"href":"https:\/\/bonnettperu.net\/wp56\/wp-json\/wp\/v2\/types\/product"}],"replies":[{"embeddable":true,"href":"https:\/\/bonnettperu.net\/wp56\/wp-json\/wp\/v2\/comments?post=2313"}],"wp:featuredmedia":[{"embeddable":true,"href":"https:\/\/bonnettperu.net\/wp56\/wp-json\/wp\/v2\/media\/5485"}],"wp:attachment":[{"href":"https:\/\/bonnettperu.net\/wp56\/wp-json\/wp\/v2\/media?parent=2313"}],"wp:term":[{"taxonomy":"product_cat","embeddable":true,"href":"https:\/\/bonnettperu.net\/wp56\/wp-json\/wp\/v2\/product_cat?post=2313"},{"taxonomy":"product_tag","embeddable":true,"href":"https:\/\/bonnettperu.net\/wp56\/wp-json\/wp\/v2\/product_tag?post=2313"}],"curies":[{"name":"wp","href":"https:\/\/api.w.org\/{rel}","templated":true}]}}