{"id":2294,"date":"2022-09-06T20:19:40","date_gmt":"2022-09-06T20:19:40","guid":{"rendered":"http:\/\/bonnettperu.net\/wp56\/?post_type=product&#038;p=2294"},"modified":"2022-12-16T20:18:19","modified_gmt":"2022-12-16T20:18:19","slug":"calentador-a-gas-pentair-mastertemp-de-250000-btu","status":"publish","type":"product","link":"https:\/\/bonnettperu.net\/wp56\/producto\/calentador-a-gas-pentair-mastertemp-de-250000-btu\/","title":{"rendered":"CALENTADOR A GAS PENTAIR MODELO MASTERTEMP DE 250,000 BTU"},"content":{"rendered":"<p>Caracter\u00edsticas:<\/p>\n<ul>\n<li><span><span>La conectividad inteligente a trav\u00e9s de los\u00a0<\/span><\/span><a title=\"Sistema de automatizaci\u00f3n de Pentair\" href=\"https:\/\/www.pentair.com\/en-us\/products\/residential\/pool-spa-equipment\/pool-automation.html\"><span><span><span style=\"color: #000000;\">sistemas de automatizaci\u00f3n de Pentair<\/span><\/span><\/span><\/a><span><span>\u00a0le permite administrar las funciones de la piscina en cualquier momento y en cualquier lugar.\u00a0<\/span><\/span><\/li>\n<li><span><span>La pantalla digital de texto completo combina nuevas funciones y un men\u00fa f\u00e1cil de usar para facilitar la operaci\u00f3n y el diagn\u00f3stico.<\/span><\/span><\/li>\n<li><span><span>La conectividad digital con el sistema de automatizaci\u00f3n de su piscina y un m\u00f3dulo de control de encendido avanzado con sensor de fuerza de llama ayudan a garantizar un rendimiento \u00f3ptimo del calentador.<\/span><\/span><\/li>\n<li><span><span>Alertas enviadas a un dispositivo inteligente para mantenerlo actualizado sobre el rendimiento del calentador y el estado en tiempo real.<\/span><\/span><\/li>\n<li><span><span>El control opcional de la v\u00e1lvula de derivaci\u00f3n del calentador inteligente desv\u00eda el flujo de agua cuando no se necesita el calentador para ayudar a ahorrar hasta un 35 % en los costos operativos anuales.*<\/span><\/span><\/li>\n<\/ul>\n","protected":false},"excerpt":{"rendered":"<p><a href=\"https:\/\/bonnettperu.net\/wp56\/wp-content\/uploads\/2022\/09\/FICHA-TECNICA_CALENTADOR_MASTERTEMP.pdf\">FICHA TECNICA_CALENTADOR_MASTERTEMP<\/a><\/p>\n<p>Los calentadores de alto rendimiento MasterTemp\u2122 ofrecen\u00a0la mejor eficiencia en el consumo de energ\u00eda. Adem\u00e1s, est\u00e1n<br \/>\ncertificados por bajas emisiones de \u00f3xidos de nitr\u00f3geno, lo\u00a0que los convierte en favoritos para la conservaci\u00f3n del\u00a0medio ambiente. Es por esto que MasterTemp es un producto\u00a0de la marca Eco Select.<\/p>\n","protected":false},"featured_media":4177,"comment_status":"open","ping_status":"closed","template":"","meta":{"_uag_custom_page_level_css":"","site-sidebar-layout":"default","site-content-layout":"default","ast-global-header-display":"","ast-banner-title-visibility":"","ast-main-header-display":"","ast-hfb-above-header-display":"","ast-hfb-below-header-display":"","ast-hfb-mobile-header-display":"","site-post-title":"","ast-breadcrumbs-content":"","ast-featured-img":"","footer-sml-layout":"","theme-transparent-header-meta":"default","adv-header-id-meta":"","stick-header-meta":"","header-above-stick-meta":"","header-main-stick-meta":"","header-below-stick-meta":""},"product_cat":[856,42],"product_tag":[],"uagb_featured_image_src":{"full":["https:\/\/bonnettperu.net\/wp56\/wp-content\/uploads\/2022\/09\/MasterTemp-banner.png.thumb_.1280.1280.png",1064,680,false],"thumbnail":["https:\/\/bonnettperu.net\/wp56\/wp-content\/uploads\/2022\/09\/MasterTemp-banner.png.thumb_.1280.1280-150x150.png",150,150,true],"medium":["https:\/\/bonnettperu.net\/wp56\/wp-content\/uploads\/2022\/09\/MasterTemp-banner.png.thumb_.1280.1280-300x192.png",300,192,true],"medium_large":["https:\/\/bonnettperu.net\/wp56\/wp-content\/uploads\/2022\/09\/MasterTemp-banner.png.thumb_.1280.1280-768x491.png",768,491,true],"large":["https:\/\/bonnettperu.net\/wp56\/wp-content\/uploads\/2022\/09\/MasterTemp-banner.png.thumb_.1280.1280-1024x654.png",1024,654,true],"gswps_product_thumb":["https:\/\/bonnettperu.net\/wp56\/wp-content\/uploads\/2022\/09\/MasterTemp-banner.png.thumb_.1280.1280-350x224.png",350,224,true],"1536x1536":["https:\/\/bonnettperu.net\/wp56\/wp-content\/uploads\/2022\/09\/MasterTemp-banner.png.thumb_.1280.1280.png",1064,680,false],"2048x2048":["https:\/\/bonnettperu.net\/wp56\/wp-content\/uploads\/2022\/09\/MasterTemp-banner.png.thumb_.1280.1280.png",1064,680,false],"woocommerce_thumbnail":["https:\/\/bonnettperu.net\/wp56\/wp-content\/uploads\/2022\/09\/MasterTemp-banner.png.thumb_.1280.1280-300x300.png",300,300,true],"woocommerce_single":["https:\/\/bonnettperu.net\/wp56\/wp-content\/uploads\/2022\/09\/MasterTemp-banner.png.thumb_.1280.1280-600x383.png",600,383,true],"woocommerce_gallery_thumbnail":["https:\/\/bonnettperu.net\/wp56\/wp-content\/uploads\/2022\/09\/MasterTemp-banner.png.thumb_.1280.1280-100x100.png",100,100,true],"dgwt-wcas-product-suggestion":["https:\/\/bonnettperu.net\/wp56\/wp-content\/uploads\/2022\/09\/MasterTemp-banner.png.thumb_.1280.1280.png",64,41,false]},"uagb_author_info":{"display_name":"admin","author_link":"https:\/\/bonnettperu.net\/wp56\/author\/"},"uagb_comment_info":0,"uagb_excerpt":"FICHA TECNICA_CALENTADOR_MASTERTEMP Los calentadores de alto rendimiento MasterTemp\u2122 ofrecen\u00a0la mejor eficiencia en el consumo de energ\u00eda. Adem\u00e1s, est\u00e1n certificados por bajas emisiones de \u00f3xidos de nitr\u00f3geno, lo\u00a0que los convierte en favoritos para la conservaci\u00f3n del\u00a0medio ambiente. Es por esto que MasterTemp es un producto\u00a0de la marca Eco Select.","_links":{"self":[{"href":"https:\/\/bonnettperu.net\/wp56\/wp-json\/wp\/v2\/product\/2294"}],"collection":[{"href":"https:\/\/bonnettperu.net\/wp56\/wp-json\/wp\/v2\/product"}],"about":[{"href":"https:\/\/bonnettperu.net\/wp56\/wp-json\/wp\/v2\/types\/product"}],"replies":[{"embeddable":true,"href":"https:\/\/bonnettperu.net\/wp56\/wp-json\/wp\/v2\/comments?post=2294"}],"wp:featuredmedia":[{"embeddable":true,"href":"https:\/\/bonnettperu.net\/wp56\/wp-json\/wp\/v2\/media\/4177"}],"wp:attachment":[{"href":"https:\/\/bonnettperu.net\/wp56\/wp-json\/wp\/v2\/media?parent=2294"}],"wp:term":[{"taxonomy":"product_cat","embeddable":true,"href":"https:\/\/bonnettperu.net\/wp56\/wp-json\/wp\/v2\/product_cat?post=2294"},{"taxonomy":"product_tag","embeddable":true,"href":"https:\/\/bonnettperu.net\/wp56\/wp-json\/wp\/v2\/product_tag?post=2294"}],"curies":[{"name":"wp","href":"https:\/\/api.w.org\/{rel}","templated":true}]}}