{"id":2284,"date":"2022-09-06T17:58:06","date_gmt":"2022-09-06T17:58:06","guid":{"rendered":"http:\/\/bonnettperu.net\/wp56\/?post_type=product&#038;p=2284"},"modified":"2022-12-16T20:51:31","modified_gmt":"2022-12-16T20:51:31","slug":"reflector-pentair-para-led-modelo-intellibrite-12v-400w","status":"publish","type":"product","link":"https:\/\/bonnettperu.net\/wp56\/producto\/reflector-pentair-para-led-modelo-intellibrite-12v-400w\/","title":{"rendered":"REFLECTOR PENTAIR MODELO INTELLIBRITE LED 12V. 400W."},"content":{"rendered":"<p><strong>Caracter\u00edsticas:<\/strong><\/p>\n<ul>\n<li>Mayor eficiencia en el consumo de energ\u00eda del mercado con duraci\u00f3n de 30,000 horas o m\u00e1s<\/li>\n<li>La intensidad y el color se distribuyen m\u00e1s uniformemente por la piscina<\/li>\n<li>Utiliza menos energ\u00eda que las luces incandescentes comparables<\/li>\n<li>La lente de la piscina se puede girar a 180\u00b0<\/li>\n<li>Compatible con nichos de pl\u00e1stico y acero inoxidable de Pentair<\/li>\n<li>Reflector personalizado para eliminar puntos calientes<\/li>\n<li>Luces LED para una intensidad de luz excepcional<\/li>\n<li>Geometr\u00eda superior de la lente para mejorar los efectos de color<\/li>\n<\/ul>\n","protected":false},"excerpt":{"rendered":"<p>&nbsp;<\/p>\n<p>Las luces blancas IntelliBrite 5G combinan una eficiencia energ\u00e9tica inigualable con una intensidad y distribuci\u00f3n de luz superiores.\u00a0El dise\u00f1o exclusivo se puede ajustar para crear un haz est\u00e1ndar m\u00e1s ancho o un patr\u00f3n m\u00e1s angosto, seg\u00fan las necesidades de su piscina.<\/p>\n","protected":false},"featured_media":4194,"comment_status":"open","ping_status":"closed","template":"","meta":{"_uag_custom_page_level_css":"","site-sidebar-layout":"default","site-content-layout":"default","ast-global-header-display":"","ast-banner-title-visibility":"","ast-main-header-display":"","ast-hfb-above-header-display":"","ast-hfb-below-header-display":"","ast-hfb-mobile-header-display":"","site-post-title":"","ast-breadcrumbs-content":"","ast-featured-img":"","footer-sml-layout":"","theme-transparent-header-meta":"default","adv-header-id-meta":"","stick-header-meta":"","header-above-stick-meta":"","header-main-stick-meta":"","header-below-stick-meta":""},"product_cat":[858,42],"product_tag":[],"uagb_featured_image_src":{"full":["https:\/\/bonnettperu.net\/wp56\/wp-content\/uploads\/2022\/09\/Captura-17.png",279,271,false],"thumbnail":["https:\/\/bonnettperu.net\/wp56\/wp-content\/uploads\/2022\/09\/Captura-17-150x150.png",150,150,true],"medium":["https:\/\/bonnettperu.net\/wp56\/wp-content\/uploads\/2022\/09\/Captura-17.png",279,271,false],"medium_large":["https:\/\/bonnettperu.net\/wp56\/wp-content\/uploads\/2022\/09\/Captura-17.png",279,271,false],"large":["https:\/\/bonnettperu.net\/wp56\/wp-content\/uploads\/2022\/09\/Captura-17.png",279,271,false],"gswps_product_thumb":["https:\/\/bonnettperu.net\/wp56\/wp-content\/uploads\/2022\/09\/Captura-17.png",279,271,false],"1536x1536":["https:\/\/bonnettperu.net\/wp56\/wp-content\/uploads\/2022\/09\/Captura-17.png",279,271,false],"2048x2048":["https:\/\/bonnettperu.net\/wp56\/wp-content\/uploads\/2022\/09\/Captura-17.png",279,271,false],"woocommerce_thumbnail":["https:\/\/bonnettperu.net\/wp56\/wp-content\/uploads\/2022\/09\/Captura-17.png",279,271,false],"woocommerce_single":["https:\/\/bonnettperu.net\/wp56\/wp-content\/uploads\/2022\/09\/Captura-17.png",279,271,false],"woocommerce_gallery_thumbnail":["https:\/\/bonnettperu.net\/wp56\/wp-content\/uploads\/2022\/09\/Captura-17-100x100.png",100,100,true],"dgwt-wcas-product-suggestion":["https:\/\/bonnettperu.net\/wp56\/wp-content\/uploads\/2022\/09\/Captura-17.png",64,62,false]},"uagb_author_info":{"display_name":"admin","author_link":"https:\/\/bonnettperu.net\/wp56\/author\/"},"uagb_comment_info":0,"uagb_excerpt":"&nbsp; Las luces blancas IntelliBrite 5G combinan una eficiencia energ\u00e9tica inigualable con una intensidad y distribuci\u00f3n de luz superiores.\u00a0El dise\u00f1o exclusivo se puede ajustar para crear un haz est\u00e1ndar m\u00e1s ancho o un patr\u00f3n m\u00e1s angosto, seg\u00fan las necesidades de su piscina.","_links":{"self":[{"href":"https:\/\/bonnettperu.net\/wp56\/wp-json\/wp\/v2\/product\/2284"}],"collection":[{"href":"https:\/\/bonnettperu.net\/wp56\/wp-json\/wp\/v2\/product"}],"about":[{"href":"https:\/\/bonnettperu.net\/wp56\/wp-json\/wp\/v2\/types\/product"}],"replies":[{"embeddable":true,"href":"https:\/\/bonnettperu.net\/wp56\/wp-json\/wp\/v2\/comments?post=2284"}],"wp:featuredmedia":[{"embeddable":true,"href":"https:\/\/bonnettperu.net\/wp56\/wp-json\/wp\/v2\/media\/4194"}],"wp:attachment":[{"href":"https:\/\/bonnettperu.net\/wp56\/wp-json\/wp\/v2\/media?parent=2284"}],"wp:term":[{"taxonomy":"product_cat","embeddable":true,"href":"https:\/\/bonnettperu.net\/wp56\/wp-json\/wp\/v2\/product_cat?post=2284"},{"taxonomy":"product_tag","embeddable":true,"href":"https:\/\/bonnettperu.net\/wp56\/wp-json\/wp\/v2\/product_tag?post=2284"}],"curies":[{"name":"wp","href":"https:\/\/api.w.org\/{rel}","templated":true}]}}