{"id":2267,"date":"2022-09-06T16:48:07","date_gmt":"2022-09-06T16:48:07","guid":{"rendered":"http:\/\/bonnettperu.net\/wp56\/?post_type=product&#038;p=2267"},"modified":"2022-11-14T16:42:52","modified_gmt":"2022-11-14T16:42:52","slug":"caja-de-paso-emaux-modelo-em2823a","status":"publish","type":"product","link":"https:\/\/bonnettperu.net\/wp56\/producto\/caja-de-paso-emaux-modelo-em2823a\/","title":{"rendered":"CAJA DE PASO EMAUX MODELO EM2823A"},"content":{"rendered":"","protected":false},"excerpt":{"rendered":"<p>La CAJA DE PASO MODELO EM2823A con dise\u00f1o innovador y tecnolog\u00eda aplicada de la marca Emaux, es una caja resistente a la humedad, de conexiones para foco con manguera fruncida (1 m) y adaptadores. Dise\u00f1ado para conectar la cuenca de retroiluminaci\u00f3n del sistema de cables. Configura la cuenca del tablero. El principal desaf\u00edo-cable de protecci\u00f3n contra la humedad. Carcasa corporal est\u00e1 hecha de pl\u00e1stico.<\/p>\n","protected":false},"featured_media":4114,"comment_status":"open","ping_status":"closed","template":"","meta":{"_uag_custom_page_level_css":"","site-sidebar-layout":"default","site-content-layout":"default","ast-global-header-display":"","ast-banner-title-visibility":"","ast-main-header-display":"","ast-hfb-above-header-display":"","ast-hfb-below-header-display":"","ast-hfb-mobile-header-display":"","site-post-title":"","ast-breadcrumbs-content":"","ast-featured-img":"","footer-sml-layout":"","theme-transparent-header-meta":"default","adv-header-id-meta":"","stick-header-meta":"","header-above-stick-meta":"","header-main-stick-meta":"","header-below-stick-meta":""},"product_cat":[859,46,834],"product_tag":[],"uagb_featured_image_src":{"full":["https:\/\/bonnettperu.net\/wp56\/wp-content\/uploads\/2022\/09\/CAJA-DE-PASO-EM2823A.jpg",547,432,false],"thumbnail":["https:\/\/bonnettperu.net\/wp56\/wp-content\/uploads\/2022\/09\/CAJA-DE-PASO-EM2823A-150x150.jpg",150,150,true],"medium":["https:\/\/bonnettperu.net\/wp56\/wp-content\/uploads\/2022\/09\/CAJA-DE-PASO-EM2823A-300x237.jpg",300,237,true],"medium_large":["https:\/\/bonnettperu.net\/wp56\/wp-content\/uploads\/2022\/09\/CAJA-DE-PASO-EM2823A.jpg",547,432,false],"large":["https:\/\/bonnettperu.net\/wp56\/wp-content\/uploads\/2022\/09\/CAJA-DE-PASO-EM2823A.jpg",547,432,false],"gswps_product_thumb":["https:\/\/bonnettperu.net\/wp56\/wp-content\/uploads\/2022\/09\/CAJA-DE-PASO-EM2823A-350x276.jpg",350,276,true],"1536x1536":["https:\/\/bonnettperu.net\/wp56\/wp-content\/uploads\/2022\/09\/CAJA-DE-PASO-EM2823A.jpg",547,432,false],"2048x2048":["https:\/\/bonnettperu.net\/wp56\/wp-content\/uploads\/2022\/09\/CAJA-DE-PASO-EM2823A.jpg",547,432,false],"woocommerce_thumbnail":["https:\/\/bonnettperu.net\/wp56\/wp-content\/uploads\/2022\/09\/CAJA-DE-PASO-EM2823A-300x300.jpg",300,300,true],"woocommerce_single":["https:\/\/bonnettperu.net\/wp56\/wp-content\/uploads\/2022\/09\/CAJA-DE-PASO-EM2823A.jpg",547,432,false],"woocommerce_gallery_thumbnail":["https:\/\/bonnettperu.net\/wp56\/wp-content\/uploads\/2022\/09\/CAJA-DE-PASO-EM2823A-100x100.jpg",100,100,true],"dgwt-wcas-product-suggestion":["https:\/\/bonnettperu.net\/wp56\/wp-content\/uploads\/2022\/09\/CAJA-DE-PASO-EM2823A.jpg",64,51,false]},"uagb_author_info":{"display_name":"admin","author_link":"https:\/\/bonnettperu.net\/wp56\/author\/"},"uagb_comment_info":0,"uagb_excerpt":"La CAJA DE PASO MODELO EM2823A con dise\u00f1o innovador y tecnolog\u00eda aplicada de la marca Emaux, es una caja resistente a la humedad, de conexiones para foco con manguera fruncida (1 m) y adaptadores. Dise\u00f1ado para conectar la cuenca de retroiluminaci\u00f3n del sistema de cables. Configura la cuenca del tablero. El principal desaf\u00edo-cable de protecci\u00f3n&hellip;","_links":{"self":[{"href":"https:\/\/bonnettperu.net\/wp56\/wp-json\/wp\/v2\/product\/2267"}],"collection":[{"href":"https:\/\/bonnettperu.net\/wp56\/wp-json\/wp\/v2\/product"}],"about":[{"href":"https:\/\/bonnettperu.net\/wp56\/wp-json\/wp\/v2\/types\/product"}],"replies":[{"embeddable":true,"href":"https:\/\/bonnettperu.net\/wp56\/wp-json\/wp\/v2\/comments?post=2267"}],"wp:featuredmedia":[{"embeddable":true,"href":"https:\/\/bonnettperu.net\/wp56\/wp-json\/wp\/v2\/media\/4114"}],"wp:attachment":[{"href":"https:\/\/bonnettperu.net\/wp56\/wp-json\/wp\/v2\/media?parent=2267"}],"wp:term":[{"taxonomy":"product_cat","embeddable":true,"href":"https:\/\/bonnettperu.net\/wp56\/wp-json\/wp\/v2\/product_cat?post=2267"},{"taxonomy":"product_tag","embeddable":true,"href":"https:\/\/bonnettperu.net\/wp56\/wp-json\/wp\/v2\/product_tag?post=2267"}],"curies":[{"name":"wp","href":"https:\/\/api.w.org\/{rel}","templated":true}]}}