{"id":2253,"date":"2022-09-05T21:36:33","date_gmt":"2022-09-05T21:36:33","guid":{"rendered":"http:\/\/bonnettperu.net\/wp56\/?post_type=product&#038;p=2253"},"modified":"2022-11-14T16:43:55","modified_gmt":"2022-11-14T16:43:55","slug":"reflector-de-concreto-emaux-modelo-led-e-lumen-531-color-rgb","status":"publish","type":"product","link":"https:\/\/bonnettperu.net\/wp56\/producto\/reflector-de-concreto-emaux-modelo-led-e-lumen-531-color-rgb\/","title":{"rendered":"REFLECTOR DE CONCRETO EMAUX MODELO LED E-LUMEN-531 COLOR RGB"},"content":{"rendered":"<p>Caracter\u00edsticas:<\/p>\n<ul>\n<li>Panel LED relleno de resina que permite la impermeabilidad al 100%.<\/li>\n<li>El panel LED ultra delgado tiene 25,000 horas de vida \u00fatil, 10 veces m\u00e1s que una bombilla hal\u00f3gena<\/li>\n<li>M\u00e1s brillo (l\u00famenes) por menos vatios<\/li>\n<li>Panel LED de funcionamiento fr\u00edo enfocado en producir brillo, en comparaci\u00f3n con otros luces que el 90% de la energ\u00eda se desperdicia en sus calores.<\/li>\n<li>A diferencia de otras luces LED, el panel Ultra-Thin LED sigue funcionando incluso con una sola bombilla LED.<\/li>\n<li>Se proporcionan accesorios de fijaci\u00f3n de pernos simples para reemplazar seg\u00fan el tipo de piscina y spa PAR56 luces bajo el agua<\/li>\n<li>Nichos europeos y americanos compatibles.<\/li>\n<li>Caja de control remoto EMAUX compatible<\/li>\n<li>35 WATTS<\/li>\n<li>12 V<\/li>\n<\/ul>\n<p>Efecto de iluminaci\u00f3n:<\/p>\n<ul>\n<li>Blanco, blanco fr\u00edo y azul simple<\/li>\n<li>El modelo RGB cuenta con 6 colores ricos y brillantes que personalizan el ambiente de la piscina con el propietario<\/li>\n<li>El espect\u00e1culo de luces preprogramado de preferencia y de 8 colores ofrece Dazzling Rainbowy efectos de desvanecimiento suave E-Lumen Ultra-Thin LED panel disponible en color: RGB (rojo, verde, azul), c\u00e1lido.<\/li>\n<\/ul>\n<p>&nbsp;<\/p>\n","protected":false},"excerpt":{"rendered":"<p><a href=\"https:\/\/bonnettperu.net\/wp56\/wp-content\/uploads\/2022\/09\/FICHA-TECNICA_REFLECTOR_LED_E-LUMEN_441.pdf\">FICHA TECNICA_REFLECTOR_LED_E-LUMEN_531<\/a><\/p>\n<p>El panel Ultra-Thin LED lleva el \u00faltimo desarrollo de LED en el mercado, tiene la tecnolog\u00eda de mayor eficiencia energ\u00e9tica y eficiencia luminosa. El juego de paneles reemplaza la mayor\u00eda de las luces subacu\u00e1ticas en el mercado, con tal solo desatornillar algunos de los pernos de su vieja y costosa bombilla con LED ultra delgado panel.<\/p>\n","protected":false},"featured_media":4139,"comment_status":"open","ping_status":"closed","template":"","meta":{"_uag_custom_page_level_css":"","site-sidebar-layout":"default","site-content-layout":"default","ast-global-header-display":"","ast-banner-title-visibility":"","ast-main-header-display":"","ast-hfb-above-header-display":"","ast-hfb-below-header-display":"","ast-hfb-mobile-header-display":"","site-post-title":"","ast-breadcrumbs-content":"","ast-featured-img":"","footer-sml-layout":"","theme-transparent-header-meta":"default","adv-header-id-meta":"","stick-header-meta":"","header-above-stick-meta":"","header-main-stick-meta":"","header-below-stick-meta":""},"product_cat":[46,858,834],"product_tag":[],"uagb_featured_image_src":{"full":["https:\/\/bonnettperu.net\/wp56\/wp-content\/uploads\/2022\/09\/REFLECTOR-E-LUMEN-441.jpeg",400,400,false],"thumbnail":["https:\/\/bonnettperu.net\/wp56\/wp-content\/uploads\/2022\/09\/REFLECTOR-E-LUMEN-441-150x150.jpeg",150,150,true],"medium":["https:\/\/bonnettperu.net\/wp56\/wp-content\/uploads\/2022\/09\/REFLECTOR-E-LUMEN-441-300x300.jpeg",300,300,true],"medium_large":["https:\/\/bonnettperu.net\/wp56\/wp-content\/uploads\/2022\/09\/REFLECTOR-E-LUMEN-441.jpeg",400,400,false],"large":["https:\/\/bonnettperu.net\/wp56\/wp-content\/uploads\/2022\/09\/REFLECTOR-E-LUMEN-441.jpeg",400,400,false],"gswps_product_thumb":["https:\/\/bonnettperu.net\/wp56\/wp-content\/uploads\/2022\/09\/REFLECTOR-E-LUMEN-441-350x350.jpeg",350,350,true],"1536x1536":["https:\/\/bonnettperu.net\/wp56\/wp-content\/uploads\/2022\/09\/REFLECTOR-E-LUMEN-441.jpeg",400,400,false],"2048x2048":["https:\/\/bonnettperu.net\/wp56\/wp-content\/uploads\/2022\/09\/REFLECTOR-E-LUMEN-441.jpeg",400,400,false],"woocommerce_thumbnail":["https:\/\/bonnettperu.net\/wp56\/wp-content\/uploads\/2022\/09\/REFLECTOR-E-LUMEN-441-300x300.jpeg",300,300,true],"woocommerce_single":["https:\/\/bonnettperu.net\/wp56\/wp-content\/uploads\/2022\/09\/REFLECTOR-E-LUMEN-441.jpeg",400,400,false],"woocommerce_gallery_thumbnail":["https:\/\/bonnettperu.net\/wp56\/wp-content\/uploads\/2022\/09\/REFLECTOR-E-LUMEN-441-100x100.jpeg",100,100,true],"dgwt-wcas-product-suggestion":["https:\/\/bonnettperu.net\/wp56\/wp-content\/uploads\/2022\/09\/REFLECTOR-E-LUMEN-441.jpeg",64,64,false]},"uagb_author_info":{"display_name":"admin","author_link":"https:\/\/bonnettperu.net\/wp56\/author\/"},"uagb_comment_info":0,"uagb_excerpt":"FICHA TECNICA_REFLECTOR_LED_E-LUMEN_531 El panel Ultra-Thin LED lleva el \u00faltimo desarrollo de LED en el mercado, tiene la tecnolog\u00eda de mayor eficiencia energ\u00e9tica y eficiencia luminosa. El juego de paneles reemplaza la mayor\u00eda de las luces subacu\u00e1ticas en el mercado, con tal solo desatornillar algunos de los pernos de su vieja y costosa bombilla con LED&hellip;","_links":{"self":[{"href":"https:\/\/bonnettperu.net\/wp56\/wp-json\/wp\/v2\/product\/2253"}],"collection":[{"href":"https:\/\/bonnettperu.net\/wp56\/wp-json\/wp\/v2\/product"}],"about":[{"href":"https:\/\/bonnettperu.net\/wp56\/wp-json\/wp\/v2\/types\/product"}],"replies":[{"embeddable":true,"href":"https:\/\/bonnettperu.net\/wp56\/wp-json\/wp\/v2\/comments?post=2253"}],"wp:featuredmedia":[{"embeddable":true,"href":"https:\/\/bonnettperu.net\/wp56\/wp-json\/wp\/v2\/media\/4139"}],"wp:attachment":[{"href":"https:\/\/bonnettperu.net\/wp56\/wp-json\/wp\/v2\/media?parent=2253"}],"wp:term":[{"taxonomy":"product_cat","embeddable":true,"href":"https:\/\/bonnettperu.net\/wp56\/wp-json\/wp\/v2\/product_cat?post=2253"},{"taxonomy":"product_tag","embeddable":true,"href":"https:\/\/bonnettperu.net\/wp56\/wp-json\/wp\/v2\/product_tag?post=2253"}],"curies":[{"name":"wp","href":"https:\/\/api.w.org\/{rel}","templated":true}]}}