{"id":2220,"date":"2022-09-05T19:50:40","date_gmt":"2022-09-05T19:50:40","guid":{"rendered":"http:\/\/bonnettperu.net\/wp56\/?post_type=product&#038;p=2220"},"modified":"2022-12-16T19:55:39","modified_gmt":"2022-12-16T19:55:39","slug":"filtro-de-cartucho-pentair-modelo-clean-clear-rp-100sf0","status":"publish","type":"product","link":"https:\/\/bonnettperu.net\/wp56\/producto\/filtro-de-cartucho-pentair-modelo-clean-clear-rp-100sf0\/","title":{"rendered":"FILTRO DE CARTUCHO PENTAIR MODELO CLEAN &#038; CLEAR RP 100SF0"},"content":{"rendered":"<p>Caracter\u00edsticas:<\/p>\n<ul>\n<li>El cartucho s\u00faper eficiente es f\u00e1cil de quitar y enjuagar<\/li>\n<li>El sello de diamante de conexi\u00f3n r\u00e1pida y baja fuerza se sujeta f\u00e1cilmente sin necesidad de herramientas<\/li>\n<li>Cuerpo del tanque resistente a productos qu\u00edmicos<\/li>\n<li>Drene y lave para un mantenimiento y preparaci\u00f3n para el invierno r\u00e1pidos y convenientes<\/li>\n<li>Anillo de bloqueo de giro f\u00e1cil<\/li>\n<\/ul>\n","protected":false},"excerpt":{"rendered":"<p><a href=\"https:\/\/bonnettperu.net\/wp56\/wp-content\/uploads\/2022\/09\/FICHA-TECNICA_clean-clear-rp-filter.pdf\">FICHA TECNICA_clean-clear-rp-filter<\/a><\/p>\n<p>El filtro de cartucho Clean &amp; Clear RP tiene un puerto de entrada lateral, que proporciona casi un 50 % m\u00e1s de eficiencia que cualquier otro filtro de cartucho \u00fanico disponible.\u00a0En el interior, el filtro Clean &amp; Clear RP ha aumentado la consistencia de la superficie del cartucho para bloquear y atrapar part\u00edculas tan peque\u00f1as como 20 micrones.\u00a0El resultado es un agua de piscina perfecta y un menor uso de energ\u00eda.<\/p>\n","protected":false},"featured_media":4351,"comment_status":"open","ping_status":"closed","template":"","meta":{"_uag_custom_page_level_css":"","site-sidebar-layout":"default","site-content-layout":"default","ast-global-header-display":"","ast-banner-title-visibility":"","ast-main-header-display":"","ast-hfb-above-header-display":"","ast-hfb-below-header-display":"","ast-hfb-mobile-header-display":"","site-post-title":"","ast-breadcrumbs-content":"","ast-featured-img":"","footer-sml-layout":"","theme-transparent-header-meta":"default","adv-header-id-meta":"","stick-header-meta":"","header-above-stick-meta":"","header-main-stick-meta":"","header-below-stick-meta":""},"product_cat":[855,42],"product_tag":[],"uagb_featured_image_src":{"full":["https:\/\/bonnettperu.net\/wp56\/wp-content\/uploads\/2022\/09\/clean-n-clear-rp1.png",1065,693,false],"thumbnail":["https:\/\/bonnettperu.net\/wp56\/wp-content\/uploads\/2022\/09\/clean-n-clear-rp1-150x150.png",150,150,true],"medium":["https:\/\/bonnettperu.net\/wp56\/wp-content\/uploads\/2022\/09\/clean-n-clear-rp1-300x195.png",300,195,true],"medium_large":["https:\/\/bonnettperu.net\/wp56\/wp-content\/uploads\/2022\/09\/clean-n-clear-rp1-768x500.png",768,500,true],"large":["https:\/\/bonnettperu.net\/wp56\/wp-content\/uploads\/2022\/09\/clean-n-clear-rp1-1024x666.png",1024,666,true],"gswps_product_thumb":["https:\/\/bonnettperu.net\/wp56\/wp-content\/uploads\/2022\/09\/clean-n-clear-rp1-350x228.png",350,228,true],"1536x1536":["https:\/\/bonnettperu.net\/wp56\/wp-content\/uploads\/2022\/09\/clean-n-clear-rp1.png",1065,693,false],"2048x2048":["https:\/\/bonnettperu.net\/wp56\/wp-content\/uploads\/2022\/09\/clean-n-clear-rp1.png",1065,693,false],"woocommerce_thumbnail":["https:\/\/bonnettperu.net\/wp56\/wp-content\/uploads\/2022\/09\/clean-n-clear-rp1-300x300.png",300,300,true],"woocommerce_single":["https:\/\/bonnettperu.net\/wp56\/wp-content\/uploads\/2022\/09\/clean-n-clear-rp1-600x390.png",600,390,true],"woocommerce_gallery_thumbnail":["https:\/\/bonnettperu.net\/wp56\/wp-content\/uploads\/2022\/09\/clean-n-clear-rp1-100x100.png",100,100,true],"dgwt-wcas-product-suggestion":["https:\/\/bonnettperu.net\/wp56\/wp-content\/uploads\/2022\/09\/clean-n-clear-rp1.png",64,42,false]},"uagb_author_info":{"display_name":"admin","author_link":"https:\/\/bonnettperu.net\/wp56\/author\/"},"uagb_comment_info":0,"uagb_excerpt":"FICHA TECNICA_clean-clear-rp-filter El filtro de cartucho Clean &amp; Clear RP tiene un puerto de entrada lateral, que proporciona casi un 50 % m\u00e1s de eficiencia que cualquier otro filtro de cartucho \u00fanico disponible.\u00a0En el interior, el filtro Clean &amp; Clear RP ha aumentado la consistencia de la superficie del cartucho para bloquear y atrapar part\u00edculas&hellip;","_links":{"self":[{"href":"https:\/\/bonnettperu.net\/wp56\/wp-json\/wp\/v2\/product\/2220"}],"collection":[{"href":"https:\/\/bonnettperu.net\/wp56\/wp-json\/wp\/v2\/product"}],"about":[{"href":"https:\/\/bonnettperu.net\/wp56\/wp-json\/wp\/v2\/types\/product"}],"replies":[{"embeddable":true,"href":"https:\/\/bonnettperu.net\/wp56\/wp-json\/wp\/v2\/comments?post=2220"}],"wp:featuredmedia":[{"embeddable":true,"href":"https:\/\/bonnettperu.net\/wp56\/wp-json\/wp\/v2\/media\/4351"}],"wp:attachment":[{"href":"https:\/\/bonnettperu.net\/wp56\/wp-json\/wp\/v2\/media?parent=2220"}],"wp:term":[{"taxonomy":"product_cat","embeddable":true,"href":"https:\/\/bonnettperu.net\/wp56\/wp-json\/wp\/v2\/product_cat?post=2220"},{"taxonomy":"product_tag","embeddable":true,"href":"https:\/\/bonnettperu.net\/wp56\/wp-json\/wp\/v2\/product_tag?post=2220"}],"curies":[{"name":"wp","href":"https:\/\/api.w.org\/{rel}","templated":true}]}}