{"id":2174,"date":"2022-09-05T16:19:47","date_gmt":"2022-09-05T16:19:47","guid":{"rendered":"http:\/\/bonnettperu.net\/wp56\/?post_type=product&#038;p=2174"},"modified":"2023-06-02T16:43:57","modified_gmt":"2023-06-02T16:43:57","slug":"bomba-de-calor-crosswind-raypak-modelo-65-i-r-65000","status":"publish","type":"product","link":"https:\/\/bonnettperu.net\/wp56\/producto\/bomba-de-calor-crosswind-raypak-modelo-65-i-r-65000\/","title":{"rendered":"BOMBA DE CALOR CROSSWIND RAYPAK MODELO 65-I-R &#8211; 65,000 BTU"},"content":{"rendered":"<p><strong>Susurro silencioso<\/strong><\/p>\n<p>Cuando est\u00e9 disfrutando de su piscina y spa, los \u00fanicos sonidos que debe escuchar son risas o serenidad.\u00a0El Crosswind est\u00e1 construido con un compresor inversor silencioso junto con un motor de ventilador de baja velocidad.\u00a0Lo que da como resultado un funcionamiento silencioso.<\/p>\n<p><strong>Calor y fr\u00edo<\/strong><\/p>\n<p>Duplica tu diversi\u00f3n, durante esos d\u00edas de verano realmente calurosos.\u00a0Crosswind puede enfriar su piscina a una temperatura agradable.\u00a0El modo de calor y fr\u00edo significa que puede disfrutar de su piscina durante todo el a\u00f1o.<\/p>\n<p><strong>Tecnolog\u00eda de inversor de eficiencia energ\u00e9tica<\/strong><\/p>\n<p>La tecnolog\u00eda Inverter modula en funci\u00f3n de las necesidades de refrigeraci\u00f3n\/calefacci\u00f3n, lo que se traduce en un ahorro de energ\u00eda.<\/p>\n","protected":false},"excerpt":{"rendered":"<div dir=\"auto\"><a href=\"https:\/\/grupobonnett.com\/wp-content\/uploads\/2022\/09\/Ficha-Bomba-de-calor-NEW-Original.pdf\">Ficha T\u00e9cnica Crosswind<\/a><\/div>\n<div dir=\"auto\"><\/div>\n<div class=\"l7ghb35v kjdc1dyq kmwttqpk gh25dzvf jikcssrz n3t5jt4f\">\n<div dir=\"auto\">Cuenta con un funcionamiento silencioso y una correcta eficiencia energ\u00e9tica. La tecnolog\u00eda inverter de Crosswind ajusta y controla autom\u00e1ticamente la temperatura de su piscina para ahorrar energ\u00eda y dinero.<\/div>\n<\/div>\n<div class=\"l7ghb35v kjdc1dyq kmwttqpk gh25dzvf jikcssrz n3t5jt4f\">\n<div dir=\"auto\">Cuenta con un tama\u00f1o compacto para que tenga una mejor maniobrabilidad y as\u00ed su instalaci\u00f3n sea muy sencilla.<\/div>\n<\/div>\n","protected":false},"featured_media":5482,"comment_status":"open","ping_status":"closed","template":"","meta":{"_uag_custom_page_level_css":"","site-sidebar-layout":"default","site-content-layout":"default","ast-global-header-display":"","ast-banner-title-visibility":"","ast-main-header-display":"","ast-hfb-above-header-display":"","ast-hfb-below-header-display":"","ast-hfb-mobile-header-display":"","site-post-title":"","ast-breadcrumbs-content":"","ast-featured-img":"","footer-sml-layout":"","theme-transparent-header-meta":"default","adv-header-id-meta":"","stick-header-meta":"","header-above-stick-meta":"","header-main-stick-meta":"","header-below-stick-meta":""},"product_cat":[856,834,40,827],"product_tag":[],"uagb_featured_image_src":{"full":["https:\/\/bonnettperu.net\/wp56\/wp-content\/uploads\/2023\/06\/Raypak-WEB-01.png",2501,2501,false],"thumbnail":["https:\/\/bonnettperu.net\/wp56\/wp-content\/uploads\/2023\/06\/Raypak-WEB-01-150x150.png",150,150,true],"medium":["https:\/\/bonnettperu.net\/wp56\/wp-content\/uploads\/2023\/06\/Raypak-WEB-01-300x300.png",300,300,true],"medium_large":["https:\/\/bonnettperu.net\/wp56\/wp-content\/uploads\/2023\/06\/Raypak-WEB-01-768x768.png",768,768,true],"large":["https:\/\/bonnettperu.net\/wp56\/wp-content\/uploads\/2023\/06\/Raypak-WEB-01-1024x1024.png",1024,1024,true],"gswps_product_thumb":["https:\/\/bonnettperu.net\/wp56\/wp-content\/uploads\/2023\/06\/Raypak-WEB-01-350x350.png",350,350,true],"1536x1536":["https:\/\/bonnettperu.net\/wp56\/wp-content\/uploads\/2023\/06\/Raypak-WEB-01-1536x1536.png",1536,1536,true],"2048x2048":["https:\/\/bonnettperu.net\/wp56\/wp-content\/uploads\/2023\/06\/Raypak-WEB-01-2048x2048.png",2048,2048,true],"woocommerce_thumbnail":["https:\/\/bonnettperu.net\/wp56\/wp-content\/uploads\/2023\/06\/Raypak-WEB-01-300x300.png",300,300,true],"woocommerce_single":["https:\/\/bonnettperu.net\/wp56\/wp-content\/uploads\/2023\/06\/Raypak-WEB-01-600x600.png",600,600,true],"woocommerce_gallery_thumbnail":["https:\/\/bonnettperu.net\/wp56\/wp-content\/uploads\/2023\/06\/Raypak-WEB-01-100x100.png",100,100,true],"dgwt-wcas-product-suggestion":["https:\/\/bonnettperu.net\/wp56\/wp-content\/uploads\/2023\/06\/Raypak-WEB-01-64x64.png",64,64,true]},"uagb_author_info":{"display_name":"admin","author_link":"https:\/\/bonnettperu.net\/wp56\/author\/"},"uagb_comment_info":0,"uagb_excerpt":"Ficha T\u00e9cnica Crosswind Cuenta con un funcionamiento silencioso y una correcta eficiencia energ\u00e9tica. La tecnolog\u00eda inverter de Crosswind ajusta y controla autom\u00e1ticamente la temperatura de su piscina para ahorrar energ\u00eda y dinero. Cuenta con un tama\u00f1o compacto para que tenga una mejor maniobrabilidad y as\u00ed su instalaci\u00f3n sea muy sencilla.","_links":{"self":[{"href":"https:\/\/bonnettperu.net\/wp56\/wp-json\/wp\/v2\/product\/2174"}],"collection":[{"href":"https:\/\/bonnettperu.net\/wp56\/wp-json\/wp\/v2\/product"}],"about":[{"href":"https:\/\/bonnettperu.net\/wp56\/wp-json\/wp\/v2\/types\/product"}],"replies":[{"embeddable":true,"href":"https:\/\/bonnettperu.net\/wp56\/wp-json\/wp\/v2\/comments?post=2174"}],"wp:featuredmedia":[{"embeddable":true,"href":"https:\/\/bonnettperu.net\/wp56\/wp-json\/wp\/v2\/media\/5482"}],"wp:attachment":[{"href":"https:\/\/bonnettperu.net\/wp56\/wp-json\/wp\/v2\/media?parent=2174"}],"wp:term":[{"taxonomy":"product_cat","embeddable":true,"href":"https:\/\/bonnettperu.net\/wp56\/wp-json\/wp\/v2\/product_cat?post=2174"},{"taxonomy":"product_tag","embeddable":true,"href":"https:\/\/bonnettperu.net\/wp56\/wp-json\/wp\/v2\/product_tag?post=2174"}],"curies":[{"name":"wp","href":"https:\/\/api.w.org\/{rel}","templated":true}]}}