{"id":2155,"date":"2022-09-02T21:13:04","date_gmt":"2022-09-02T21:13:04","guid":{"rendered":"http:\/\/bonnettperu.net\/wp56\/?post_type=product&#038;p=2155"},"modified":"2023-06-02T16:43:31","modified_gmt":"2023-06-02T16:43:31","slug":"bomba-de-calor-raypak-modelo-ps10353ti-e-hc","status":"publish","type":"product","link":"https:\/\/bonnettperu.net\/wp56\/producto\/bomba-de-calor-raypak-modelo-ps10353ti-e-hc\/","title":{"rendered":"BOMBA DE CALOR 170,000 BTU MOD. PS10353TI-E-HC"},"content":{"rendered":"<p><b>Caracter\u00edsticas<\/b><strong>:<\/strong><\/p>\n<p>El control por microprocesador es m\u00e1s preciso que los sistemas mec\u00e1nicos.\u00a0Controla las temperaturas dentro de medio grado del punto de ajuste deseado.\u00a0Los t\u00e9cnicos de servicio pueden ver f\u00e1cilmente el estado del servicio de la unidad.<\/p>\n<p><strong>Acero inoxidable<\/strong><\/p>\n<p>Est\u00e1 espec\u00edficamente dise\u00f1ado para recibir golpes en climas costeros y \u00e1speros, cuenta con un elegante acero inoxidable cepillado de grado 304 que es tan atractivo que no querr\u00e1 esconderse detr\u00e1s de la pared de su equipo.<\/p>\n<p><strong>Control digital<\/strong><\/p>\n<p>Nuestro control digital es f\u00e1cil de usar y controla la configuraci\u00f3n de la temperatura de la piscina y el spa, as\u00ed como los informes de diagn\u00f3stico completos.\u00a0Totalmente compatible con la mayor\u00eda de los sistemas remotos del mercado actual.<\/p>\n<p><strong>Compresores<\/strong><\/p>\n<p>Nuestros compresores de Copeland son confiables y funcionan a niveles m\u00e1s bajos de sonido y vibraci\u00f3n que los compresores alternativos. La durabilidad se basa en un dise\u00f1o robusto que contiene solo unas pocas piezas m\u00f3viles y funciona mejor con el tiempo: no se desgasta.<\/p>\n<p><strong>Funci\u00f3n de enfriamiento<\/strong><\/p>\n<p>Las unidades Raypak Heat-Cool tienen una v\u00e1lvula de inversi\u00f3n \u00fanica que permite que la bomba de calor no solo elimine el fr\u00edo del agua, sino que tambi\u00e9n la vuelva a poner. \u00a1Ahora puede enfriar el agua de su piscina durante los calurosos meses de verano!<\/p>\n<p><strong>Ventilador de ala barrida<\/strong><\/p>\n<p>Las aspas del ventilador &#8220;Swept Wing&#8221; especialmente dise\u00f1adas funcionan de manera m\u00e1s eficiente y generan un sonido m\u00ednimo.\u00a0Las bombas de calor Raypak est\u00e1n llenas de componentes de primera calidad.<\/p>\n<p><strong>Descongelamiento r\u00e1pido<\/strong><\/p>\n<p>Las \u00e1reas que est\u00e1n sujetas a temperaturas ambiente m\u00e1s bajas tienden a hacer que se acumule hielo en el serpent\u00edn de condensaci\u00f3n de una bomba de calor.\u00a0La bomba de calor profesional utiliza un sistema de gesti\u00f3n de refrigerante patentado para descongelar r\u00e1pidamente el calentador.<\/p>\n<p><strong>Tubo de titanio en espiral<\/strong><\/p>\n<p>El intercambiador de calor proporciona una v\u00eda fluvial libre de corrosi\u00f3n que puede soportar los abusos de la qu\u00edmica de la piscina.\u00a0El tubo en espiral ayuda a reducir la acumulaci\u00f3n de dep\u00f3sitos y aumenta la eficiencia al realizar una acci\u00f3n de \u201clevantar y levantar\u201d.<\/p>\n<p><strong>Interruptor de\u00a0flujo<\/strong><\/p>\n<p>El interruptor de flujo es un equipo est\u00e1ndar en Raypak Professional.\u00a0Tener un interruptor de flujo elimina los problemas del interruptor de presi\u00f3n de las piscinas elevadas, por encima o por debajo del nivel.\u00a0Adem\u00e1s, un interruptor de flujo es la \u00fanica forma segura de garantizar que el aparato tenga un flujo adecuado.<\/p>\n<p><strong>Energ\u00eda eficiente<\/strong><\/p>\n<p>Una bomba de calor funciona de 5 a 6 veces la eficiencia de un calentador est\u00e1ndar de gas, petr\u00f3leo o electricidad. Si vive en un \u00e1rea donde sus costos de gas natural o propano han superado sus costos de electricidad, los ahorros pueden ser grandes.<\/p>\n","protected":false},"excerpt":{"rendered":"<p><a href=\"https:\/\/grupobonnett.com\/wp-content\/uploads\/2022\/09\/bomba-de-calor-diptico-A4-1_compressed.pdf\">Ficha T\u00e9cnica bomba-de-calor<\/a><\/p>\n<p>Presentamos los calentadores de piscina con bomba de calor de la serie Raypak Professional, dise\u00f1ados espec\u00edficamente para propiedades comerciales como apartamentos, condominios, hoteles, moteles, escuelas, parques, piscinas comunitarias y privadas de alta gama. Tambi\u00e9n es el calentador perfecto para condiciones clim\u00e1ticas costeras dif\u00edciles donde la brisa marina desaf\u00eda la durabilidad.<\/p>\n","protected":false},"featured_media":5481,"comment_status":"open","ping_status":"closed","template":"","meta":{"_uag_custom_page_level_css":"","site-sidebar-layout":"default","site-content-layout":"default","ast-global-header-display":"","ast-banner-title-visibility":"","ast-main-header-display":"","ast-hfb-above-header-display":"","ast-hfb-below-header-display":"","ast-hfb-mobile-header-display":"","site-post-title":"","ast-breadcrumbs-content":"","ast-featured-img":"","footer-sml-layout":"","theme-transparent-header-meta":"default","adv-header-id-meta":"","stick-header-meta":"","header-above-stick-meta":"","header-main-stick-meta":"","header-below-stick-meta":""},"product_cat":[856,834,40,827],"product_tag":[],"uagb_featured_image_src":{"full":["https:\/\/bonnettperu.net\/wp56\/wp-content\/uploads\/2023\/06\/Raypak-WEB-07.png",2501,2501,false],"thumbnail":["https:\/\/bonnettperu.net\/wp56\/wp-content\/uploads\/2023\/06\/Raypak-WEB-07-150x150.png",150,150,true],"medium":["https:\/\/bonnettperu.net\/wp56\/wp-content\/uploads\/2023\/06\/Raypak-WEB-07-300x300.png",300,300,true],"medium_large":["https:\/\/bonnettperu.net\/wp56\/wp-content\/uploads\/2023\/06\/Raypak-WEB-07-768x768.png",768,768,true],"large":["https:\/\/bonnettperu.net\/wp56\/wp-content\/uploads\/2023\/06\/Raypak-WEB-07-1024x1024.png",1024,1024,true],"gswps_product_thumb":["https:\/\/bonnettperu.net\/wp56\/wp-content\/uploads\/2023\/06\/Raypak-WEB-07-350x350.png",350,350,true],"1536x1536":["https:\/\/bonnettperu.net\/wp56\/wp-content\/uploads\/2023\/06\/Raypak-WEB-07-1536x1536.png",1536,1536,true],"2048x2048":["https:\/\/bonnettperu.net\/wp56\/wp-content\/uploads\/2023\/06\/Raypak-WEB-07-2048x2048.png",2048,2048,true],"woocommerce_thumbnail":["https:\/\/bonnettperu.net\/wp56\/wp-content\/uploads\/2023\/06\/Raypak-WEB-07-300x300.png",300,300,true],"woocommerce_single":["https:\/\/bonnettperu.net\/wp56\/wp-content\/uploads\/2023\/06\/Raypak-WEB-07-600x600.png",600,600,true],"woocommerce_gallery_thumbnail":["https:\/\/bonnettperu.net\/wp56\/wp-content\/uploads\/2023\/06\/Raypak-WEB-07-100x100.png",100,100,true],"dgwt-wcas-product-suggestion":["https:\/\/bonnettperu.net\/wp56\/wp-content\/uploads\/2023\/06\/Raypak-WEB-07-64x64.png",64,64,true]},"uagb_author_info":{"display_name":"admin","author_link":"https:\/\/bonnettperu.net\/wp56\/author\/"},"uagb_comment_info":0,"uagb_excerpt":"Ficha T\u00e9cnica bomba-de-calor Presentamos los calentadores de piscina con bomba de calor de la serie Raypak Professional, dise\u00f1ados espec\u00edficamente para propiedades comerciales como apartamentos, condominios, hoteles, moteles, escuelas, parques, piscinas comunitarias y privadas de alta gama. Tambi\u00e9n es el calentador perfecto para condiciones clim\u00e1ticas costeras dif\u00edciles donde la brisa marina desaf\u00eda la durabilidad.","_links":{"self":[{"href":"https:\/\/bonnettperu.net\/wp56\/wp-json\/wp\/v2\/product\/2155"}],"collection":[{"href":"https:\/\/bonnettperu.net\/wp56\/wp-json\/wp\/v2\/product"}],"about":[{"href":"https:\/\/bonnettperu.net\/wp56\/wp-json\/wp\/v2\/types\/product"}],"replies":[{"embeddable":true,"href":"https:\/\/bonnettperu.net\/wp56\/wp-json\/wp\/v2\/comments?post=2155"}],"wp:featuredmedia":[{"embeddable":true,"href":"https:\/\/bonnettperu.net\/wp56\/wp-json\/wp\/v2\/media\/5481"}],"wp:attachment":[{"href":"https:\/\/bonnettperu.net\/wp56\/wp-json\/wp\/v2\/media?parent=2155"}],"wp:term":[{"taxonomy":"product_cat","embeddable":true,"href":"https:\/\/bonnettperu.net\/wp56\/wp-json\/wp\/v2\/product_cat?post=2155"},{"taxonomy":"product_tag","embeddable":true,"href":"https:\/\/bonnettperu.net\/wp56\/wp-json\/wp\/v2\/product_tag?post=2155"}],"curies":[{"name":"wp","href":"https:\/\/api.w.org\/{rel}","templated":true}]}}