{"id":2146,"date":"2022-09-02T20:51:58","date_gmt":"2022-09-02T20:51:58","guid":{"rendered":"http:\/\/bonnettperu.net\/wp56\/?post_type=product&#038;p=2146"},"modified":"2022-12-16T20:17:02","modified_gmt":"2022-12-16T20:17:02","slug":"electrobomba-pentair-modelo-whisperflo-wfk-12","status":"publish","type":"product","link":"https:\/\/bonnettperu.net\/wp56\/producto\/electrobomba-pentair-modelo-whisperflo-wfk-12\/","title":{"rendered":"ELECTROBOMBA PENTAIR MODELO WHISPERFLO WFK-12 DE 3 HP. TRIF. 220-460V."},"content":{"rendered":"<p><strong>Caracter\u00edsticas:<\/strong><\/p>\n<ul>\n<li><span>Reemplazo directo para WhisperFlo original;\u00a0y la placa elevadora opcional permite un f\u00e1cil reemplazo del Challenger<\/span><\/li>\n<li><span>El sistema de plomer\u00eda modular significa menos necesidad de cortar y pegar tuber\u00edas<\/span><\/li>\n<li><span>El roscado del puerto externo y las tuercas de uni\u00f3n sin herramientas solo necesitan apretarse a mano<\/span><\/li>\n<li><span>Asa f\u00e1cil de transportar;\u00a0anillo de bloqueo ergon\u00f3mico f\u00e1cilmente extra\u00edble;\u00a0y tapa transparente para facilitar la inspecci\u00f3n de la cesta<\/span><\/li>\n<li><span><span>Nuevo motor de doble compartimento mejorado para un cableado de campo simplificado<\/span><\/span><\/li>\n<li><span><span>El nuevo aislador hidr\u00e1ulico separa el agua de cebado del agua de bombeo para un cebado m\u00e1s r\u00e1pido, un flujo m\u00e1s libre de turbulencias y una mayor eficiencia<\/span><\/span><\/li>\n<li><span><span>Se incluyen nuevos conectores de uni\u00f3n para conectar directamente a tuber\u00edas de 2,5&#8243; o 3&#8243;<\/span><\/span><\/li>\n<\/ul>\n","protected":false},"excerpt":{"rendered":"<p><a href=\"https:\/\/bonnettperu.net\/wp56\/wp-content\/uploads\/2022\/09\/whisperflo-high-performance-pump-english.pdf\">FICHA T\u00c9CNICA PENTAIR WHISPERFLO<\/a><\/p>\n<p><span>La nueva bomba de piscina WhisperFlo XF\u00ae se desarroll\u00f3 utilizando las herramientas de ingenier\u00eda m\u00e1s avanzadas disponibles: CFD (din\u00e1mica de fluidos computacional) y FEA (an\u00e1lisis de elementos finitos). <\/span><span>El dise\u00f1o patentado del impulsor ofrece un mayor nivel de concentricidad de precisi\u00f3n para una mayor eficiencia.\u00a0<\/span><span>El aislador hidr\u00e1ulico patentado suaviza el flujo de agua dentro de la voluta, elevando a\u00fan m\u00e1s la eficiencia.\u00a0<\/span><span>Con capacidades superiores a 200 gpm, WhisperFlo XF es una opci\u00f3n ideal para muchas aplicaciones residenciales y comerciales; <\/span><span>especialmente aquellos relacionados con elementos acu\u00e1ticos, bordes negativos y toboganes.<\/span><\/p>\n","protected":false},"featured_media":4302,"comment_status":"open","ping_status":"closed","template":"","meta":{"_uag_custom_page_level_css":"","site-sidebar-layout":"default","site-content-layout":"default","ast-global-header-display":"","ast-banner-title-visibility":"","ast-main-header-display":"","ast-hfb-above-header-display":"","ast-hfb-below-header-display":"","ast-hfb-mobile-header-display":"","site-post-title":"","ast-breadcrumbs-content":"","ast-featured-img":"","footer-sml-layout":"","theme-transparent-header-meta":"default","adv-header-id-meta":"","stick-header-meta":"","header-above-stick-meta":"","header-main-stick-meta":"","header-below-stick-meta":""},"product_cat":[832,42],"product_tag":[],"uagb_featured_image_src":{"full":["https:\/\/bonnettperu.net\/wp56\/wp-content\/uploads\/2022\/10\/whisperflo-xf-sd-pump.png.thumb_.1280.1280.png",1064,680,false],"thumbnail":["https:\/\/bonnettperu.net\/wp56\/wp-content\/uploads\/2022\/10\/whisperflo-xf-sd-pump.png.thumb_.1280.1280-150x150.png",150,150,true],"medium":["https:\/\/bonnettperu.net\/wp56\/wp-content\/uploads\/2022\/10\/whisperflo-xf-sd-pump.png.thumb_.1280.1280-300x192.png",300,192,true],"medium_large":["https:\/\/bonnettperu.net\/wp56\/wp-content\/uploads\/2022\/10\/whisperflo-xf-sd-pump.png.thumb_.1280.1280-768x491.png",768,491,true],"large":["https:\/\/bonnettperu.net\/wp56\/wp-content\/uploads\/2022\/10\/whisperflo-xf-sd-pump.png.thumb_.1280.1280-1024x654.png",1024,654,true],"gswps_product_thumb":["https:\/\/bonnettperu.net\/wp56\/wp-content\/uploads\/2022\/10\/whisperflo-xf-sd-pump.png.thumb_.1280.1280-350x224.png",350,224,true],"1536x1536":["https:\/\/bonnettperu.net\/wp56\/wp-content\/uploads\/2022\/10\/whisperflo-xf-sd-pump.png.thumb_.1280.1280.png",1064,680,false],"2048x2048":["https:\/\/bonnettperu.net\/wp56\/wp-content\/uploads\/2022\/10\/whisperflo-xf-sd-pump.png.thumb_.1280.1280.png",1064,680,false],"woocommerce_thumbnail":["https:\/\/bonnettperu.net\/wp56\/wp-content\/uploads\/2022\/10\/whisperflo-xf-sd-pump.png.thumb_.1280.1280-300x300.png",300,300,true],"woocommerce_single":["https:\/\/bonnettperu.net\/wp56\/wp-content\/uploads\/2022\/10\/whisperflo-xf-sd-pump.png.thumb_.1280.1280-600x383.png",600,383,true],"woocommerce_gallery_thumbnail":["https:\/\/bonnettperu.net\/wp56\/wp-content\/uploads\/2022\/10\/whisperflo-xf-sd-pump.png.thumb_.1280.1280-100x100.png",100,100,true],"dgwt-wcas-product-suggestion":["https:\/\/bonnettperu.net\/wp56\/wp-content\/uploads\/2022\/10\/whisperflo-xf-sd-pump.png.thumb_.1280.1280.png",64,41,false]},"uagb_author_info":{"display_name":"admin","author_link":"https:\/\/bonnettperu.net\/wp56\/author\/"},"uagb_comment_info":0,"uagb_excerpt":"FICHA T\u00c9CNICA PENTAIR WHISPERFLO La nueva bomba de piscina WhisperFlo XF\u00ae se desarroll\u00f3 utilizando las herramientas de ingenier\u00eda m\u00e1s avanzadas disponibles: CFD (din\u00e1mica de fluidos computacional) y FEA (an\u00e1lisis de elementos finitos). El dise\u00f1o patentado del impulsor ofrece un mayor nivel de concentricidad de precisi\u00f3n para una mayor eficiencia.\u00a0El aislador hidr\u00e1ulico patentado suaviza el flujo&hellip;","_links":{"self":[{"href":"https:\/\/bonnettperu.net\/wp56\/wp-json\/wp\/v2\/product\/2146"}],"collection":[{"href":"https:\/\/bonnettperu.net\/wp56\/wp-json\/wp\/v2\/product"}],"about":[{"href":"https:\/\/bonnettperu.net\/wp56\/wp-json\/wp\/v2\/types\/product"}],"replies":[{"embeddable":true,"href":"https:\/\/bonnettperu.net\/wp56\/wp-json\/wp\/v2\/comments?post=2146"}],"wp:featuredmedia":[{"embeddable":true,"href":"https:\/\/bonnettperu.net\/wp56\/wp-json\/wp\/v2\/media\/4302"}],"wp:attachment":[{"href":"https:\/\/bonnettperu.net\/wp56\/wp-json\/wp\/v2\/media?parent=2146"}],"wp:term":[{"taxonomy":"product_cat","embeddable":true,"href":"https:\/\/bonnettperu.net\/wp56\/wp-json\/wp\/v2\/product_cat?post=2146"},{"taxonomy":"product_tag","embeddable":true,"href":"https:\/\/bonnettperu.net\/wp56\/wp-json\/wp\/v2\/product_tag?post=2146"}],"curies":[{"name":"wp","href":"https:\/\/api.w.org\/{rel}","templated":true}]}}