{"id":2140,"date":"2022-09-02T20:42:49","date_gmt":"2022-09-02T20:42:49","guid":{"rendered":"http:\/\/bonnettperu.net\/wp56\/?post_type=product&#038;p=2140"},"modified":"2022-11-14T17:11:31","modified_gmt":"2022-11-14T17:11:31","slug":"electrobomba-emaux-modelo-sr-15","status":"publish","type":"product","link":"https:\/\/bonnettperu.net\/wp56\/producto\/electrobomba-emaux-modelo-sr-15\/","title":{"rendered":"ELECTROBOMBA EMAUX MODELO SR-15"},"content":{"rendered":"<p>Caracter\u00edsticas:<\/p>\n<p>\u00b7 As\u00edncrono, dos polos.<br \/>\n\u00b7 Clase de aislamiento: 130 (B)<br \/>\n\u00b7 Est\u00e1ndar impermeable IPX5<br \/>\n\u00b7 Protecci\u00f3n t\u00e9rmica incorporada.<br \/>\n\u00b7 Protecci\u00f3n de sobrecarga<br \/>\n\u00b7 Disipador de calor externo<br \/>\n\u00b7 Disponible en 50Hz o 60Hz con 220V \/ 380V<br \/>\n\u00b7 Uni\u00f3n de dise\u00f1o especial compatible para medida tanto imperial como m\u00e9trica,est\u00e1ndar.<br \/>\n\u00b7 S.S 316 Eje<br \/>\n\u00b7 Cierre mec\u00e1nico S.S 316<br \/>\n\u00b7 Prueba de presi\u00f3n 50 PSI (3.5 Bar).<\/p>\n","protected":false},"excerpt":{"rendered":"<p>&nbsp;<\/p>\n<p>La bomba de servicio pesado de la serie &#8220;SR&#8221; proporciona alto flujo y energ\u00eda eficiencia ultra rendimiento.<\/p>\n<p>Es apto para uso comercial, piscinas de hidromasaje, puerto de succi\u00f3n y descarga de 2 pulgadas con tapa transparente. Anillo de bloqueo de dise\u00f1o de sello para eliminar las fugas de succi\u00f3n y para maximizar la eficiencia de succi\u00f3n.<\/p>\n","protected":false},"featured_media":4246,"comment_status":"open","ping_status":"closed","template":"","meta":{"_uag_custom_page_level_css":"","site-sidebar-layout":"default","site-content-layout":"default","ast-global-header-display":"","ast-banner-title-visibility":"","ast-main-header-display":"","ast-hfb-above-header-display":"","ast-hfb-below-header-display":"","ast-hfb-mobile-header-display":"","site-post-title":"","ast-breadcrumbs-content":"","ast-featured-img":"","footer-sml-layout":"","theme-transparent-header-meta":"default","adv-header-id-meta":"","stick-header-meta":"","header-above-stick-meta":"","header-main-stick-meta":"","header-below-stick-meta":""},"product_cat":[832,46,834],"product_tag":[],"uagb_featured_image_src":{"full":["https:\/\/bonnettperu.net\/wp56\/wp-content\/uploads\/2022\/09\/BOMBA-SR-1.jpg",497,418,false],"thumbnail":["https:\/\/bonnettperu.net\/wp56\/wp-content\/uploads\/2022\/09\/BOMBA-SR-1-150x150.jpg",150,150,true],"medium":["https:\/\/bonnettperu.net\/wp56\/wp-content\/uploads\/2022\/09\/BOMBA-SR-1-300x252.jpg",300,252,true],"medium_large":["https:\/\/bonnettperu.net\/wp56\/wp-content\/uploads\/2022\/09\/BOMBA-SR-1.jpg",497,418,false],"large":["https:\/\/bonnettperu.net\/wp56\/wp-content\/uploads\/2022\/09\/BOMBA-SR-1.jpg",497,418,false],"gswps_product_thumb":["https:\/\/bonnettperu.net\/wp56\/wp-content\/uploads\/2022\/09\/BOMBA-SR-1-350x294.jpg",350,294,true],"1536x1536":["https:\/\/bonnettperu.net\/wp56\/wp-content\/uploads\/2022\/09\/BOMBA-SR-1.jpg",497,418,false],"2048x2048":["https:\/\/bonnettperu.net\/wp56\/wp-content\/uploads\/2022\/09\/BOMBA-SR-1.jpg",497,418,false],"woocommerce_thumbnail":["https:\/\/bonnettperu.net\/wp56\/wp-content\/uploads\/2022\/09\/BOMBA-SR-1-300x300.jpg",300,300,true],"woocommerce_single":["https:\/\/bonnettperu.net\/wp56\/wp-content\/uploads\/2022\/09\/BOMBA-SR-1.jpg",497,418,false],"woocommerce_gallery_thumbnail":["https:\/\/bonnettperu.net\/wp56\/wp-content\/uploads\/2022\/09\/BOMBA-SR-1-100x100.jpg",100,100,true],"dgwt-wcas-product-suggestion":["https:\/\/bonnettperu.net\/wp56\/wp-content\/uploads\/2022\/09\/BOMBA-SR-1.jpg",64,54,false]},"uagb_author_info":{"display_name":"admin","author_link":"https:\/\/bonnettperu.net\/wp56\/author\/"},"uagb_comment_info":0,"uagb_excerpt":"&nbsp; La bomba de servicio pesado de la serie \"SR\" proporciona alto flujo y energ\u00eda eficiencia ultra rendimiento. Es apto para uso comercial, piscinas de hidromasaje, puerto de succi\u00f3n y descarga de 2 pulgadas con tapa transparente. Anillo de bloqueo de dise\u00f1o de sello para eliminar las fugas de succi\u00f3n y para maximizar la eficiencia&hellip;","_links":{"self":[{"href":"https:\/\/bonnettperu.net\/wp56\/wp-json\/wp\/v2\/product\/2140"}],"collection":[{"href":"https:\/\/bonnettperu.net\/wp56\/wp-json\/wp\/v2\/product"}],"about":[{"href":"https:\/\/bonnettperu.net\/wp56\/wp-json\/wp\/v2\/types\/product"}],"replies":[{"embeddable":true,"href":"https:\/\/bonnettperu.net\/wp56\/wp-json\/wp\/v2\/comments?post=2140"}],"wp:featuredmedia":[{"embeddable":true,"href":"https:\/\/bonnettperu.net\/wp56\/wp-json\/wp\/v2\/media\/4246"}],"wp:attachment":[{"href":"https:\/\/bonnettperu.net\/wp56\/wp-json\/wp\/v2\/media?parent=2140"}],"wp:term":[{"taxonomy":"product_cat","embeddable":true,"href":"https:\/\/bonnettperu.net\/wp56\/wp-json\/wp\/v2\/product_cat?post=2140"},{"taxonomy":"product_tag","embeddable":true,"href":"https:\/\/bonnettperu.net\/wp56\/wp-json\/wp\/v2\/product_tag?post=2140"}],"curies":[{"name":"wp","href":"https:\/\/api.w.org\/{rel}","templated":true}]}}