{"id":2113,"date":"2022-09-02T17:50:06","date_gmt":"2022-09-02T17:50:06","guid":{"rendered":"http:\/\/bonnettperu.net\/wp56\/?post_type=product&#038;p=2113"},"modified":"2022-12-16T15:58:12","modified_gmt":"2022-12-16T15:58:12","slug":"tanque-hidroneumatico-elbi-vertical-100-lts","status":"publish","type":"product","link":"https:\/\/bonnettperu.net\/wp56\/producto\/tanque-hidroneumatico-elbi-vertical-100-lts\/","title":{"rendered":"TANQUE HIDRONEUMATICO &#8220;ELBI&#8221; VERTICAL 100 Lts."},"content":{"rendered":"","protected":false},"excerpt":{"rendered":"<p>Los dep\u00f3sitos de membrana recambiable de Elbi son el fruto de 50 a\u00f1os de experiencia en dise\u00f1o, fabricaci\u00f3n y montaje de tanques para instalaciones h\u00eddricas. La gama, la m\u00e1s completa que pone a disposici\u00f3n el mercado por variedad de modelos.\u00a0 Los tanques de membrana recambiable de la serie AF son aptos para la mayor parte de las instalaciones residenciales e industriales donde se necesiten caudales de agua notables. Se entregan de serie en la versi\u00f3n de 10 bares.<\/p>\n","protected":false},"featured_media":3444,"comment_status":"open","ping_status":"closed","template":"","meta":{"_uag_custom_page_level_css":"","site-sidebar-layout":"default","site-content-layout":"default","ast-global-header-display":"","ast-banner-title-visibility":"","ast-main-header-display":"","ast-hfb-above-header-display":"","ast-hfb-below-header-display":"","ast-hfb-mobile-header-display":"","site-post-title":"","ast-breadcrumbs-content":"","ast-featured-img":"","footer-sml-layout":"","theme-transparent-header-meta":"default","adv-header-id-meta":"","stick-header-meta":"","header-above-stick-meta":"","header-main-stick-meta":"","header-below-stick-meta":""},"product_cat":[52,869],"product_tag":[],"uagb_featured_image_src":{"full":["https:\/\/bonnettperu.net\/wp56\/wp-content\/uploads\/2022\/09\/TANQUE-HIDRONEUMATICO-ELBI-Horizontal.png",563,644,false],"thumbnail":["https:\/\/bonnettperu.net\/wp56\/wp-content\/uploads\/2022\/09\/TANQUE-HIDRONEUMATICO-ELBI-Horizontal-150x150.png",150,150,true],"medium":["https:\/\/bonnettperu.net\/wp56\/wp-content\/uploads\/2022\/09\/TANQUE-HIDRONEUMATICO-ELBI-Horizontal-262x300.png",262,300,true],"medium_large":["https:\/\/bonnettperu.net\/wp56\/wp-content\/uploads\/2022\/09\/TANQUE-HIDRONEUMATICO-ELBI-Horizontal.png",563,644,false],"large":["https:\/\/bonnettperu.net\/wp56\/wp-content\/uploads\/2022\/09\/TANQUE-HIDRONEUMATICO-ELBI-Horizontal.png",563,644,false],"gswps_product_thumb":["https:\/\/bonnettperu.net\/wp56\/wp-content\/uploads\/2022\/09\/TANQUE-HIDRONEUMATICO-ELBI-Horizontal-350x400.png",350,400,true],"1536x1536":["https:\/\/bonnettperu.net\/wp56\/wp-content\/uploads\/2022\/09\/TANQUE-HIDRONEUMATICO-ELBI-Horizontal.png",563,644,false],"2048x2048":["https:\/\/bonnettperu.net\/wp56\/wp-content\/uploads\/2022\/09\/TANQUE-HIDRONEUMATICO-ELBI-Horizontal.png",563,644,false],"woocommerce_thumbnail":["https:\/\/bonnettperu.net\/wp56\/wp-content\/uploads\/2022\/09\/TANQUE-HIDRONEUMATICO-ELBI-Horizontal-300x300.png",300,300,true],"woocommerce_single":["https:\/\/bonnettperu.net\/wp56\/wp-content\/uploads\/2022\/09\/TANQUE-HIDRONEUMATICO-ELBI-Horizontal.png",563,644,false],"woocommerce_gallery_thumbnail":["https:\/\/bonnettperu.net\/wp56\/wp-content\/uploads\/2022\/09\/TANQUE-HIDRONEUMATICO-ELBI-Horizontal-100x100.png",100,100,true],"dgwt-wcas-product-suggestion":["https:\/\/bonnettperu.net\/wp56\/wp-content\/uploads\/2022\/09\/TANQUE-HIDRONEUMATICO-ELBI-Horizontal.png",64,73,false]},"uagb_author_info":{"display_name":"admin","author_link":"https:\/\/bonnettperu.net\/wp56\/author\/"},"uagb_comment_info":0,"uagb_excerpt":"Los dep\u00f3sitos de membrana recambiable de Elbi son el fruto de 50 a\u00f1os de experiencia en dise\u00f1o, fabricaci\u00f3n y montaje de tanques para instalaciones h\u00eddricas. La gama, la m\u00e1s completa que pone a disposici\u00f3n el mercado por variedad de modelos.\u00a0 Los tanques de membrana recambiable de la serie AF son aptos para la mayor parte&hellip;","_links":{"self":[{"href":"https:\/\/bonnettperu.net\/wp56\/wp-json\/wp\/v2\/product\/2113"}],"collection":[{"href":"https:\/\/bonnettperu.net\/wp56\/wp-json\/wp\/v2\/product"}],"about":[{"href":"https:\/\/bonnettperu.net\/wp56\/wp-json\/wp\/v2\/types\/product"}],"replies":[{"embeddable":true,"href":"https:\/\/bonnettperu.net\/wp56\/wp-json\/wp\/v2\/comments?post=2113"}],"wp:featuredmedia":[{"embeddable":true,"href":"https:\/\/bonnettperu.net\/wp56\/wp-json\/wp\/v2\/media\/3444"}],"wp:attachment":[{"href":"https:\/\/bonnettperu.net\/wp56\/wp-json\/wp\/v2\/media?parent=2113"}],"wp:term":[{"taxonomy":"product_cat","embeddable":true,"href":"https:\/\/bonnettperu.net\/wp56\/wp-json\/wp\/v2\/product_cat?post=2113"},{"taxonomy":"product_tag","embeddable":true,"href":"https:\/\/bonnettperu.net\/wp56\/wp-json\/wp\/v2\/product_tag?post=2113"}],"curies":[{"name":"wp","href":"https:\/\/api.w.org\/{rel}","templated":true}]}}