{"id":2102,"date":"2022-09-02T15:54:10","date_gmt":"2022-09-02T15:54:10","guid":{"rendered":"http:\/\/bonnettperu.net\/wp56\/?post_type=product&#038;p=2102"},"modified":"2023-06-02T16:42:51","modified_gmt":"2023-06-02T16:42:51","slug":"manguera-flexible-1-con-codo-800-mm","status":"publish","type":"product","link":"https:\/\/bonnettperu.net\/wp56\/producto\/manguera-flexible-1-con-codo-800-mm\/","title":{"rendered":"MANGUERA FLEXIBLE LUISE 1&#8243; CON CODO (800 mm.)"},"content":{"rendered":"<p><strong>Informaci\u00f3n t\u00e9cnica:<\/strong><\/p>\n<ul>\n<li>Presi\u00f3n nominal PN de G\u00bc&#8221; a G1.\u00bc&#8221;\u00a0 \u00a0 \u00a0 \u00a0 \u00a0 \u00a0 \u00a0 \u00a0 \u00a0 10 Bar a 20\u00b0C<\/li>\n<li>Presi\u00f3n nominal PN de G1.\u00bd&#8221; a G 2&#8243;\u00a0 \u00a0 \u00a0 \u00a0 \u00a0 \u00a0 \u00a0 \u00a0 \u00a0 \u00a06 Bar a 20\u00b0C<\/li>\n<li>Di\u00e1metro nominal DN de G\u00bc&#8221; a G 2&#8243;\u00a0 \u00a0 \u00a0 \u00a0 \u00a0 \u00a0 \u00a0 \u00a0 \u00a0 con asientos planos<\/li>\n<li>Temperatura de funcionamiento m\u00e1x.\u00a0 \u00a0 \u00a0 \u00a0 \u00a0 \u00a0 \u00a0 \u00a0 \u00a090\u00b0C<\/li>\n<li>Natura del fluido\u00a0 \u00a0 \u00a0 \u00a0 \u00a0 \u00a0 \u00a0 \u00a0 \u00a0 \u00a0 \u00a0 \u00a0 \u00a0 \u00a0 \u00a0 \u00a0 \u00a0 \u00a0 \u00a0 \u00a0 \u00a0 \u00a0 \u00a0 \u00a0 \u00a0 agua<\/li>\n<\/ul>\n","protected":false},"excerpt":{"rendered":"<p>Mangueras flexibles con trenzado y casquillos de acero inoxidable, racores de lat\u00f3n niquelado y manguera de caucho EPDM de gran espesor.<\/p>\n<p>Estas mangueras flexibles garantizan inalterabilidad y no toxicidad gracias a los materiales utilizados en su construcci\u00f3n.<br \/>\nPor tanto, pueden utilizarse en sistemas donde se desee evitar la aparici\u00f3n de herrumbres u \u00f3xidos y para el tratamiento de fluidos que deban mantener intacta su atoxicidad.<\/p>\n","protected":false},"featured_media":5450,"comment_status":"open","ping_status":"closed","template":"","meta":{"_uag_custom_page_level_css":"","site-sidebar-layout":"default","site-content-layout":"default","ast-global-header-display":"","ast-banner-title-visibility":"","ast-main-header-display":"","ast-hfb-above-header-display":"","ast-hfb-below-header-display":"","ast-hfb-mobile-header-display":"","site-post-title":"","ast-breadcrumbs-content":"","ast-featured-img":"","footer-sml-layout":"","theme-transparent-header-meta":"default","adv-header-id-meta":"","stick-header-meta":"","header-above-stick-meta":"","header-main-stick-meta":"","header-below-stick-meta":""},"product_cat":[43,838,883],"product_tag":[],"uagb_featured_image_src":{"full":["https:\/\/bonnettperu.net\/wp56\/wp-content\/uploads\/2023\/06\/Plantilla-para-fotos-WEB-01.jpg",2500,2500,false],"thumbnail":["https:\/\/bonnettperu.net\/wp56\/wp-content\/uploads\/2023\/06\/Plantilla-para-fotos-WEB-01-150x150.jpg",150,150,true],"medium":["https:\/\/bonnettperu.net\/wp56\/wp-content\/uploads\/2023\/06\/Plantilla-para-fotos-WEB-01-300x300.jpg",300,300,true],"medium_large":["https:\/\/bonnettperu.net\/wp56\/wp-content\/uploads\/2023\/06\/Plantilla-para-fotos-WEB-01-768x768.jpg",768,768,true],"large":["https:\/\/bonnettperu.net\/wp56\/wp-content\/uploads\/2023\/06\/Plantilla-para-fotos-WEB-01-1024x1024.jpg",1024,1024,true],"gswps_product_thumb":["https:\/\/bonnettperu.net\/wp56\/wp-content\/uploads\/2023\/06\/Plantilla-para-fotos-WEB-01-350x350.jpg",350,350,true],"1536x1536":["https:\/\/bonnettperu.net\/wp56\/wp-content\/uploads\/2023\/06\/Plantilla-para-fotos-WEB-01-1536x1536.jpg",1536,1536,true],"2048x2048":["https:\/\/bonnettperu.net\/wp56\/wp-content\/uploads\/2023\/06\/Plantilla-para-fotos-WEB-01-2048x2048.jpg",2048,2048,true],"woocommerce_thumbnail":["https:\/\/bonnettperu.net\/wp56\/wp-content\/uploads\/2023\/06\/Plantilla-para-fotos-WEB-01-300x300.jpg",300,300,true],"woocommerce_single":["https:\/\/bonnettperu.net\/wp56\/wp-content\/uploads\/2023\/06\/Plantilla-para-fotos-WEB-01-600x600.jpg",600,600,true],"woocommerce_gallery_thumbnail":["https:\/\/bonnettperu.net\/wp56\/wp-content\/uploads\/2023\/06\/Plantilla-para-fotos-WEB-01-100x100.jpg",100,100,true],"dgwt-wcas-product-suggestion":["https:\/\/bonnettperu.net\/wp56\/wp-content\/uploads\/2023\/06\/Plantilla-para-fotos-WEB-01-64x64.jpg",64,64,true]},"uagb_author_info":{"display_name":"admin","author_link":"https:\/\/bonnettperu.net\/wp56\/author\/"},"uagb_comment_info":0,"uagb_excerpt":"Mangueras flexibles con trenzado y casquillos de acero inoxidable, racores de lat\u00f3n niquelado y manguera de caucho EPDM de gran espesor. Estas mangueras flexibles garantizan inalterabilidad y no toxicidad gracias a los materiales utilizados en su construcci\u00f3n. Por tanto, pueden utilizarse en sistemas donde se desee evitar la aparici\u00f3n de herrumbres u \u00f3xidos y para&hellip;","_links":{"self":[{"href":"https:\/\/bonnettperu.net\/wp56\/wp-json\/wp\/v2\/product\/2102"}],"collection":[{"href":"https:\/\/bonnettperu.net\/wp56\/wp-json\/wp\/v2\/product"}],"about":[{"href":"https:\/\/bonnettperu.net\/wp56\/wp-json\/wp\/v2\/types\/product"}],"replies":[{"embeddable":true,"href":"https:\/\/bonnettperu.net\/wp56\/wp-json\/wp\/v2\/comments?post=2102"}],"wp:featuredmedia":[{"embeddable":true,"href":"https:\/\/bonnettperu.net\/wp56\/wp-json\/wp\/v2\/media\/5450"}],"wp:attachment":[{"href":"https:\/\/bonnettperu.net\/wp56\/wp-json\/wp\/v2\/media?parent=2102"}],"wp:term":[{"taxonomy":"product_cat","embeddable":true,"href":"https:\/\/bonnettperu.net\/wp56\/wp-json\/wp\/v2\/product_cat?post=2102"},{"taxonomy":"product_tag","embeddable":true,"href":"https:\/\/bonnettperu.net\/wp56\/wp-json\/wp\/v2\/product_tag?post=2102"}],"curies":[{"name":"wp","href":"https:\/\/api.w.org\/{rel}","templated":true}]}}