{"id":2056,"date":"2022-08-17T20:27:13","date_gmt":"2022-08-17T20:27:13","guid":{"rendered":"http:\/\/bonnettperu.net\/wp56\/?post_type=product&#038;p=2056"},"modified":"2022-12-21T21:38:15","modified_gmt":"2022-12-21T21:38:15","slug":"electrobomb-pedrollo-sumerg-fluid-solar-1-20-inc-cuadro-control-y-kit-de-juntas","status":"publish","type":"product","link":"https:\/\/bonnettperu.net\/wp56\/producto\/electrobomb-pedrollo-sumerg-fluid-solar-1-20-inc-cuadro-control-y-kit-de-juntas\/","title":{"rendered":"ELECTROBOMB PEDROLLO SUMERG FLUID SOLAR 1\/20 INC. CUADRO CONTROL Y KIT DE JUNTAS"},"content":{"rendered":"<p><img decoding=\"async\" src=\"https:\/\/grupobonnett.com\/storage\/editor\/AV7PnHSlhxSoUrsaOIao4b6BS95xWc4hA8l6vgPZ.png\" \/><\/p>\n","protected":false},"excerpt":{"rendered":"<p><a href=\"https:\/\/bonnettperu.net\/wp56\/wp-content\/uploads\/2022\/08\/PEDROLLO_FLUID-SOLAR_ES_60Hz-1.pdf\">FICHA TECNICA_PEDROLLO_FLUID SOLAR_ES_60Hz (1)<\/a><\/p>\n<p>La electrobomba fluid solar puede trabajar directamente mediante la corriente continua generada por los paneles solares, ya que lleva un inversor encapsulado en el cuerpo de la bomba. El control electr\u00f3nico integrado en el motor de alto rendimiento transforma la tensi\u00f3n en salida de los m\u00f3dulos y regula la velocidad de rotaci\u00f3n del motor de forma que se pueda aprovechar al m\u00e1ximo la energ\u00eda disponible en un determinado instante.<\/p>\n","protected":false},"featured_media":2055,"comment_status":"open","ping_status":"closed","template":"","meta":{"_uag_custom_page_level_css":"","site-sidebar-layout":"default","site-content-layout":"default","ast-global-header-display":"","ast-banner-title-visibility":"","ast-main-header-display":"","ast-hfb-above-header-display":"","ast-hfb-below-header-display":"","ast-hfb-mobile-header-display":"","site-post-title":"","ast-breadcrumbs-content":"","ast-featured-img":"","footer-sml-layout":"","theme-transparent-header-meta":"default","adv-header-id-meta":"","stick-header-meta":"","header-above-stick-meta":"","header-main-stick-meta":"","header-below-stick-meta":""},"product_cat":[863,835,36,829,827,847],"product_tag":[],"uagb_featured_image_src":{"full":["https:\/\/bonnettperu.net\/wp56\/wp-content\/uploads\/2022\/08\/FLUID-SOLAR.jpeg",540,560,false],"thumbnail":["https:\/\/bonnettperu.net\/wp56\/wp-content\/uploads\/2022\/08\/FLUID-SOLAR-150x150.jpeg",150,150,true],"medium":["https:\/\/bonnettperu.net\/wp56\/wp-content\/uploads\/2022\/08\/FLUID-SOLAR-289x300.jpeg",289,300,true],"medium_large":["https:\/\/bonnettperu.net\/wp56\/wp-content\/uploads\/2022\/08\/FLUID-SOLAR.jpeg",540,560,false],"large":["https:\/\/bonnettperu.net\/wp56\/wp-content\/uploads\/2022\/08\/FLUID-SOLAR.jpeg",540,560,false],"gswps_product_thumb":["https:\/\/bonnettperu.net\/wp56\/wp-content\/uploads\/2022\/08\/FLUID-SOLAR.jpeg",350,363,false],"1536x1536":["https:\/\/bonnettperu.net\/wp56\/wp-content\/uploads\/2022\/08\/FLUID-SOLAR.jpeg",540,560,false],"2048x2048":["https:\/\/bonnettperu.net\/wp56\/wp-content\/uploads\/2022\/08\/FLUID-SOLAR.jpeg",540,560,false],"woocommerce_thumbnail":["https:\/\/bonnettperu.net\/wp56\/wp-content\/uploads\/2022\/08\/FLUID-SOLAR-300x300.jpeg",300,300,true],"woocommerce_single":["https:\/\/bonnettperu.net\/wp56\/wp-content\/uploads\/2022\/08\/FLUID-SOLAR.jpeg",540,560,false],"woocommerce_gallery_thumbnail":["https:\/\/bonnettperu.net\/wp56\/wp-content\/uploads\/2022\/08\/FLUID-SOLAR-100x100.jpeg",100,100,true],"dgwt-wcas-product-suggestion":["https:\/\/bonnettperu.net\/wp56\/wp-content\/uploads\/2022\/08\/FLUID-SOLAR.jpeg",64,66,false]},"uagb_author_info":{"display_name":"admin","author_link":"https:\/\/bonnettperu.net\/wp56\/author\/"},"uagb_comment_info":0,"uagb_excerpt":"FICHA TECNICA_PEDROLLO_FLUID SOLAR_ES_60Hz (1) La electrobomba fluid solar puede trabajar directamente mediante la corriente continua generada por los paneles solares, ya que lleva un inversor encapsulado en el cuerpo de la bomba. El control electr\u00f3nico integrado en el motor de alto rendimiento transforma la tensi\u00f3n en salida de los m\u00f3dulos y regula la velocidad de&hellip;","_links":{"self":[{"href":"https:\/\/bonnettperu.net\/wp56\/wp-json\/wp\/v2\/product\/2056"}],"collection":[{"href":"https:\/\/bonnettperu.net\/wp56\/wp-json\/wp\/v2\/product"}],"about":[{"href":"https:\/\/bonnettperu.net\/wp56\/wp-json\/wp\/v2\/types\/product"}],"replies":[{"embeddable":true,"href":"https:\/\/bonnettperu.net\/wp56\/wp-json\/wp\/v2\/comments?post=2056"}],"wp:featuredmedia":[{"embeddable":true,"href":"https:\/\/bonnettperu.net\/wp56\/wp-json\/wp\/v2\/media\/2055"}],"wp:attachment":[{"href":"https:\/\/bonnettperu.net\/wp56\/wp-json\/wp\/v2\/media?parent=2056"}],"wp:term":[{"taxonomy":"product_cat","embeddable":true,"href":"https:\/\/bonnettperu.net\/wp56\/wp-json\/wp\/v2\/product_cat?post=2056"},{"taxonomy":"product_tag","embeddable":true,"href":"https:\/\/bonnettperu.net\/wp56\/wp-json\/wp\/v2\/product_tag?post=2056"}],"curies":[{"name":"wp","href":"https:\/\/api.w.org\/{rel}","templated":true}]}}