{"id":1919,"date":"2022-08-15T17:57:32","date_gmt":"2022-08-15T17:57:32","guid":{"rendered":"http:\/\/bonnettperu.net\/wp56\/?post_type=product&#038;p=1919"},"modified":"2023-06-02T16:38:06","modified_gmt":"2023-06-02T16:38:06","slug":"electrobomba-pedrollo-2-rodetes-10-h-p-2cp-40-180a-220-v-380-v","status":"publish","type":"product","link":"https:\/\/bonnettperu.net\/wp56\/producto\/electrobomba-pedrollo-2-rodetes-10-h-p-2cp-40-180a-220-v-380-v\/","title":{"rendered":"ELECTROBOMBA PEDROLLO 2 RODETES 10 h.p. 2CP 40\/180A 220 V. &#8211; 380 V."},"content":{"rendered":"<p><img decoding=\"async\" src=\"https:\/\/grupobonnett.com\/storage\/editor\/GKmC2AWy21fJpRrpu0FAJLQp2gG71uGJ644RVB5M.png\" \/><\/p>\n","protected":false},"excerpt":{"rendered":"<p><a href=\"https:\/\/grupobonnett.com\/wp-content\/uploads\/2022\/08\/Ficha-Tecnica-RODETES-2CP.pdf\">Ficha T\u00e9cnica RODETES 2CP<\/a><\/p>\n<p>Las electrobombas 2CP son ideales para la distribuci\u00f3n del agua acoplada a un tanque de presurizaci\u00f3n, para el aumento de la presi\u00f3n de la red y para grupos antiincendios.<\/p>\n","protected":false},"featured_media":5472,"comment_status":"open","ping_status":"closed","template":"","meta":{"_uag_custom_page_level_css":"","site-sidebar-layout":"default","site-content-layout":"default","ast-global-header-display":"","ast-banner-title-visibility":"","ast-main-header-display":"","ast-hfb-above-header-display":"","ast-hfb-below-header-display":"","ast-hfb-mobile-header-display":"","site-post-title":"","ast-breadcrumbs-content":"","ast-featured-img":"","footer-sml-layout":"","theme-transparent-header-meta":"default","adv-header-id-meta":"","stick-header-meta":"","header-above-stick-meta":"","header-main-stick-meta":"","header-below-stick-meta":""},"product_cat":[842,832,36,829,830,826,827],"product_tag":[],"uagb_featured_image_src":{"full":["https:\/\/bonnettperu.net\/wp56\/wp-content\/uploads\/2023\/06\/2CP.png",600,600,false],"thumbnail":["https:\/\/bonnettperu.net\/wp56\/wp-content\/uploads\/2023\/06\/2CP-150x150.png",150,150,true],"medium":["https:\/\/bonnettperu.net\/wp56\/wp-content\/uploads\/2023\/06\/2CP-300x300.png",300,300,true],"medium_large":["https:\/\/bonnettperu.net\/wp56\/wp-content\/uploads\/2023\/06\/2CP.png",600,600,false],"large":["https:\/\/bonnettperu.net\/wp56\/wp-content\/uploads\/2023\/06\/2CP.png",600,600,false],"gswps_product_thumb":["https:\/\/bonnettperu.net\/wp56\/wp-content\/uploads\/2023\/06\/2CP-350x350.png",350,350,true],"1536x1536":["https:\/\/bonnettperu.net\/wp56\/wp-content\/uploads\/2023\/06\/2CP.png",600,600,false],"2048x2048":["https:\/\/bonnettperu.net\/wp56\/wp-content\/uploads\/2023\/06\/2CP.png",600,600,false],"woocommerce_thumbnail":["https:\/\/bonnettperu.net\/wp56\/wp-content\/uploads\/2023\/06\/2CP-300x300.png",300,300,true],"woocommerce_single":["https:\/\/bonnettperu.net\/wp56\/wp-content\/uploads\/2023\/06\/2CP.png",600,600,false],"woocommerce_gallery_thumbnail":["https:\/\/bonnettperu.net\/wp56\/wp-content\/uploads\/2023\/06\/2CP-100x100.png",100,100,true],"dgwt-wcas-product-suggestion":["https:\/\/bonnettperu.net\/wp56\/wp-content\/uploads\/2023\/06\/2CP-64x64.png",64,64,true]},"uagb_author_info":{"display_name":"admin","author_link":"https:\/\/bonnettperu.net\/wp56\/author\/"},"uagb_comment_info":0,"uagb_excerpt":"Ficha T\u00e9cnica RODETES 2CP Las electrobombas 2CP son ideales para la distribuci\u00f3n del agua acoplada a un tanque de presurizaci\u00f3n, para el aumento de la presi\u00f3n de la red y para grupos antiincendios.","_links":{"self":[{"href":"https:\/\/bonnettperu.net\/wp56\/wp-json\/wp\/v2\/product\/1919"}],"collection":[{"href":"https:\/\/bonnettperu.net\/wp56\/wp-json\/wp\/v2\/product"}],"about":[{"href":"https:\/\/bonnettperu.net\/wp56\/wp-json\/wp\/v2\/types\/product"}],"replies":[{"embeddable":true,"href":"https:\/\/bonnettperu.net\/wp56\/wp-json\/wp\/v2\/comments?post=1919"}],"wp:featuredmedia":[{"embeddable":true,"href":"https:\/\/bonnettperu.net\/wp56\/wp-json\/wp\/v2\/media\/5472"}],"wp:attachment":[{"href":"https:\/\/bonnettperu.net\/wp56\/wp-json\/wp\/v2\/media?parent=1919"}],"wp:term":[{"taxonomy":"product_cat","embeddable":true,"href":"https:\/\/bonnettperu.net\/wp56\/wp-json\/wp\/v2\/product_cat?post=1919"},{"taxonomy":"product_tag","embeddable":true,"href":"https:\/\/bonnettperu.net\/wp56\/wp-json\/wp\/v2\/product_tag?post=1919"}],"curies":[{"name":"wp","href":"https:\/\/api.w.org\/{rel}","templated":true}]}}