{"id":1866,"date":"2022-08-15T13:59:32","date_gmt":"2022-08-15T13:59:32","guid":{"rendered":"http:\/\/bonnettperu.net\/wp56\/?post_type=product&#038;p=1866"},"modified":"2023-06-02T16:36:48","modified_gmt":"2023-06-02T16:36:48","slug":"electrobomba-pedrollo-10-h-p-hf-30a-de-4-x-4-220v-440v","status":"publish","type":"product","link":"https:\/\/bonnettperu.net\/wp56\/producto\/electrobomba-pedrollo-10-h-p-hf-30a-de-4-x-4-220v-440v\/","title":{"rendered":"ELECTROBOMBA PEDROLLO 10 h.p. HF 30A  DE  4&#8243; X 4&#8243; ,  220V. &#8211; 440V."},"content":{"rendered":"","protected":false},"excerpt":{"rendered":"<p><a href=\"https:\/\/grupobonnett.com\/wp-content\/uploads\/2022\/08\/Ficha-Tecnica-HF-alto-caudal.pdf\">Ficha T\u00e9cnica HF alto caudal<\/a><\/p>\n<p>La electrobomba HF es utilizada para la irrigaci\u00f3n por gravedad, por aspersi\u00f3n y el bombeo de agua en lagos, r\u00edos, etc.<\/p>\n","protected":false},"featured_media":5467,"comment_status":"open","ping_status":"closed","template":"","meta":{"_uag_custom_page_level_css":"","site-sidebar-layout":"default","site-content-layout":"default","ast-global-header-display":"","ast-banner-title-visibility":"","ast-main-header-display":"","ast-hfb-above-header-display":"","ast-hfb-below-header-display":"","ast-hfb-mobile-header-display":"","site-post-title":"","ast-breadcrumbs-content":"","ast-featured-img":"","footer-sml-layout":"","theme-transparent-header-meta":"default","adv-header-id-meta":"","stick-header-meta":"","header-above-stick-meta":"","header-main-stick-meta":"","header-below-stick-meta":""},"product_cat":[842,832,36,829,826],"product_tag":[],"uagb_featured_image_src":{"full":["https:\/\/bonnettperu.net\/wp56\/wp-content\/uploads\/2023\/06\/HFm-6B-1.png",600,600,false],"thumbnail":["https:\/\/bonnettperu.net\/wp56\/wp-content\/uploads\/2023\/06\/HFm-6B-1-150x150.png",150,150,true],"medium":["https:\/\/bonnettperu.net\/wp56\/wp-content\/uploads\/2023\/06\/HFm-6B-1-300x300.png",300,300,true],"medium_large":["https:\/\/bonnettperu.net\/wp56\/wp-content\/uploads\/2023\/06\/HFm-6B-1.png",600,600,false],"large":["https:\/\/bonnettperu.net\/wp56\/wp-content\/uploads\/2023\/06\/HFm-6B-1.png",600,600,false],"gswps_product_thumb":["https:\/\/bonnettperu.net\/wp56\/wp-content\/uploads\/2023\/06\/HFm-6B-1-350x350.png",350,350,true],"1536x1536":["https:\/\/bonnettperu.net\/wp56\/wp-content\/uploads\/2023\/06\/HFm-6B-1.png",600,600,false],"2048x2048":["https:\/\/bonnettperu.net\/wp56\/wp-content\/uploads\/2023\/06\/HFm-6B-1.png",600,600,false],"woocommerce_thumbnail":["https:\/\/bonnettperu.net\/wp56\/wp-content\/uploads\/2023\/06\/HFm-6B-1-300x300.png",300,300,true],"woocommerce_single":["https:\/\/bonnettperu.net\/wp56\/wp-content\/uploads\/2023\/06\/HFm-6B-1.png",600,600,false],"woocommerce_gallery_thumbnail":["https:\/\/bonnettperu.net\/wp56\/wp-content\/uploads\/2023\/06\/HFm-6B-1-100x100.png",100,100,true],"dgwt-wcas-product-suggestion":["https:\/\/bonnettperu.net\/wp56\/wp-content\/uploads\/2023\/06\/HFm-6B-1-64x64.png",64,64,true]},"uagb_author_info":{"display_name":"admin","author_link":"https:\/\/bonnettperu.net\/wp56\/author\/"},"uagb_comment_info":0,"uagb_excerpt":"Ficha T\u00e9cnica HF alto caudal La electrobomba HF es utilizada para la irrigaci\u00f3n por gravedad, por aspersi\u00f3n y el bombeo de agua en lagos, r\u00edos, etc.","_links":{"self":[{"href":"https:\/\/bonnettperu.net\/wp56\/wp-json\/wp\/v2\/product\/1866"}],"collection":[{"href":"https:\/\/bonnettperu.net\/wp56\/wp-json\/wp\/v2\/product"}],"about":[{"href":"https:\/\/bonnettperu.net\/wp56\/wp-json\/wp\/v2\/types\/product"}],"replies":[{"embeddable":true,"href":"https:\/\/bonnettperu.net\/wp56\/wp-json\/wp\/v2\/comments?post=1866"}],"wp:featuredmedia":[{"embeddable":true,"href":"https:\/\/bonnettperu.net\/wp56\/wp-json\/wp\/v2\/media\/5467"}],"wp:attachment":[{"href":"https:\/\/bonnettperu.net\/wp56\/wp-json\/wp\/v2\/media?parent=1866"}],"wp:term":[{"taxonomy":"product_cat","embeddable":true,"href":"https:\/\/bonnettperu.net\/wp56\/wp-json\/wp\/v2\/product_cat?post=1866"},{"taxonomy":"product_tag","embeddable":true,"href":"https:\/\/bonnettperu.net\/wp56\/wp-json\/wp\/v2\/product_tag?post=1866"}],"curies":[{"name":"wp","href":"https:\/\/api.w.org\/{rel}","templated":true}]}}