{"id":1718,"date":"2022-08-09T16:56:53","date_gmt":"2022-08-09T16:56:53","guid":{"rendered":"http:\/\/bonnettperu.net\/wp56\/?post_type=product&#038;p=1718"},"modified":"2022-12-20T15:29:43","modified_gmt":"2022-12-20T15:29:43","slug":"valv-reductora-de-presion-143europress-143-3-4","status":"publish","type":"product","link":"https:\/\/bonnettperu.net\/wp56\/producto\/valv-reductora-de-presion-143europress-143-3-4\/","title":{"rendered":"VALV. REDUCTORA DE PRESION (143),EUROPRESS (143) 3\/4&#8243;"},"content":{"rendered":"<p>Caracter\u00edsticas:<\/p>\n<ul>\n<li>Funcionamiento de pist\u00f3n con asiento compensado.<\/li>\n<li>Conexiones roscadas hembra\/hembra.<\/li>\n<li>Cuerpo de lat\u00f3n niquelado.<\/li>\n<li>Temperatura de trabajo m\u00ednima y m\u00e1xima: 0 \u00b0C, 80 \u00b0C.<\/li>\n<li>Presi\u00f3n m\u00e1xima de entrada: 25 bares.<\/li>\n<li>Presi\u00f3n de salida regulable:\u00a01\/2\u00a0&#8220;-\u00a03\/4&#8243;\u00a0&#8211;\u00a01&#8221;\u00a0entre 1 y\u00a05,5\u00a0bares;\u00a01\u00a0&#8220;1\/4\u00a0a 4&#8221;\u00a0entre 1 y\u00a06 bares.<\/li>\n<li>Precalibraci\u00f3n en f\u00e1brica a 3 bares.<\/li>\n<li>Conexiones man\u00f3metro 1\/4&#8221; en los dos lados para el control de la presi\u00f3n de salida.<\/li>\n<li>Conexiones roscadas ISO 228 (equivalente a DIN EN ISO 228 y BS EN ISO 228).<\/li>\n<\/ul>\n","protected":false},"excerpt":{"rendered":"<p><a href=\"https:\/\/bonnettperu.net\/wp56\/wp-content\/uploads\/2022\/08\/Ficha-Tecnica_Valvula_reductora_presion_143.pdf\">Ficha T\u00e9cnica_Valvula_reductora_presion_143<\/a><\/p>\n<p>Nos permite reducir una elevada\u00a0presi\u00f3n, de f\u00e1cil instalaci\u00f3n y\u00a0mantenimiento.<\/p>\n","protected":false},"featured_media":1719,"comment_status":"open","ping_status":"closed","template":"","meta":{"_uag_custom_page_level_css":"","site-sidebar-layout":"default","site-content-layout":"default","ast-global-header-display":"","ast-banner-title-visibility":"","ast-main-header-display":"","ast-hfb-above-header-display":"","ast-hfb-below-header-display":"","ast-hfb-mobile-header-display":"","site-post-title":"","ast-breadcrumbs-content":"","ast-featured-img":"","footer-sml-layout":"","theme-transparent-header-meta":"default","adv-header-id-meta":"","stick-header-meta":"","header-above-stick-meta":"","header-main-stick-meta":"","header-below-stick-meta":""},"product_cat":[837,44,875],"product_tag":[],"uagb_featured_image_src":{"full":["https:\/\/bonnettperu.net\/wp56\/wp-content\/uploads\/2022\/08\/valvula-retencion-143.jpeg",540,560,false],"thumbnail":["https:\/\/bonnettperu.net\/wp56\/wp-content\/uploads\/2022\/08\/valvula-retencion-143-150x150.jpeg",150,150,true],"medium":["https:\/\/bonnettperu.net\/wp56\/wp-content\/uploads\/2022\/08\/valvula-retencion-143-289x300.jpeg",289,300,true],"medium_large":["https:\/\/bonnettperu.net\/wp56\/wp-content\/uploads\/2022\/08\/valvula-retencion-143.jpeg",540,560,false],"large":["https:\/\/bonnettperu.net\/wp56\/wp-content\/uploads\/2022\/08\/valvula-retencion-143.jpeg",540,560,false],"gswps_product_thumb":["https:\/\/bonnettperu.net\/wp56\/wp-content\/uploads\/2022\/08\/valvula-retencion-143.jpeg",350,363,false],"1536x1536":["https:\/\/bonnettperu.net\/wp56\/wp-content\/uploads\/2022\/08\/valvula-retencion-143.jpeg",540,560,false],"2048x2048":["https:\/\/bonnettperu.net\/wp56\/wp-content\/uploads\/2022\/08\/valvula-retencion-143.jpeg",540,560,false],"woocommerce_thumbnail":["https:\/\/bonnettperu.net\/wp56\/wp-content\/uploads\/2022\/08\/valvula-retencion-143-300x300.jpeg",300,300,true],"woocommerce_single":["https:\/\/bonnettperu.net\/wp56\/wp-content\/uploads\/2022\/08\/valvula-retencion-143.jpeg",540,560,false],"woocommerce_gallery_thumbnail":["https:\/\/bonnettperu.net\/wp56\/wp-content\/uploads\/2022\/08\/valvula-retencion-143-100x100.jpeg",100,100,true],"dgwt-wcas-product-suggestion":["https:\/\/bonnettperu.net\/wp56\/wp-content\/uploads\/2022\/08\/valvula-retencion-143.jpeg",64,66,false]},"uagb_author_info":{"display_name":"admin","author_link":"https:\/\/bonnettperu.net\/wp56\/author\/"},"uagb_comment_info":0,"uagb_excerpt":"Ficha T\u00e9cnica_Valvula_reductora_presion_143 Nos permite reducir una elevada\u00a0presi\u00f3n, de f\u00e1cil instalaci\u00f3n y\u00a0mantenimiento.","_links":{"self":[{"href":"https:\/\/bonnettperu.net\/wp56\/wp-json\/wp\/v2\/product\/1718"}],"collection":[{"href":"https:\/\/bonnettperu.net\/wp56\/wp-json\/wp\/v2\/product"}],"about":[{"href":"https:\/\/bonnettperu.net\/wp56\/wp-json\/wp\/v2\/types\/product"}],"replies":[{"embeddable":true,"href":"https:\/\/bonnettperu.net\/wp56\/wp-json\/wp\/v2\/comments?post=1718"}],"wp:featuredmedia":[{"embeddable":true,"href":"https:\/\/bonnettperu.net\/wp56\/wp-json\/wp\/v2\/media\/1719"}],"wp:attachment":[{"href":"https:\/\/bonnettperu.net\/wp56\/wp-json\/wp\/v2\/media?parent=1718"}],"wp:term":[{"taxonomy":"product_cat","embeddable":true,"href":"https:\/\/bonnettperu.net\/wp56\/wp-json\/wp\/v2\/product_cat?post=1718"},{"taxonomy":"product_tag","embeddable":true,"href":"https:\/\/bonnettperu.net\/wp56\/wp-json\/wp\/v2\/product_tag?post=1718"}],"curies":[{"name":"wp","href":"https:\/\/api.w.org\/{rel}","templated":true}]}}