{"id":1713,"date":"2022-08-09T16:14:04","date_gmt":"2022-08-09T16:14:04","guid":{"rendered":"http:\/\/bonnettperu.net\/wp56\/?post_type=product&#038;p=1713"},"modified":"2022-12-20T15:30:15","modified_gmt":"2022-12-20T15:30:15","slug":"valv-purgadora-de-aire-autom-362-362-1","status":"publish","type":"product","link":"https:\/\/bonnettperu.net\/wp56\/producto\/valv-purgadora-de-aire-autom-362-362-1\/","title":{"rendered":"VALV. PURGADORA DE AIRE AUTOM.(362) 362-1&#8243;"},"content":{"rendered":"<p>Caracter\u00edsticas:<\/p>\n<ul>\n<li>Cuerpo de lat\u00f3n niquelado.<\/li>\n<li>Flotante de resina polietil\u00e9nica.<\/li>\n<li>Junta t\u00f3rica de NBR.<\/li>\n<li>Temperatura m\u00e1x. 110\u00b0C<\/li>\n<\/ul>\n","protected":false},"excerpt":{"rendered":"<p><a href=\"https:\/\/bonnettperu.net\/wp56\/wp-content\/uploads\/2022\/08\/FICHA-TECNICA_VALVULA_362.pdf\">FICHA TECNICA_VALVULA_362<\/a><\/p>\n<p>La v\u00e1lvula purgadora de aire autom\u00e1tico est\u00e1 fabricada de lat\u00f3n niquelado y flotante de resina polietil\u00e9nica.<\/p>\n","protected":false},"featured_media":1714,"comment_status":"open","ping_status":"closed","template":"","meta":{"_uag_custom_page_level_css":"","site-sidebar-layout":"default","site-content-layout":"default","ast-global-header-display":"","ast-banner-title-visibility":"","ast-main-header-display":"","ast-hfb-above-header-display":"","ast-hfb-below-header-display":"","ast-hfb-mobile-header-display":"","site-post-title":"","ast-breadcrumbs-content":"","ast-featured-img":"","footer-sml-layout":"","theme-transparent-header-meta":"default","adv-header-id-meta":"","stick-header-meta":"","header-above-stick-meta":"","header-main-stick-meta":"","header-below-stick-meta":""},"product_cat":[837,44,880],"product_tag":[],"uagb_featured_image_src":{"full":["https:\/\/bonnettperu.net\/wp56\/wp-content\/uploads\/2022\/08\/purgadora-de-aire-1.png",540,560,false],"thumbnail":["https:\/\/bonnettperu.net\/wp56\/wp-content\/uploads\/2022\/08\/purgadora-de-aire-1-150x150.png",150,150,true],"medium":["https:\/\/bonnettperu.net\/wp56\/wp-content\/uploads\/2022\/08\/purgadora-de-aire-1-289x300.png",289,300,true],"medium_large":["https:\/\/bonnettperu.net\/wp56\/wp-content\/uploads\/2022\/08\/purgadora-de-aire-1.png",540,560,false],"large":["https:\/\/bonnettperu.net\/wp56\/wp-content\/uploads\/2022\/08\/purgadora-de-aire-1.png",540,560,false],"gswps_product_thumb":["https:\/\/bonnettperu.net\/wp56\/wp-content\/uploads\/2022\/08\/purgadora-de-aire-1.png",350,363,false],"1536x1536":["https:\/\/bonnettperu.net\/wp56\/wp-content\/uploads\/2022\/08\/purgadora-de-aire-1.png",540,560,false],"2048x2048":["https:\/\/bonnettperu.net\/wp56\/wp-content\/uploads\/2022\/08\/purgadora-de-aire-1.png",540,560,false],"woocommerce_thumbnail":["https:\/\/bonnettperu.net\/wp56\/wp-content\/uploads\/2022\/08\/purgadora-de-aire-1-300x300.png",300,300,true],"woocommerce_single":["https:\/\/bonnettperu.net\/wp56\/wp-content\/uploads\/2022\/08\/purgadora-de-aire-1.png",540,560,false],"woocommerce_gallery_thumbnail":["https:\/\/bonnettperu.net\/wp56\/wp-content\/uploads\/2022\/08\/purgadora-de-aire-1-100x100.png",100,100,true],"dgwt-wcas-product-suggestion":["https:\/\/bonnettperu.net\/wp56\/wp-content\/uploads\/2022\/08\/purgadora-de-aire-1.png",64,66,false]},"uagb_author_info":{"display_name":"admin","author_link":"https:\/\/bonnettperu.net\/wp56\/author\/"},"uagb_comment_info":0,"uagb_excerpt":"FICHA TECNICA_VALVULA_362 La v\u00e1lvula purgadora de aire autom\u00e1tico est\u00e1 fabricada de lat\u00f3n niquelado y flotante de resina polietil\u00e9nica.","_links":{"self":[{"href":"https:\/\/bonnettperu.net\/wp56\/wp-json\/wp\/v2\/product\/1713"}],"collection":[{"href":"https:\/\/bonnettperu.net\/wp56\/wp-json\/wp\/v2\/product"}],"about":[{"href":"https:\/\/bonnettperu.net\/wp56\/wp-json\/wp\/v2\/types\/product"}],"replies":[{"embeddable":true,"href":"https:\/\/bonnettperu.net\/wp56\/wp-json\/wp\/v2\/comments?post=1713"}],"wp:featuredmedia":[{"embeddable":true,"href":"https:\/\/bonnettperu.net\/wp56\/wp-json\/wp\/v2\/media\/1714"}],"wp:attachment":[{"href":"https:\/\/bonnettperu.net\/wp56\/wp-json\/wp\/v2\/media?parent=1713"}],"wp:term":[{"taxonomy":"product_cat","embeddable":true,"href":"https:\/\/bonnettperu.net\/wp56\/wp-json\/wp\/v2\/product_cat?post=1713"},{"taxonomy":"product_tag","embeddable":true,"href":"https:\/\/bonnettperu.net\/wp56\/wp-json\/wp\/v2\/product_tag?post=1713"}],"curies":[{"name":"wp","href":"https:\/\/api.w.org\/{rel}","templated":true}]}}