{"id":1706,"date":"2022-08-09T15:51:53","date_gmt":"2022-08-09T15:51:53","guid":{"rendered":"http:\/\/bonnettperu.net\/wp56\/?post_type=product&#038;p=1706"},"modified":"2022-12-20T15:31:11","modified_gmt":"2022-12-20T15:31:11","slug":"valvula-de-fondo-europa-105-3-npt","status":"publish","type":"product","link":"https:\/\/bonnettperu.net\/wp56\/producto\/valvula-de-fondo-europa-105-3-npt\/","title":{"rendered":"VALVULA DE FONDO &#8220;EUROPA&#8221; 105- 3&#8243; NPT"},"content":{"rendered":"<p>Caracter\u00edsticas:<\/p>\n<ul>\n<li>Cuerpo de lat\u00f3n.<\/li>\n<li>Junta en acero inoxidable.<\/li>\n<li>Junta de NBR.<\/li>\n<li>Muelle de acero inoxidable.<\/li>\n<li>Filtro en pol\u00edmero y acero inoxidable.<\/li>\n<li>Temperatura m\u00ednima -20\u00b0C y m\u00e1xima de trabajo\u00a0100\u00b0C.<\/li>\n<\/ul>\n","protected":false},"excerpt":{"rendered":"<p><a href=\"https:\/\/bonnettperu.net\/wp56\/wp-content\/uploads\/2022\/08\/FICHA-TECNICA_VALVULA_FONDO_EUROPA_105.pdf\">FICHA TECNICA_VALVULA_FONDO_EUROPA_105<\/a><\/p>\n<p>La v\u00e1lvula de fondo Europa, est\u00e1n indicadas para el uso en instalaciones hidr\u00e1ulicas, de calefacci\u00f3n, de acondicionamiento y neum\u00e1ticas.<br \/>\nSe pueden instalar en cualquier posici\u00f3n: vertical, horizontal, oblicua.<\/p>\n","protected":false},"featured_media":1707,"comment_status":"open","ping_status":"closed","template":"","meta":{"_uag_custom_page_level_css":"","site-sidebar-layout":"default","site-content-layout":"default","ast-global-header-display":"","ast-banner-title-visibility":"","ast-main-header-display":"","ast-hfb-above-header-display":"","ast-hfb-below-header-display":"","ast-hfb-mobile-header-display":"","site-post-title":"","ast-breadcrumbs-content":"","ast-featured-img":"","footer-sml-layout":"","theme-transparent-header-meta":"default","adv-header-id-meta":"","stick-header-meta":"","header-above-stick-meta":"","header-main-stick-meta":"","header-below-stick-meta":""},"product_cat":[837,44,876],"product_tag":[],"uagb_featured_image_src":{"full":["https:\/\/bonnettperu.net\/wp56\/wp-content\/uploads\/2022\/08\/105.png",540,560,false],"thumbnail":["https:\/\/bonnettperu.net\/wp56\/wp-content\/uploads\/2022\/08\/105-150x150.png",150,150,true],"medium":["https:\/\/bonnettperu.net\/wp56\/wp-content\/uploads\/2022\/08\/105-289x300.png",289,300,true],"medium_large":["https:\/\/bonnettperu.net\/wp56\/wp-content\/uploads\/2022\/08\/105.png",540,560,false],"large":["https:\/\/bonnettperu.net\/wp56\/wp-content\/uploads\/2022\/08\/105.png",540,560,false],"gswps_product_thumb":["https:\/\/bonnettperu.net\/wp56\/wp-content\/uploads\/2022\/08\/105.png",350,363,false],"1536x1536":["https:\/\/bonnettperu.net\/wp56\/wp-content\/uploads\/2022\/08\/105.png",540,560,false],"2048x2048":["https:\/\/bonnettperu.net\/wp56\/wp-content\/uploads\/2022\/08\/105.png",540,560,false],"woocommerce_thumbnail":["https:\/\/bonnettperu.net\/wp56\/wp-content\/uploads\/2022\/08\/105-300x300.png",300,300,true],"woocommerce_single":["https:\/\/bonnettperu.net\/wp56\/wp-content\/uploads\/2022\/08\/105.png",540,560,false],"woocommerce_gallery_thumbnail":["https:\/\/bonnettperu.net\/wp56\/wp-content\/uploads\/2022\/08\/105-100x100.png",100,100,true],"dgwt-wcas-product-suggestion":["https:\/\/bonnettperu.net\/wp56\/wp-content\/uploads\/2022\/08\/105.png",64,66,false]},"uagb_author_info":{"display_name":"admin","author_link":"https:\/\/bonnettperu.net\/wp56\/author\/"},"uagb_comment_info":0,"uagb_excerpt":"FICHA TECNICA_VALVULA_FONDO_EUROPA_105 La v\u00e1lvula de fondo Europa, est\u00e1n indicadas para el uso en instalaciones hidr\u00e1ulicas, de calefacci\u00f3n, de acondicionamiento y neum\u00e1ticas. Se pueden instalar en cualquier posici\u00f3n: vertical, horizontal, oblicua.","_links":{"self":[{"href":"https:\/\/bonnettperu.net\/wp56\/wp-json\/wp\/v2\/product\/1706"}],"collection":[{"href":"https:\/\/bonnettperu.net\/wp56\/wp-json\/wp\/v2\/product"}],"about":[{"href":"https:\/\/bonnettperu.net\/wp56\/wp-json\/wp\/v2\/types\/product"}],"replies":[{"embeddable":true,"href":"https:\/\/bonnettperu.net\/wp56\/wp-json\/wp\/v2\/comments?post=1706"}],"wp:featuredmedia":[{"embeddable":true,"href":"https:\/\/bonnettperu.net\/wp56\/wp-json\/wp\/v2\/media\/1707"}],"wp:attachment":[{"href":"https:\/\/bonnettperu.net\/wp56\/wp-json\/wp\/v2\/media?parent=1706"}],"wp:term":[{"taxonomy":"product_cat","embeddable":true,"href":"https:\/\/bonnettperu.net\/wp56\/wp-json\/wp\/v2\/product_cat?post=1706"},{"taxonomy":"product_tag","embeddable":true,"href":"https:\/\/bonnettperu.net\/wp56\/wp-json\/wp\/v2\/product_tag?post=1706"}],"curies":[{"name":"wp","href":"https:\/\/api.w.org\/{rel}","templated":true}]}}