{"id":1640,"date":"2022-08-04T22:52:00","date_gmt":"2022-08-04T22:52:00","guid":{"rendered":"http:\/\/bonnettperu.net\/wp56\/?post_type=product&#038;p=1640"},"modified":"2022-12-20T15:44:34","modified_gmt":"2022-12-20T15:44:34","slug":"valvula-de-bola-paso-total-ideal-92-3-4","status":"publish","type":"product","link":"https:\/\/bonnettperu.net\/wp56\/producto\/valvula-de-bola-paso-total-ideal-92-3-4\/","title":{"rendered":"V\u00c1LVULA DE BOLA, PASO TOTAL IDEAL 92-3\/4&#8243;"},"content":{"rendered":"<p>Caracter\u00edsticas:<\/p>\n<ul>\n<li>Conexiones roscadas hembra\/hembra<\/li>\n<li>Manilla de T de aluminio<\/li>\n<li>Cuerpo de lat\u00f3n niquelado<\/li>\n<li>Temperatura: min. -20 \u00b0C \/ m\u00e1x. 150 \u00b0C<\/li>\n<\/ul>\n","protected":false},"excerpt":{"rendered":"<p><a href=\"https:\/\/bonnettperu.net\/wp56\/wp-content\/uploads\/2022\/08\/Ficha-Tecnica_valvula_bola_092.pdf\">Ficha T\u00e9cnica_v\u00e1lvula_bola_092<\/a><\/p>\n<p>La v\u00e1lvula de bola Itap est\u00e1 indicada para el uso en instalaciones hidr\u00e1ulicas, de calefacci\u00f3n y de acondicionamiento.<\/p>\n","protected":false},"featured_media":1641,"comment_status":"open","ping_status":"closed","template":"","meta":{"_uag_custom_page_level_css":"","site-sidebar-layout":"default","site-content-layout":"default","ast-global-header-display":"","ast-banner-title-visibility":"","ast-main-header-display":"","ast-hfb-above-header-display":"","ast-hfb-below-header-display":"","ast-hfb-mobile-header-display":"","site-post-title":"","ast-breadcrumbs-content":"","ast-featured-img":"","footer-sml-layout":"","theme-transparent-header-meta":"default","adv-header-id-meta":"","stick-header-meta":"","header-above-stick-meta":"","header-main-stick-meta":"","header-below-stick-meta":""},"product_cat":[837,44,878],"product_tag":[],"uagb_featured_image_src":{"full":["https:\/\/bonnettperu.net\/wp56\/wp-content\/uploads\/2022\/08\/ideal-092-1.webp",1024,1024,false],"thumbnail":["https:\/\/bonnettperu.net\/wp56\/wp-content\/uploads\/2022\/08\/ideal-092-1-150x150.webp",150,150,true],"medium":["https:\/\/bonnettperu.net\/wp56\/wp-content\/uploads\/2022\/08\/ideal-092-1-300x300.webp",300,300,true],"medium_large":["https:\/\/bonnettperu.net\/wp56\/wp-content\/uploads\/2022\/08\/ideal-092-1-768x768.webp",768,768,true],"large":["https:\/\/bonnettperu.net\/wp56\/wp-content\/uploads\/2022\/08\/ideal-092-1.webp",1024,1024,false],"gswps_product_thumb":["https:\/\/bonnettperu.net\/wp56\/wp-content\/uploads\/2022\/08\/ideal-092-1.webp",350,350,false],"1536x1536":["https:\/\/bonnettperu.net\/wp56\/wp-content\/uploads\/2022\/08\/ideal-092-1.webp",1024,1024,false],"2048x2048":["https:\/\/bonnettperu.net\/wp56\/wp-content\/uploads\/2022\/08\/ideal-092-1.webp",1024,1024,false],"woocommerce_thumbnail":["https:\/\/bonnettperu.net\/wp56\/wp-content\/uploads\/2022\/08\/ideal-092-1-300x300.webp",300,300,true],"woocommerce_single":["https:\/\/bonnettperu.net\/wp56\/wp-content\/uploads\/2022\/08\/ideal-092-1-600x600.webp",600,600,true],"woocommerce_gallery_thumbnail":["https:\/\/bonnettperu.net\/wp56\/wp-content\/uploads\/2022\/08\/ideal-092-1-100x100.webp",100,100,true],"dgwt-wcas-product-suggestion":["https:\/\/bonnettperu.net\/wp56\/wp-content\/uploads\/2022\/08\/ideal-092-1.webp",64,64,false]},"uagb_author_info":{"display_name":"admin","author_link":"https:\/\/bonnettperu.net\/wp56\/author\/"},"uagb_comment_info":0,"uagb_excerpt":"Ficha T\u00e9cnica_v\u00e1lvula_bola_092 La v\u00e1lvula de bola Itap est\u00e1 indicada para el uso en instalaciones hidr\u00e1ulicas, de calefacci\u00f3n y de acondicionamiento.","_links":{"self":[{"href":"https:\/\/bonnettperu.net\/wp56\/wp-json\/wp\/v2\/product\/1640"}],"collection":[{"href":"https:\/\/bonnettperu.net\/wp56\/wp-json\/wp\/v2\/product"}],"about":[{"href":"https:\/\/bonnettperu.net\/wp56\/wp-json\/wp\/v2\/types\/product"}],"replies":[{"embeddable":true,"href":"https:\/\/bonnettperu.net\/wp56\/wp-json\/wp\/v2\/comments?post=1640"}],"wp:featuredmedia":[{"embeddable":true,"href":"https:\/\/bonnettperu.net\/wp56\/wp-json\/wp\/v2\/media\/1641"}],"wp:attachment":[{"href":"https:\/\/bonnettperu.net\/wp56\/wp-json\/wp\/v2\/media?parent=1640"}],"wp:term":[{"taxonomy":"product_cat","embeddable":true,"href":"https:\/\/bonnettperu.net\/wp56\/wp-json\/wp\/v2\/product_cat?post=1640"},{"taxonomy":"product_tag","embeddable":true,"href":"https:\/\/bonnettperu.net\/wp56\/wp-json\/wp\/v2\/product_tag?post=1640"}],"curies":[{"name":"wp","href":"https:\/\/api.w.org\/{rel}","templated":true}]}}