{"id":1622,"date":"2022-08-03T13:47:05","date_gmt":"2022-08-03T13:47:05","guid":{"rendered":"http:\/\/bonnettperu.net\/wp56\/?post_type=product&#038;p=1622"},"modified":"2024-02-02T06:11:24","modified_gmt":"2024-02-02T06:11:24","slug":"valvula-de-bola-paso-total-ideal-90-1","status":"publish","type":"product","link":"https:\/\/bonnettperu.net\/wp56\/producto\/valvula-de-bola-paso-total-ideal-90-1\/","title":{"rendered":"VALVULA DE BOLA, PASO TOTAL IDEAL 90-1&#8243;"},"content":{"rendered":"<p>Caracter\u00edsticas:<\/p>\n<ul>\n<li>Conexiones roscadas hembra\/hembra.<\/li>\n<li>Mando palanca en acero (aluminio en las medidas 2\u20331\/2 \u2013 3\u2033 \u2013 4\u2033).<\/li>\n<li>Cuerpo de lat\u00f3n niquelado.<\/li>\n<li>Temperatura m\u00ednima y m\u00e1xima de trabajo: -20\u00b0C, 150\u00b0C en ausencia de vapor.<\/li>\n<li>Conexiones roscadas ISO 228 (equivalentes a DIN EN ISO 228 y BS EN ISO 228).<\/li>\n<li>Indique \u201cN\u00bb solo para la adquisici\u00f3n de la v\u00e1lvula con manilla negra.<\/li>\n<\/ul>\n","protected":false},"excerpt":{"rendered":"<p><a href=\"https:\/\/bonnettperu.net\/wp56\/wp-content\/uploads\/2022\/08\/Ficha-Tecnica_Valvula_Bola_90.pdf\">Ficha T\u00e9cnica_V\u00e1lvula_Bola_90<\/a><\/p>\n<p>La v\u00e1lvula de esfera Ideal paso total, esta indicada\u00a0para el uso en instalaciones hidr\u00e1ulicas, de calefacci\u00f3n, de acondicionamiento y neum\u00e1ticas.<\/p>\n","protected":false},"featured_media":1623,"comment_status":"open","ping_status":"closed","template":"","meta":{"_uag_custom_page_level_css":"","site-sidebar-layout":"default","site-content-layout":"default","ast-global-header-display":"","ast-banner-title-visibility":"","ast-main-header-display":"","ast-hfb-above-header-display":"","ast-hfb-below-header-display":"","ast-hfb-mobile-header-display":"","site-post-title":"","ast-breadcrumbs-content":"","ast-featured-img":"","footer-sml-layout":"","theme-transparent-header-meta":"default","adv-header-id-meta":"","stick-header-meta":"","header-above-stick-meta":"","header-main-stick-meta":"","header-below-stick-meta":""},"product_cat":[837,44,878],"product_tag":[],"uagb_featured_image_src":{"full":["https:\/\/bonnettperu.net\/wp56\/wp-content\/uploads\/2022\/08\/valvula-de-bola-vienna-itap-1.jpg",700,500,false],"thumbnail":["https:\/\/bonnettperu.net\/wp56\/wp-content\/uploads\/2022\/08\/valvula-de-bola-vienna-itap-1-150x150.jpg",150,150,true],"medium":["https:\/\/bonnettperu.net\/wp56\/wp-content\/uploads\/2022\/08\/valvula-de-bola-vienna-itap-1-300x214.jpg",300,214,true],"medium_large":["https:\/\/bonnettperu.net\/wp56\/wp-content\/uploads\/2022\/08\/valvula-de-bola-vienna-itap-1.jpg",700,500,false],"large":["https:\/\/bonnettperu.net\/wp56\/wp-content\/uploads\/2022\/08\/valvula-de-bola-vienna-itap-1.jpg",700,500,false],"gswps_product_thumb":["https:\/\/bonnettperu.net\/wp56\/wp-content\/uploads\/2022\/08\/valvula-de-bola-vienna-itap-1.jpg",350,250,false],"1536x1536":["https:\/\/bonnettperu.net\/wp56\/wp-content\/uploads\/2022\/08\/valvula-de-bola-vienna-itap-1.jpg",700,500,false],"2048x2048":["https:\/\/bonnettperu.net\/wp56\/wp-content\/uploads\/2022\/08\/valvula-de-bola-vienna-itap-1.jpg",700,500,false],"woocommerce_thumbnail":["https:\/\/bonnettperu.net\/wp56\/wp-content\/uploads\/2022\/08\/valvula-de-bola-vienna-itap-1-300x300.jpg",300,300,true],"woocommerce_single":["https:\/\/bonnettperu.net\/wp56\/wp-content\/uploads\/2022\/08\/valvula-de-bola-vienna-itap-1-600x429.jpg",600,429,true],"woocommerce_gallery_thumbnail":["https:\/\/bonnettperu.net\/wp56\/wp-content\/uploads\/2022\/08\/valvula-de-bola-vienna-itap-1-100x100.jpg",100,100,true],"dgwt-wcas-product-suggestion":["https:\/\/bonnettperu.net\/wp56\/wp-content\/uploads\/2022\/08\/valvula-de-bola-vienna-itap-1.jpg",64,46,false]},"uagb_author_info":{"display_name":"admin","author_link":"https:\/\/bonnettperu.net\/wp56\/author\/"},"uagb_comment_info":1,"uagb_excerpt":"Ficha T\u00e9cnica_V\u00e1lvula_Bola_90 La v\u00e1lvula de esfera Ideal paso total, esta indicada\u00a0para el uso en instalaciones hidr\u00e1ulicas, de calefacci\u00f3n, de acondicionamiento y neum\u00e1ticas.","_links":{"self":[{"href":"https:\/\/bonnettperu.net\/wp56\/wp-json\/wp\/v2\/product\/1622"}],"collection":[{"href":"https:\/\/bonnettperu.net\/wp56\/wp-json\/wp\/v2\/product"}],"about":[{"href":"https:\/\/bonnettperu.net\/wp56\/wp-json\/wp\/v2\/types\/product"}],"replies":[{"embeddable":true,"href":"https:\/\/bonnettperu.net\/wp56\/wp-json\/wp\/v2\/comments?post=1622"}],"wp:featuredmedia":[{"embeddable":true,"href":"https:\/\/bonnettperu.net\/wp56\/wp-json\/wp\/v2\/media\/1623"}],"wp:attachment":[{"href":"https:\/\/bonnettperu.net\/wp56\/wp-json\/wp\/v2\/media?parent=1622"}],"wp:term":[{"taxonomy":"product_cat","embeddable":true,"href":"https:\/\/bonnettperu.net\/wp56\/wp-json\/wp\/v2\/product_cat?post=1622"},{"taxonomy":"product_tag","embeddable":true,"href":"https:\/\/bonnettperu.net\/wp56\/wp-json\/wp\/v2\/product_tag?post=1622"}],"curies":[{"name":"wp","href":"https:\/\/api.w.org\/{rel}","templated":true}]}}