{"id":2495,"date":"2022-09-13T14:36:03","date_gmt":"2022-09-13T14:36:03","guid":{"rendered":"http:\/\/bonnettperu.net\/wp56\/?page_id=2495"},"modified":"2022-09-27T14:44:12","modified_gmt":"2022-09-27T14:44:12","slug":"politica-de-tratamiento-de-datos","status":"publish","type":"page","link":"https:\/\/bonnettperu.net\/wp56\/politica-de-tratamiento-de-datos\/","title":{"rendered":""},"content":{"rendered":"\n<h1 class=\"has-text-align-center wp-block-heading\">Pol\u00edtica de tratamiento de datos<\/h1>\n\n\n\n<p>POL\u00cdTICA DE PRIVACIDAD Y DE USO DATOS PERSONALES<\/p>\n\n\n\n<p><strong>1. INTRODUCCI\u00d3N:<\/strong><\/p>\n\n\n\n<p>Mediante la presente Pol\u00edtica de Privacidad, GRUPO BONNETT S.A., con RUC 20117331823 empresa domiciliada en Jr. Domingo Martinez Luj\u00e1n N\u00ba 1155, Distrito de Surquillo, Provincia y Departamento de Lima, Rep\u00f9blica del Per\u00fa, en adelante \u201cLa Empresa\u201d tiene el compromiso y responsabilidad de proteger la privacidad de los datos personales e informaci\u00f3n personal que sea recopilada a trav\u00e9s de nuestro sitio web&nbsp;www.grupobonnett.com &nbsp;en adelante \u201cLa P\u00e1gina\u201d.<\/p>\n\n\n\n<p>La Empresa puede modificar la presente Pol\u00edtica de Privacidad con la finalidad de actualizar su contenido en cumplimiento con nueva normativa o lineamientos internos. La fecha de actualizaci\u00f3n indicada en la cl\u00e1usula final de&nbsp;este documento reflejar\u00e1 si se realizaron cambios. Recomendamos a los usuarios de \u201cLa P\u00e1gina\u201d&nbsp;&nbsp; revisar&nbsp; de manera peri\u00f3dica los alcances de la pol\u00edtica de privacidad de La Empresa.<\/p>\n\n\n\n<p><strong>2. OBJETIVO DE LA POL\u00cdTICA:<\/strong><\/p>\n\n\n\n<p>El objetivo de esta pol\u00edtica de privacidad es dar a conocer a sus usuarios los alcances de la recopilaci\u00f3n, tratamiento y protecci\u00f3n de los datos personales que son proporcionados a trav\u00e9s de Internet.<\/p>\n\n\n\n<p><strong>3. RECOPILACI\u00d3N DE DATOS PERSONALES:<\/strong><\/p>\n\n\n\n<p>La informaci\u00f3n o datos personales que La Empresa recopila mediante \u201cLa P\u00e1gina\u201d, se realiza a trav\u00e9s de los siguientes mecanismos:<\/p>\n\n\n\n<p>Secci\u00f3n Formulario de Contacto, Suscr\u00ecbete, Chat y Redes Sociales (Facebook, Twitter, Instagram, etc) u otros canales de comunicaci\u00f2n que apliquen: La informaci\u00f3n recopilada a trav\u00e9s de nuestra estas secciones ser\u00e1 con la finalidad de absolver las dudas y enviar informaci\u00f3n respecto a los productos que comercializa La Empresa a trav\u00e9s de \u201cLa P\u00e1gina\u201d.<\/p>\n\n\n\n<p>Secci\u00f3n \u201cFormulario de Contacto\u201d: Es la secci\u00f2n de la p\u00e0gina a trav\u00e8s de la cual El Usuario puede solicitar informaci\u00f2n, absolver sus consultas o solicitar cotizaciones sobre los productos y\/o servicios que la Empresa comercialilza.<\/p>\n\n\n\n<p>Secci\u00f3n \u201cSuscr\u00ecbete\u201d: Es para que El Usuario se inscriba o proporcione sus datos de contacto y\/o correo el\u00e8ctr\u00f2nico. El Usuario podr\u00e0 recibir un newsletter con informaci\u00f2n sobre Grupo Bonnett S.A. como invitaciones, lanzamientos de nuevos productos, art\u00ecculos, promociones, ofertas, publicidad, etc.<\/p>\n\n\n\n<p>Secci\u00f2n Chat: Es un canal de comunicaci\u00f2n inmediata siempre que haya un asesor disponible para atender en l\u00ecnea al Usuario, caso contrario su consulta ir\u00e0 a una bandeja y esta ser\u00e0 resuelta de acuerdo a disponibilidad.<\/p>\n\n\n\n<p>Redes Sociales (Facebook, Twitter, Instagram, etc.) u otros canales de comunicaci\u00f2n: Son canales de comunicaci\u00f2n a trav\u00e8s de la cuales el Usuario puede enviar consultas, dudas, solicitar solicitaciones, servicios y ser\u00e0 derivado al asesor o especialista correspondiente.<\/p>\n\n\n\n<p>Cookies de an\u00e1lisis estad\u00edstico: La informaci\u00f3n recopilada mediante los cookies de an\u00e1lisis estad\u00edstico ser\u00e1 con&nbsp; la finalidad de medir el n\u00famero de visitantes y as\u00ed realizar el an\u00e1lisis de la utilizaci\u00f3n que hacen los usuarios de \u201cLa P\u00e1gina\u201d. La finalidad de este an\u00e1lisis ser\u00e1 mejorar la oferta de productos comercializados en \u201cLa P\u00e1gina\u201d por Grupo Bonnett S.A. a sus usuarios, clientes y la mejora de la experiencia interactiva de los usuarios de \u201cLa P\u00e1gina\u201d.<\/p>\n\n\n\n<p>Adicionalmente, podremos contactar a los usuarios&nbsp; durante las visitas a \u201cLa P\u00e1gina\u201d para que de manera voluntaria respondan a cuestionarios o encuestas con la finalidad de conocer su opini\u00f3n respecto de&nbsp; \u201cLa P\u00e1gina\u201d y\/o productos comercializados por Grupo Bonnett S.A.<\/p>\n\n\n\n<p><strong>4. FINALIDAD:<\/strong><\/p>\n\n\n\n<p>En adici\u00f3n a lo indicado en la cl\u00e1usula anterior, La Empresa recopila datos personales de &nbsp;los Usuarios de \u201cLa P\u00e1gina\u201d con la finalidad de:<\/p>\n\n\n\n<p>Brindar informaci\u00f3n sobre los productos que comercializa.<\/p>\n\n\n\n<p>Responder las consultas sobre los productos.<\/p>\n\n\n\n<p>Mejorar la experiencia del Usuario en \u201cLa P\u00e1gina\u201d.<\/p>\n\n\n\n<p>Mantener un Archivo Interno.<\/p>\n\n\n\n<p>Enviar emails sobre los productos, servicios, eventos &nbsp;e informaci\u00f3n de inter\u00e9s.<\/p>\n\n\n\n<p>Contactar a los usuarios para fines investigaci\u00f3n en marketing.<\/p>\n\n\n\n<p>Personalizar \u201cLa P\u00e1gina\u201d de acuerdo a las necesidades y preferencias del Usuario.<\/p>\n\n\n\n<p><strong>5. TRANSFERENCIA DE DATOS PERSONALES:<\/strong><\/p>\n\n\n\n<p>La Empresa no compartir\u00e1 su informaci\u00f3n con terceros si el Usuario no lo autoriza de manera expresa.<\/p>\n\n\n\n<p>Sin embargo, es importante indicar que los datos personales de los Usuarios podr\u00e1n ser comunicados por transferencia a las entidades administrativas, autoridades judiciales y\/o policiales, siempre y cuando est\u00e9 establecido por Ley.<\/p>\n\n\n\n<p><strong>6. CONFIDENCIALIDAD:<\/strong><\/p>\n\n\n\n<p>Los datos personales facilitados por los Usuarios ser\u00e1n tratados con total confidencialidad. &nbsp;La Empresa se compromete a adoptar medidas de seguridad &nbsp;respecto de los mismos.<\/p>\n\n\n\n<p><strong>7. SEGURIDAD:<\/strong><\/p>\n\n\n\n<p>En cumplimiento de la normativa vigente La Empresa ha adoptado las medidas de seguridad y confidencialidad apropiadas a la categor\u00eda de los datos personales, necesarias para mantener el nivel de seguridad requerido con el objetivo de evitar la alteraci\u00f3n, p\u00e9rdida o el tratamiento o accesos no autorizados que puedan afectar a la integridad, confidencialidad y disponibilidad de la informaci\u00f3n.<\/p>\n\n\n\n<p>A pesar de nuestros mejores esfuerzos para garantizar la seguridad de a los Usuarios, existen amenazas provenientes de terceros que originan que La Empresa no pueda garantizar totalmente la seguridad contra todas las amenazas durante el tr\u00e1nsito hasta La P\u00e1gina. En tal sentido, toda la informaci\u00f3n que los Usuarios proporcionen, se enviar\u00e1 por su cuenta y riesgo.<\/p>\n\n\n\n<p><strong>8. EJERCICIO DE DERECHOS:<\/strong><\/p>\n\n\n\n<p>Los usuarios que hayan proporcionado datos personales a La Empresa podr\u00e1n ejercer sus derechos de informaci\u00f3n, acceso, actualizaci\u00f3n, inclusi\u00f3n, rectificaci\u00f3n y supresi\u00f3n, de impedir el suministro de sus datos personales, de oposici\u00f3n al tratamiento o de tratamiento objetivo de los datos, en los t\u00e9rminos se\u00f1alados en la Ley 29733 y en su norma reglamentaria. Para ello deber\u00e1n dirigirse al correo electr\u00f3nico (info@grupobonnett.com) de contacto provisto en \u201cLa P\u00e1gina\u201d.<\/p>\n\n\n\n<p><strong>9. MENORES DE EDAD:<\/strong><\/p>\n\n\n\n<p>La P\u00e1gina no est\u00e1 dise\u00f1ada para menores de 18 a\u00f1os. En caso, La Empresa tome conocimiento que se han recogido datos personales de un menor de edad sin autorizaci\u00f3n, se adoptar\u00e1n las medidas necesarias para eliminar estos datos lo antes posible.<\/p>\n\n\n\n<p><strong>10. CONSENTIMIENTO:<\/strong><\/p>\n\n\n\n<p>Al aceptar esta Pol\u00edtica de Privacidad, los Usuarios est\u00e1n de acuerdo con todos los aspectos expuestos en este documento y nos autorizan a tratar sus datos de car\u00e1cter personal para las finalidades expuestas anteriormente.<\/p>\n\n\n\n<p><strong>11. VIGENCIA Y MODIFICACI\u00d3N DE LA POL\u00cdTICA DE PRIVACIDAD:<\/strong><\/p>\n\n\n\n<p>La Pol\u00edtica de Privacidad de La Empresa fue actualizada el 5 de setiembre&nbsp; del 2019.<\/p>\n\n\n\n<p>La Empresa se reserva el derecho a modificar la presente Pol\u00edtica de Privacidad en el supuesto de que exista un cambio en la normativa que regula la materia o debido al cambio en lineamientos de la empresa. Si se introdujera alg\u00fan cambio en esta Pol\u00edtica, el nuevo texto se publicar\u00e1 en \u201cLa P\u00e1gina\u201d.<\/p>\n","protected":false},"excerpt":{"rendered":"<p>Pol\u00edtica de tratamiento de datos POL\u00cdTICA DE PRIVACIDAD Y DE USO DATOS PERSONALES 1. INTRODUCCI\u00d3N: Mediante la presente Pol\u00edtica de Privacidad, GRUPO BONNETT S.A., con RUC 20117331823 empresa domiciliada en Jr. Domingo Martinez Luj\u00e1n N\u00ba 1155, Distrito de Surquillo, Provincia y Departamento de Lima, Rep\u00f9blica del Per\u00fa, en adelante \u201cLa Empresa\u201d tiene el compromiso y &hellip;<\/p>\n<p class=\"read-more\"> <a class=\"\" href=\"https:\/\/bonnettperu.net\/wp56\/politica-de-tratamiento-de-datos\/\">  Leer m\u00e1s &raquo;<\/a><\/p>\n","protected":false},"author":1,"featured_media":0,"parent":0,"menu_order":0,"comment_status":"closed","ping_status":"closed","template":"","meta":{"_uag_custom_page_level_css":"","site-sidebar-layout":"default","site-content-layout":"default","ast-global-header-display":"","ast-banner-title-visibility":"","ast-main-header-display":"","ast-hfb-above-header-display":"","ast-hfb-below-header-display":"","ast-hfb-mobile-header-display":"","site-post-title":"disabled","ast-breadcrumbs-content":"","ast-featured-img":"","footer-sml-layout":"","theme-transparent-header-meta":"","adv-header-id-meta":"","stick-header-meta":"","header-above-stick-meta":"","header-main-stick-meta":"","header-below-stick-meta":""},"uagb_featured_image_src":{"full":false,"thumbnail":false,"medium":false,"medium_large":false,"large":false,"gswps_product_thumb":false,"1536x1536":false,"2048x2048":false,"woocommerce_thumbnail":false,"woocommerce_single":false,"woocommerce_gallery_thumbnail":false,"dgwt-wcas-product-suggestion":false},"uagb_author_info":{"display_name":"admin","author_link":"https:\/\/bonnettperu.net\/wp56\/author\/admin\/"},"uagb_comment_info":0,"uagb_excerpt":"Pol\u00edtica de tratamiento de datos POL\u00cdTICA DE PRIVACIDAD Y DE USO DATOS PERSONALES 1. INTRODUCCI\u00d3N: Mediante la presente Pol\u00edtica de Privacidad, GRUPO BONNETT S.A., con RUC 20117331823 empresa domiciliada en Jr. Domingo Martinez Luj\u00e1n N\u00ba 1155, Distrito de Surquillo, Provincia y Departamento de Lima, Rep\u00f9blica del Per\u00fa, en adelante \u201cLa Empresa\u201d tiene el compromiso y&hellip;","_links":{"self":[{"href":"https:\/\/bonnettperu.net\/wp56\/wp-json\/wp\/v2\/pages\/2495"}],"collection":[{"href":"https:\/\/bonnettperu.net\/wp56\/wp-json\/wp\/v2\/pages"}],"about":[{"href":"https:\/\/bonnettperu.net\/wp56\/wp-json\/wp\/v2\/types\/page"}],"author":[{"embeddable":true,"href":"https:\/\/bonnettperu.net\/wp56\/wp-json\/wp\/v2\/users\/1"}],"replies":[{"embeddable":true,"href":"https:\/\/bonnettperu.net\/wp56\/wp-json\/wp\/v2\/comments?post=2495"}],"version-history":[{"count":3,"href":"https:\/\/bonnettperu.net\/wp56\/wp-json\/wp\/v2\/pages\/2495\/revisions"}],"predecessor-version":[{"id":3366,"href":"https:\/\/bonnettperu.net\/wp56\/wp-json\/wp\/v2\/pages\/2495\/revisions\/3366"}],"wp:attachment":[{"href":"https:\/\/bonnettperu.net\/wp56\/wp-json\/wp\/v2\/media?parent=2495"}],"curies":[{"name":"wp","href":"https:\/\/api.w.org\/{rel}","templated":true}]}}