{"id":2489,"date":"2022-09-13T14:31:44","date_gmt":"2022-09-13T14:31:44","guid":{"rendered":"http:\/\/bonnettperu.net\/wp56\/?page_id=2489"},"modified":"2022-09-27T14:41:19","modified_gmt":"2022-09-27T14:41:19","slug":"2489-2","status":"publish","type":"page","link":"https:\/\/bonnettperu.net\/wp56\/2489-2\/","title":{"rendered":""},"content":{"rendered":"\n<h2 class=\"has-text-align-center wp-block-heading\">Pol\u00edticas de Calidad<\/h2>\n\n\n\n<p>Grupo Bonnett S.A., es una organizaci\u00f3n dedicada a la comercializaci\u00f3n de equipos y accesorios para movimiento de fluidos para todo tipo de industrias, de construcci\u00f3n, agricultura, miner\u00eda e industria en general y tiene como Pol\u00edtica de Calidad, satisfacer las expectativas de nuestros Clientes manteniendo un alto est\u00e1ndar de calidad de nuestros bienes y servicios.<\/p>\n\n\n\n<p>La Direcci\u00f3n promueve y respalda de forma visible y rigurosa la implementaci\u00f3n de esta pol\u00edtica, a trav\u00e9s de:<\/p>\n\n\n\n<ul><li>El cumplimiento de todos los requisitos aplicables y otros compromisos que la organizaci\u00f3n asuma.<\/li><li>Promoviendo y asignando recursos suficientes para la capacitaci\u00f3n t\u00e9cnica, entrenamiento en el desarrollo de las habilidades y competencias de los colaboradores, as\u00ed como en la sensibilizaci\u00f3n constante con asuntos relacionados con el sistema de gesti\u00f3n de calidad.<\/li><li>Entregar los bienes y servicios a nuestros clientes en forma eficiente para alcanzar el m\u00e1ximo nivel de satisfacci\u00f3n y propender la mejora continua en el desarrollo de las operaciones de la empresa.<\/li><\/ul>\n\n\n\n<p>La presente pol\u00edtica estar\u00e1 disponible, ser\u00e1 conocida por los miembros de la organizaci\u00f3n, estar\u00e1 a disposici\u00f3n de las partes interesadas y ser\u00e1 revisada para su continua adecuaci\u00f3n.<\/p>\n\n\n\n<p>GRUPO BONNETT S.A. es una empresa \u00e9tica, que respeta las normas legales y act\u00faa con responsabilidad social.<\/p>\n\n\n\n<p>Direcci\u00f3n General<\/p>\n","protected":false},"excerpt":{"rendered":"<p>Pol\u00edticas de Calidad Grupo Bonnett S.A., es una organizaci\u00f3n dedicada a la comercializaci\u00f3n de equipos y accesorios para movimiento de fluidos para todo tipo de industrias, de construcci\u00f3n, agricultura, miner\u00eda e industria en general y tiene como Pol\u00edtica de Calidad, satisfacer las expectativas de nuestros Clientes manteniendo un alto est\u00e1ndar de calidad de nuestros bienes &hellip;<\/p>\n<p class=\"read-more\"> <a class=\"\" href=\"https:\/\/bonnettperu.net\/wp56\/2489-2\/\">  Leer m\u00e1s &raquo;<\/a><\/p>\n","protected":false},"author":1,"featured_media":0,"parent":0,"menu_order":0,"comment_status":"closed","ping_status":"closed","template":"","meta":{"_uag_custom_page_level_css":"","site-sidebar-layout":"default","site-content-layout":"default","ast-global-header-display":"","ast-banner-title-visibility":"","ast-main-header-display":"","ast-hfb-above-header-display":"","ast-hfb-below-header-display":"","ast-hfb-mobile-header-display":"","site-post-title":"disabled","ast-breadcrumbs-content":"","ast-featured-img":"","footer-sml-layout":"","theme-transparent-header-meta":"","adv-header-id-meta":"","stick-header-meta":"","header-above-stick-meta":"","header-main-stick-meta":"","header-below-stick-meta":""},"uagb_featured_image_src":{"full":false,"thumbnail":false,"medium":false,"medium_large":false,"large":false,"gswps_product_thumb":false,"1536x1536":false,"2048x2048":false,"woocommerce_thumbnail":false,"woocommerce_single":false,"woocommerce_gallery_thumbnail":false,"dgwt-wcas-product-suggestion":false},"uagb_author_info":{"display_name":"admin","author_link":"https:\/\/bonnettperu.net\/wp56\/author\/admin\/"},"uagb_comment_info":0,"uagb_excerpt":"Pol\u00edticas de Calidad Grupo Bonnett S.A., es una organizaci\u00f3n dedicada a la comercializaci\u00f3n de equipos y accesorios para movimiento de fluidos para todo tipo de industrias, de construcci\u00f3n, agricultura, miner\u00eda e industria en general y tiene como Pol\u00edtica de Calidad, satisfacer las expectativas de nuestros Clientes manteniendo un alto est\u00e1ndar de calidad de nuestros bienes&hellip;","_links":{"self":[{"href":"https:\/\/bonnettperu.net\/wp56\/wp-json\/wp\/v2\/pages\/2489"}],"collection":[{"href":"https:\/\/bonnettperu.net\/wp56\/wp-json\/wp\/v2\/pages"}],"about":[{"href":"https:\/\/bonnettperu.net\/wp56\/wp-json\/wp\/v2\/types\/page"}],"author":[{"embeddable":true,"href":"https:\/\/bonnettperu.net\/wp56\/wp-json\/wp\/v2\/users\/1"}],"replies":[{"embeddable":true,"href":"https:\/\/bonnettperu.net\/wp56\/wp-json\/wp\/v2\/comments?post=2489"}],"version-history":[{"count":7,"href":"https:\/\/bonnettperu.net\/wp56\/wp-json\/wp\/v2\/pages\/2489\/revisions"}],"predecessor-version":[{"id":3367,"href":"https:\/\/bonnettperu.net\/wp56\/wp-json\/wp\/v2\/pages\/2489\/revisions\/3367"}],"wp:attachment":[{"href":"https:\/\/bonnettperu.net\/wp56\/wp-json\/wp\/v2\/media?parent=2489"}],"curies":[{"name":"wp","href":"https:\/\/api.w.org\/{rel}","templated":true}]}}